{"id":34736,"date":"2023-12-22T15:56:23","date_gmt":"2023-12-22T15:56:23","guid":{"rendered":"https:\/\/e.kosmolat.eu\/product\/lv-kosmetikas-ota-nr-16-pudera-teksturam\/"},"modified":"2025-09-19T18:49:05","modified_gmt":"2025-09-19T18:49:05","slug":"lv-kosmetikas-ota-nr-16-pudera-teksturam","status":"publish","type":"product","link":"https:\/\/e.kosmolat.eu\/lv\/product\/lv-kosmetikas-ota-nr-16-pudera-teksturam\/","title":{"rendered":"LV Kosm\u0113tikas ota Nr 16 p\u016bdera tekst\u016br\u0101m"},"content":{"rendered":"<p>Ar otas Nr.16 pal\u012bdz\u012bbu tagad ir iesp\u0113jams veikt profesion\u0101lu grimu tie\u0161i m\u0101j\u0101s. Otas m\u012bksta tekst\u016bra \u013cauj uzkl\u0101t pl\u0101nu pulvera k\u0101rtu un lieliski nostiprina aplauzumu. Otas apa\u013ca forma \u013cauj neticami viegli un vienm\u0113r\u012bgi uzkl\u0101t pulveri un citus izstr\u0101d\u0101jumus.&nbsp;\n<\/p>\n<p>Piem\u0113rota visiem birsto\u0161ajiem p\u016bderiem, bronzeriem, kompaktajiem p\u016bderiem un vaigu s\u0101rtumiem. Pietiek ar p\u0101ris sitieniem, lai seju p\u0101rkl\u0101tu ar neredzamu pl\u012bvuru, kas var padar\u012bt j\u016bs v\u0113l pievilc\u012bg\u0101ku!<\/p>\n","protected":false},"excerpt":{"rendered":"<p>Ar otas Nr.16 pal\u012bdz\u012bbu tagad ir iesp\u0113jams veikt profesion\u0101lu grimu tie\u0161i m\u0101j\u0101s. Otas m\u012bksta tekst\u016bra \u013cauj uzkl\u0101t pl\u0101nu pulvera k\u0101rtu un lieliski nostiprina aplauzumu. Otas apa\u013ca forma \u013cauj neticami viegli un vienm\u0113r\u012bgi uzkl\u0101t pulveri un citus izstr\u0101d\u0101jumus.&nbsp; Piem\u0113rota visiem birsto\u0161ajiem p\u016bderiem, bronzeriem, kompaktajiem p\u016bderiem un vaigu s\u0101rtumiem. Pietiek ar p\u0101ris sitieniem, lai seju p\u0101rkl\u0101tu ar [&#8230;]\n","protected":false},"featured_media":82166,"template":"","meta":[],"product_cat":[1546],"product_tag":[],"class_list":{"0":"post-34736","1":"product","2":"type-product","3":"status-publish","4":"has-post-thumbnail","6":"product_brand-lux-visage_by","7":"product_cat-otinas","9":"first","10":"outofstock","11":"taxable","12":"shipping-taxable","13":"product-type-simple"},"_links":{"self":[{"href":"https:\/\/e.kosmolat.eu\/lv\/wp-json\/wp\/v2\/product\/34736","targetHints":{"allow":["GET"]}}],"collection":[{"href":"https:\/\/e.kosmolat.eu\/lv\/wp-json\/wp\/v2\/product"}],"about":[{"href":"https:\/\/e.kosmolat.eu\/lv\/wp-json\/wp\/v2\/types\/product"}],"wp:featuredmedia":[{"embeddable":true,"href":"https:\/\/e.kosmolat.eu\/lv\/wp-json\/wp\/v2\/media\/82166"}],"wp:attachment":[{"href":"https:\/\/e.kosmolat.eu\/lv\/wp-json\/wp\/v2\/media?parent=34736"}],"wp:term":[{"taxonomy":"product_cat","embeddable":true,"href":"https:\/\/e.kosmolat.eu\/lv\/wp-json\/wp\/v2\/product_cat?post=34736"},{"taxonomy":"product_tag","embeddable":true,"href":"https:\/\/e.kosmolat.eu\/lv\/wp-json\/wp\/v2\/product_tag?post=34736"}],"curies":[{"name":"wp","href":"https:\/\/api.w.org\/{rel}","templated":true}]}}