{"id":34724,"date":"2023-12-22T15:55:24","date_gmt":"2023-12-22T15:55:24","guid":{"rendered":"https:\/\/e.kosmolat.eu\/product\/lv-pin-up-ultra-matte-207-tonis-lupu-zimulis\/"},"modified":"2025-09-19T20:00:33","modified_gmt":"2025-09-19T20:00:33","slug":"lv-pin-up-ultra-matte-207-tonis-lupu-zimulis-1-75-g","status":"publish","type":"product","link":"https:\/\/e.kosmolat.eu\/lv\/product\/lv-pin-up-ultra-matte-207-tonis-lupu-zimulis-1-75-g\/","title":{"rendered":"LV PIN-UP ultra matte  207 tonis, L\u016bpu z\u012bmulis, 1.75 g"},"content":{"rendered":"<p>&nbsp;<\/p>\n<p>Pateicoties maigajai kr\u0113mveida tekst\u016brai, &scaron;is produkts ir viegli un \u0101tri uzkl\u0101jams, lieliski atk\u0101rtojot l\u016bpu kont\u016bras un atst\u0101jot pies\u0101tin\u0101tu kr\u0101su l\u012bniju. M\u012bkstais pl\u0101nais svins viegli sl\u012bd uz \u0101das, nesaskr\u0101p\u0113 un nekairina l\u016bpu pl\u0101nu \u0101du.<\/p>\n<p>Hohobas e\u013c\u013ca un kokvilnas s\u0113klu e\u013c\u013ca mitrina un baro l\u016bpu maigo \u0101du, padarot to maigu un mitrin\u0101tu. Dabiskie antioksidanti &#8211; vitam\u012bni E un C &#8211; stimul\u0113 &scaron;\u016bnu atjauno&scaron;anos un aizsarg\u0101 pret s\u012bku grumbu veido&scaron;anos.<\/p>\n<p>Nesatur miner\u0101le\u013c\u013cu, paraf\u012bnu, dz\u012bvnieku izcelsmes produktus un konservantus!<\/p>\n<p>DERMATOLO\u0122ISKI P\u0100RBAUD\u012aTI UN APSTIPRIN\u0100TI.<\/p>\n<p>Uzman\u012bbu! Displeja kr\u0101sas var at&scaron;\u0137irties no faktisk\u0101s izstr\u0101d\u0101juma kr\u0101sas.<\/p>\n","protected":false},"excerpt":{"rendered":"<p>&nbsp; Pateicoties maigajai kr\u0113mveida tekst\u016brai, &scaron;is produkts ir viegli un \u0101tri uzkl\u0101jams, lieliski atk\u0101rtojot l\u016bpu kont\u016bras un atst\u0101jot pies\u0101tin\u0101tu kr\u0101su l\u012bniju. M\u012bkstais pl\u0101nais svins viegli sl\u012bd uz \u0101das, nesaskr\u0101p\u0113 un nekairina l\u016bpu pl\u0101nu \u0101du. Hohobas e\u013c\u013ca un kokvilnas s\u0113klu e\u013c\u013ca mitrina un baro l\u016bpu maigo \u0101du, padarot to maigu un mitrin\u0101tu. Dabiskie antioksidanti &#8211; vitam\u012bni [&#8230;]\n","protected":false},"featured_media":83474,"template":"","meta":[],"product_cat":[1285],"product_tag":[],"class_list":{"0":"post-34724","1":"product","2":"type-product","3":"status-publish","4":"has-post-thumbnail","6":"product_brand-lux-visage_by","7":"product_cat-lupu-zimuli","9":"first","10":"outofstock","11":"taxable","12":"shipping-taxable","13":"product-type-simple"},"_links":{"self":[{"href":"https:\/\/e.kosmolat.eu\/lv\/wp-json\/wp\/v2\/product\/34724","targetHints":{"allow":["GET"]}}],"collection":[{"href":"https:\/\/e.kosmolat.eu\/lv\/wp-json\/wp\/v2\/product"}],"about":[{"href":"https:\/\/e.kosmolat.eu\/lv\/wp-json\/wp\/v2\/types\/product"}],"wp:featuredmedia":[{"embeddable":true,"href":"https:\/\/e.kosmolat.eu\/lv\/wp-json\/wp\/v2\/media\/83474"}],"wp:attachment":[{"href":"https:\/\/e.kosmolat.eu\/lv\/wp-json\/wp\/v2\/media?parent=34724"}],"wp:term":[{"taxonomy":"product_cat","embeddable":true,"href":"https:\/\/e.kosmolat.eu\/lv\/wp-json\/wp\/v2\/product_cat?post=34724"},{"taxonomy":"product_tag","embeddable":true,"href":"https:\/\/e.kosmolat.eu\/lv\/wp-json\/wp\/v2\/product_tag?post=34724"}],"curies":[{"name":"wp","href":"https:\/\/api.w.org\/{rel}","templated":true}]}}