{"id":34704,"date":"2023-12-22T15:53:46","date_gmt":"2023-12-22T15:53:46","guid":{"rendered":"https:\/\/e.kosmolat.eu\/product\/lv-uzacu-zeleja-fiksators-uzacim-brow-fixing\/"},"modified":"2025-09-19T18:21:46","modified_gmt":"2025-09-19T18:21:46","slug":"lv-uzacu-zeleja-fiksators-uzacim-brow-fixing-5-5-g","status":"publish","type":"product","link":"https:\/\/e.kosmolat.eu\/lv\/product\/lv-uzacu-zeleja-fiksators-uzacim-brow-fixing-5-5-g\/","title":{"rendered":"LV  Uzacu \u017deleja-fiksators uzac\u012bm Brow Fixing, 5.5 g"},"content":{"rendered":"<p>Notur\u012bg\u0101 g\u0113la tekst\u016bra \u0101tri no\u017e\u016bst un k\u013c\u016bst neredzama, neatst\u0101j lip\u012bgu saj\u016btu. \u012apa&scaron;a stilista birst\u012bte profesion\u0101li model\u0113 un lieliski form\u0113 uzacu formu. Pateicoties caursp\u012bd\u012bgajai kr\u0101sai, g\u0113la fiks\u0101tors ir ide\u0101li piem\u0113rots jebkura veida uzac\u012bm.<\/p>\n","protected":false},"excerpt":{"rendered":"<p>Notur\u012bg\u0101 g\u0113la tekst\u016bra \u0101tri no\u017e\u016bst un k\u013c\u016bst neredzama, neatst\u0101j lip\u012bgu saj\u016btu. \u012apa&scaron;a stilista birst\u012bte profesion\u0101li model\u0113 un lieliski form\u0113 uzacu formu. Pateicoties caursp\u012bd\u012bgajai kr\u0101sai, g\u0113la fiks\u0101tors ir ide\u0101li piem\u0113rots jebkura veida uzac\u012bm.<\/p>\n","protected":false},"featured_media":81706,"template":"","meta":[],"product_cat":[1506],"product_tag":[],"class_list":{"0":"post-34704","1":"product","2":"type-product","3":"status-publish","4":"has-post-thumbnail","6":"product_brand-lux-visage_by","7":"product_cat-uzacim","9":"first","10":"outofstock","11":"taxable","12":"shipping-taxable","13":"product-type-simple"},"_links":{"self":[{"href":"https:\/\/e.kosmolat.eu\/lv\/wp-json\/wp\/v2\/product\/34704","targetHints":{"allow":["GET"]}}],"collection":[{"href":"https:\/\/e.kosmolat.eu\/lv\/wp-json\/wp\/v2\/product"}],"about":[{"href":"https:\/\/e.kosmolat.eu\/lv\/wp-json\/wp\/v2\/types\/product"}],"wp:featuredmedia":[{"embeddable":true,"href":"https:\/\/e.kosmolat.eu\/lv\/wp-json\/wp\/v2\/media\/81706"}],"wp:attachment":[{"href":"https:\/\/e.kosmolat.eu\/lv\/wp-json\/wp\/v2\/media?parent=34704"}],"wp:term":[{"taxonomy":"product_cat","embeddable":true,"href":"https:\/\/e.kosmolat.eu\/lv\/wp-json\/wp\/v2\/product_cat?post=34704"},{"taxonomy":"product_tag","embeddable":true,"href":"https:\/\/e.kosmolat.eu\/lv\/wp-json\/wp\/v2\/product_tag?post=34704"}],"curies":[{"name":"wp","href":"https:\/\/api.w.org\/{rel}","templated":true}]}}