{"id":34684,"date":"2023-12-22T15:52:27","date_gmt":"2023-12-22T15:52:27","guid":{"rendered":"https:\/\/e.kosmolat.eu\/product\/lv-acu-zimulis-14-tonis\/"},"modified":"2025-09-19T18:21:24","modified_gmt":"2025-09-19T18:21:24","slug":"lv-acu-zimulis-14-tonis-1-75-g","status":"publish","type":"product","link":"https:\/\/e.kosmolat.eu\/lv\/product\/lv-acu-zimulis-14-tonis-1-75-g\/","title":{"rendered":"LV Acu z\u012bmulis, 14 tonis, 1.75 g"},"content":{"rendered":"<p>LUXVISAGE acu z\u012bmu\u013cu kolekcija ir j\u016bsu slepenais ierocis notur\u012bga, izteiksm\u012bga grima izveido\u0161anai. Tas akcent\u0113s acu skatienu un pievienos kr\u0101sas akcentu j\u016bsu veidolam. Z\u012bmu\u013ca m\u012bkst\u0101 un bag\u0101t\u012bg\u0101 tekst\u016bra tiek perfekti uzkl\u0101ta un iekr\u0101sota.\n<\/p>\n<\/p>\n<p>Uzman\u012bbu! Displeja kr\u0101sas var at\u0161\u0137irties no faktisk\u0101s izstr\u0101d\u0101juma kr\u0101sas.<\/p>\n","protected":false},"excerpt":{"rendered":"<p>LUXVISAGE acu z\u012bmu\u013cu kolekcija ir j\u016bsu slepenais ierocis notur\u012bga, izteiksm\u012bga grima izveido\u0161anai. Tas akcent\u0113s acu skatienu un pievienos kr\u0101sas akcentu j\u016bsu veidolam. Z\u012bmu\u013ca m\u012bkst\u0101 un bag\u0101t\u012bg\u0101 tekst\u016bra tiek perfekti uzkl\u0101ta un iekr\u0101sota. Uzman\u012bbu! Displeja kr\u0101sas var at\u0161\u0137irties no faktisk\u0101s izstr\u0101d\u0101juma kr\u0101sas.<\/p>\n","protected":false},"featured_media":81698,"template":"","meta":[],"product_cat":[1265],"product_tag":[],"class_list":{"0":"post-34684","1":"product","2":"type-product","3":"status-publish","4":"has-post-thumbnail","6":"product_brand-lux-visage_by","7":"product_cat-1265","9":"first","10":"outofstock","11":"taxable","12":"shipping-taxable","13":"product-type-simple"},"_links":{"self":[{"href":"https:\/\/e.kosmolat.eu\/lv\/wp-json\/wp\/v2\/product\/34684","targetHints":{"allow":["GET"]}}],"collection":[{"href":"https:\/\/e.kosmolat.eu\/lv\/wp-json\/wp\/v2\/product"}],"about":[{"href":"https:\/\/e.kosmolat.eu\/lv\/wp-json\/wp\/v2\/types\/product"}],"wp:featuredmedia":[{"embeddable":true,"href":"https:\/\/e.kosmolat.eu\/lv\/wp-json\/wp\/v2\/media\/81698"}],"wp:attachment":[{"href":"https:\/\/e.kosmolat.eu\/lv\/wp-json\/wp\/v2\/media?parent=34684"}],"wp:term":[{"taxonomy":"product_cat","embeddable":true,"href":"https:\/\/e.kosmolat.eu\/lv\/wp-json\/wp\/v2\/product_cat?post=34684"},{"taxonomy":"product_tag","embeddable":true,"href":"https:\/\/e.kosmolat.eu\/lv\/wp-json\/wp\/v2\/product_tag?post=34684"}],"curies":[{"name":"wp","href":"https:\/\/api.w.org\/{rel}","templated":true}]}}