{"id":34620,"date":"2023-12-22T15:47:50","date_gmt":"2023-12-22T15:47:50","guid":{"rendered":"https:\/\/e.kosmolat.eu\/product\/tesla-baterijas-pr-312-dzirdes-aparatiem-pr312-pr41-blister-paper-6-gab\/"},"modified":"2026-03-31T19:30:40","modified_gmt":"2026-03-31T19:30:40","slug":"tesla-baterijas-pr-312-dzirdes-aparatiem-pr312-pr41-blister-paper-6-gab","status":"publish","type":"product","link":"https:\/\/e.kosmolat.eu\/lv\/product\/tesla-baterijas-pr-312-dzirdes-aparatiem-pr312-pr41-blister-paper-6-gab\/","title":{"rendered":"TESLA Baterijas PR 312 &#8211; Dzirdes apar\u0101tiem PR312 ( PR41 \/ BLISTER PAPER 6 gab.)"},"content":{"rendered":"<p>Baterijas dzirdes apar\u0101tiem. Piev\u0113rsiet uzman\u012bbu polarit\u0101tei. Neuzl\u0101d\u0113t. Neizjaukt. Nenor\u012bt. Nemest ugun\u012b. Izvair\u012bties no \u012bssavienojuma. Lai aktiviz\u0113tu baterijas no\u0146emiet aizsargiepakojumu. Uzglab\u0101t b\u0113rniem nepieejam\u0101 viet\u0101.\u00a0<\/p>\n","protected":false},"excerpt":{"rendered":"<p>Baterijas dzirdes apar\u0101tiem. Piev\u0113rsiet uzman\u012bbu polarit\u0101tei. Neuzl\u0101d\u0113t. Neizjaukt. Nenor\u012bt. Nemest ugun\u012b. Izvair\u012bties no \u012bssavienojuma. Lai aktiviz\u0113tu baterijas no\u0146emiet aizsargiepakojumu. Uzglab\u0101t b\u0113rniem nepieejam\u0101 viet\u0101.\u00a0<\/p>\n","protected":false},"featured_media":82486,"template":"","meta":[],"product_cat":[1727],"product_tag":[],"class_list":{"0":"post-34620","1":"product","2":"type-product","3":"status-publish","4":"has-post-thumbnail","6":"product_brand-tesla","7":"product_cat-1727","9":"first","10":"outofstock","11":"taxable","12":"shipping-taxable","13":"product-type-simple"},"_links":{"self":[{"href":"https:\/\/e.kosmolat.eu\/lv\/wp-json\/wp\/v2\/product\/34620","targetHints":{"allow":["GET"]}}],"collection":[{"href":"https:\/\/e.kosmolat.eu\/lv\/wp-json\/wp\/v2\/product"}],"about":[{"href":"https:\/\/e.kosmolat.eu\/lv\/wp-json\/wp\/v2\/types\/product"}],"wp:featuredmedia":[{"embeddable":true,"href":"https:\/\/e.kosmolat.eu\/lv\/wp-json\/wp\/v2\/media\/82486"}],"wp:attachment":[{"href":"https:\/\/e.kosmolat.eu\/lv\/wp-json\/wp\/v2\/media?parent=34620"}],"wp:term":[{"taxonomy":"product_cat","embeddable":true,"href":"https:\/\/e.kosmolat.eu\/lv\/wp-json\/wp\/v2\/product_cat?post=34620"},{"taxonomy":"product_tag","embeddable":true,"href":"https:\/\/e.kosmolat.eu\/lv\/wp-json\/wp\/v2\/product_tag?post=34620"}],"curies":[{"name":"wp","href":"https:\/\/api.w.org\/{rel}","templated":true}]}}