{"id":34608,"date":"2023-12-22T15:45:26","date_gmt":"2023-12-22T15:45:26","guid":{"rendered":"https:\/\/e.kosmolat.eu\/product\/lb-mutes-dobuma-skalos-lidz-bernu-no-7-gadiem-250-ml\/"},"modified":"2025-09-19T18:02:23","modified_gmt":"2025-09-19T18:02:23","slug":"lb-mutes-dobuma-skalos-lidz-bernu-no-7-gadiem-250-ml","status":"publish","type":"product","link":"https:\/\/e.kosmolat.eu\/lv\/product\/lb-mutes-dobuma-skalos-lidz-bernu-no-7-gadiem-250-ml\/","title":{"rendered":"LB Mutes dobuma skalo\u0161. l\u012bdz. &#8220;B\u0113rnu, no 7 gadiem&#8221;. 250 ml"},"content":{"rendered":"<\/p>\n<div>Izstr\u0101d\u0101ts b\u0113rnu zobu emaljas stiprin\u0101\u0161anai un aizsardz\u012bbas pret kariesu. Dubults kalcijs. Dab\u012bgs antibakteri\u0101ls magnolijas komplekss. Skalo\u0161anas l\u012bdzek\u013ca lieto\u0161ana p\u0113c zobu t\u012br\u012b\u0161anas pal\u012bdz uzlabot zobu t\u012br\u012b\u0161anas kvalit\u0101ti. Lieto\u0161ana: piepildiet v\u0101ci\u0146u ar skalot\u0101ju. R\u016bp\u012bgi noskalojiet mutes dobumu 30 sekun\u017eu garum\u0101. Lietot p\u0113c \u0113\u0161anas, pirms un p\u0113c zobu t\u012br\u012b\u0161anas ne ret\u0101k k\u0101 2 reizes dien\u0101. Satur n\u0101trija fluor\u012bdu. Nenor\u012bt. Nav \u0101rstniecisks l\u012bdzeklis. Lieto\u0161ana neatbr\u012bvo no stomatologa apmekl\u0113\u0161anas. Ir pie\u013caujamas nelielas nogulsnes sakar\u0101 ar sast\u0101v\u0101 eso\u0161\u0101m dab\u012bg\u0101m sast\u0101vda\u013c\u0101m. Neietekm\u0113 produkta kvalit\u0101ti.\n<\/div>\n<div><\/div>\n","protected":false},"excerpt":{"rendered":"<p>Izstr\u0101d\u0101ts b\u0113rnu zobu emaljas stiprin\u0101\u0161anai un aizsardz\u012bbas pret kariesu. Dubults kalcijs. Dab\u012bgs antibakteri\u0101ls magnolijas komplekss. Skalo\u0161anas l\u012bdzek\u013ca lieto\u0161ana p\u0113c zobu t\u012br\u012b\u0161anas pal\u012bdz uzlabot zobu t\u012br\u012b\u0161anas kvalit\u0101ti. Lieto\u0161ana: piepildiet v\u0101ci\u0146u ar skalot\u0101ju. R\u016bp\u012bgi noskalojiet mutes dobumu 30 sekun\u017eu garum\u0101. Lietot p\u0113c \u0113\u0161anas, pirms un p\u0113c zobu t\u012br\u012b\u0161anas ne ret\u0101k k\u0101 2 reizes dien\u0101. Satur n\u0101trija fluor\u012bdu. [&#8230;]\n","protected":false},"featured_media":81382,"template":"","meta":[],"product_cat":[1311],"product_tag":[],"class_list":{"0":"post-34608","1":"product","2":"type-product","3":"status-publish","4":"has-post-thumbnail","6":"product_brand-unilever-rus","7":"product_cat-mutes-skalotaji","9":"first","10":"outofstock","11":"taxable","12":"shipping-taxable","13":"product-type-simple"},"_links":{"self":[{"href":"https:\/\/e.kosmolat.eu\/lv\/wp-json\/wp\/v2\/product\/34608","targetHints":{"allow":["GET"]}}],"collection":[{"href":"https:\/\/e.kosmolat.eu\/lv\/wp-json\/wp\/v2\/product"}],"about":[{"href":"https:\/\/e.kosmolat.eu\/lv\/wp-json\/wp\/v2\/types\/product"}],"wp:featuredmedia":[{"embeddable":true,"href":"https:\/\/e.kosmolat.eu\/lv\/wp-json\/wp\/v2\/media\/81382"}],"wp:attachment":[{"href":"https:\/\/e.kosmolat.eu\/lv\/wp-json\/wp\/v2\/media?parent=34608"}],"wp:term":[{"taxonomy":"product_cat","embeddable":true,"href":"https:\/\/e.kosmolat.eu\/lv\/wp-json\/wp\/v2\/product_cat?post=34608"},{"taxonomy":"product_tag","embeddable":true,"href":"https:\/\/e.kosmolat.eu\/lv\/wp-json\/wp\/v2\/product_tag?post=34608"}],"curies":[{"name":"wp","href":"https:\/\/api.w.org\/{rel}","templated":true}]}}