{"id":34600,"date":"2023-12-22T15:44:39","date_gmt":"2023-12-22T15:44:39","guid":{"rendered":"https:\/\/e.kosmolat.eu\/product\/cl-auduma-sejas-maska-ideala-ada-vulkan-1-gab\/"},"modified":"2025-09-19T19:03:54","modified_gmt":"2025-09-19T19:03:54","slug":"cl-auduma-sejas-maska-ideala-ada-vulkan-1-gab","status":"publish","type":"product","link":"https:\/\/e.kosmolat.eu\/lv\/product\/cl-auduma-sejas-maska-ideala-ada-vulkan-1-gab\/","title":{"rendered":"CL Auduma sejas maska &#8220;Ide\u0101la \u0101da&#8221; VULKAN,  1 gab."},"content":{"rendered":"<p>Auduma maska problem\u0101tiskai \u0101dai, kurai ir tendence uz bl\u0101vumu un taukainu sp\u012bdumu. Vienm\u0113r\u012bgs, vesel\u012bgs sejas tonis. Akt\u012bvas sast\u0101vda\u013cas: eikalipts \u2013 nodro\u0161ina detoksa efektu un toniz\u0113. Cinks \u2013 pal\u012bdz regul\u0113t tauku dziedzeru darb\u012bbu. <\/p>\n<h4>Lieto\u0161ana: <\/h4>\n<p>1. Iz\u0146emiet masku un izv\u0113rsiet to. Uzkl\u0101jiet uz priek\u0161laic\u012bgi att\u012br\u012btas \u0101das. <\/p>\n<p>2. Izl\u012bdziniet masku pa sejas kont\u016br\u0101m, atst\u0101jiet uz 15-20 min\u016bt\u0113m. <\/p>\n<p>3. No\u0146emiet masku no sejas. Mas\u0101\u017eas kust\u012bb\u0101m izsm\u0113r\u0113jiet seruma p\u0101rpalikumus pa sejas, kakla un dekolt\u0113 zonas \u0101das. <\/p>\n<div>Ja rodas jut\u012bba uz k\u0101du no sast\u0101vda\u013c\u0101m \u2013 izbeigt lieto\u0161anu. Ne uzkl\u0101t masku uz boj\u0101tas, iekaisu\u0161as vai kairin\u0101tas \u0101das. Maska ir paredz\u0113ta vienreiz\u0113jai lieto\u0161anai. Nav \u0101rstniec\u012bbas l\u012bdzeklis.\n<\/div>\n","protected":false},"excerpt":{"rendered":"<p>Auduma maska problem\u0101tiskai \u0101dai, kurai ir tendence uz bl\u0101vumu un taukainu sp\u012bdumu. Vienm\u0113r\u012bgs, vesel\u012bgs sejas tonis. Akt\u012bvas sast\u0101vda\u013cas: eikalipts \u2013 nodro\u0161ina detoksa efektu un toniz\u0113. Cinks \u2013 pal\u012bdz regul\u0113t tauku dziedzeru darb\u012bbu. Lieto\u0161ana: 1. Iz\u0146emiet masku un izv\u0113rsiet to. Uzkl\u0101jiet uz priek\u0161laic\u012bgi att\u012br\u012btas \u0101das. 2. Izl\u012bdziniet masku pa sejas kont\u016br\u0101m, atst\u0101jiet uz 15-20 min\u016bt\u0113m. 3. [&#8230;]\n","protected":false},"featured_media":82450,"template":"","meta":[],"product_cat":[1367],"product_tag":[],"class_list":{"0":"post-34600","1":"product","2":"type-product","3":"status-publish","4":"has-post-thumbnail","6":"product_brand-unilever-rus","7":"product_cat-sejas-maskas","9":"first","10":"outofstock","11":"taxable","12":"shipping-taxable","13":"product-type-simple"},"_links":{"self":[{"href":"https:\/\/e.kosmolat.eu\/lv\/wp-json\/wp\/v2\/product\/34600","targetHints":{"allow":["GET"]}}],"collection":[{"href":"https:\/\/e.kosmolat.eu\/lv\/wp-json\/wp\/v2\/product"}],"about":[{"href":"https:\/\/e.kosmolat.eu\/lv\/wp-json\/wp\/v2\/types\/product"}],"wp:featuredmedia":[{"embeddable":true,"href":"https:\/\/e.kosmolat.eu\/lv\/wp-json\/wp\/v2\/media\/82450"}],"wp:attachment":[{"href":"https:\/\/e.kosmolat.eu\/lv\/wp-json\/wp\/v2\/media?parent=34600"}],"wp:term":[{"taxonomy":"product_cat","embeddable":true,"href":"https:\/\/e.kosmolat.eu\/lv\/wp-json\/wp\/v2\/product_cat?post=34600"},{"taxonomy":"product_tag","embeddable":true,"href":"https:\/\/e.kosmolat.eu\/lv\/wp-json\/wp\/v2\/product_tag?post=34600"}],"curies":[{"name":"wp","href":"https:\/\/api.w.org\/{rel}","templated":true}]}}