{"id":34560,"date":"2023-12-22T15:31:10","date_gmt":"2023-12-22T15:31:10","guid":{"rendered":"https:\/\/e.kosmolat.eu\/product\/sieviesu-smarzudens-blue-diamant-100-ml\/"},"modified":"2026-04-16T13:20:57","modified_gmt":"2026-04-16T13:20:57","slug":"sieviesu-smarzudens-blue-diamant-100-ml","status":"publish","type":"product","link":"https:\/\/e.kosmolat.eu\/lv\/product\/sieviesu-smarzudens-blue-diamant-100-ml\/","title":{"rendered":"Sievie\u0161u smar\u017e\u016bdens &#8220;BLUE DIAMANT&#8221;, 100 ml"},"content":{"rendered":"<p>Smar\u017eu gamma:<\/p>\n<div>ziedu aug\u013cu\n<\/div>\n<div>\u0101bols, baltais ciedrs, zvani\u0146\u0161, sic\u012blijas citrons\n<\/div>\n<div>balta roze, bambuss, jasm\u012bns\n<\/div>\n<div>dzintars, muskuss, baltais ciedrs<\/div>\n","protected":false},"excerpt":{"rendered":"<p>Smar\u017eu gamma: ziedu aug\u013cu \u0101bols, baltais ciedrs, zvani\u0146\u0161, sic\u012blijas citrons balta roze, bambuss, jasm\u012bns dzintars, muskuss, baltais ciedrs<\/p>\n","protected":false},"featured_media":82070,"template":"","meta":[],"product_cat":[2181],"product_tag":[],"class_list":{"0":"post-34560","1":"product","2":"type-product","3":"status-publish","4":"has-post-thumbnail","6":"product_brand-parfum-by","7":"product_cat-bez-kategorijas-lt","9":"first","10":"instock","11":"taxable","12":"shipping-taxable","13":"product-type-simple"},"_links":{"self":[{"href":"https:\/\/e.kosmolat.eu\/lv\/wp-json\/wp\/v2\/product\/34560","targetHints":{"allow":["GET"]}}],"collection":[{"href":"https:\/\/e.kosmolat.eu\/lv\/wp-json\/wp\/v2\/product"}],"about":[{"href":"https:\/\/e.kosmolat.eu\/lv\/wp-json\/wp\/v2\/types\/product"}],"wp:featuredmedia":[{"embeddable":true,"href":"https:\/\/e.kosmolat.eu\/lv\/wp-json\/wp\/v2\/media\/82070"}],"wp:attachment":[{"href":"https:\/\/e.kosmolat.eu\/lv\/wp-json\/wp\/v2\/media?parent=34560"}],"wp:term":[{"taxonomy":"product_cat","embeddable":true,"href":"https:\/\/e.kosmolat.eu\/lv\/wp-json\/wp\/v2\/product_cat?post=34560"},{"taxonomy":"product_tag","embeddable":true,"href":"https:\/\/e.kosmolat.eu\/lv\/wp-json\/wp\/v2\/product_tag?post=34560"}],"curies":[{"name":"wp","href":"https:\/\/api.w.org\/{rel}","templated":true}]}}