{"id":34556,"date":"2023-12-22T15:30:42","date_gmt":"2023-12-22T15:30:42","guid":{"rendered":"https:\/\/e.kosmolat.eu\/product\/aquafruit-dusas-zeleja-energy-420-ml\/"},"modified":"2025-09-19T18:41:49","modified_gmt":"2025-09-19T18:41:49","slug":"aquafruit-dusas-zeleja-energy-420-ml","status":"publish","type":"product","link":"https:\/\/e.kosmolat.eu\/lv\/product\/aquafruit-dusas-zeleja-energy-420-ml\/","title":{"rendered":"AQUAFRUIT Du\u0161as \u017eeleja ENERGY, 420 ml"},"content":{"rendered":"<p>Sul\u012bgo ave\u0146u lielisks arom\u0101ts acumirkl\u012b atsvaidzina un piepilda ar ener\u0123iju katru \u0161\u016bnu. Du\u0161as \u017eeleja atsvaidzina \u0101du un pies\u0101tina to ar ener\u0123iju visas dienas garum\u0101. Ave\u0146u sula pie\u0161\u0137ir elast\u012bbu un tvirtumu. Lieto\u0161ana: nelielu \u017eelejas daudzumu uzkl\u0101t uz \u0161vammes vai plaukstas, saputot un vienm\u0113r\u012bgi izsm\u0113r\u0113t uz \u0101das, tad r\u016bp\u012bgi nomazg\u0101t ar siltu \u016bdeni. Piem\u0113rota visiem \u0101das tipiem. Piem\u0113rota ikdienas lieto\u0161anai.\u00a0<\/p>\n","protected":false},"excerpt":{"rendered":"<p>Sul\u012bgo ave\u0146u lielisks arom\u0101ts acumirkl\u012b atsvaidzina un piepilda ar ener\u0123iju katru \u0161\u016bnu. Du\u0161as \u017eeleja atsvaidzina \u0101du un pies\u0101tina to ar ener\u0123iju visas dienas garum\u0101. Ave\u0146u sula pie\u0161\u0137ir elast\u012bbu un tvirtumu. Lieto\u0161ana: nelielu \u017eelejas daudzumu uzkl\u0101t uz \u0161vammes vai plaukstas, saputot un vienm\u0113r\u012bgi izsm\u0113r\u0113t uz \u0101das, tad r\u016bp\u012bgi nomazg\u0101t ar siltu \u016bdeni. Piem\u0113rota visiem \u0101das tipiem. [&#8230;]\n","protected":false},"featured_media":82038,"template":"","meta":[],"product_cat":[1280],"product_tag":[],"class_list":{"0":"post-34556","1":"product","2":"type-product","3":"status-publish","4":"has-post-thumbnail","6":"product_brand-vecie-kodi","7":"product_cat-dusas-zelejas-un-dusas-ellas","9":"first","10":"outofstock","11":"taxable","12":"shipping-taxable","13":"product-type-simple"},"_links":{"self":[{"href":"https:\/\/e.kosmolat.eu\/lv\/wp-json\/wp\/v2\/product\/34556","targetHints":{"allow":["GET"]}}],"collection":[{"href":"https:\/\/e.kosmolat.eu\/lv\/wp-json\/wp\/v2\/product"}],"about":[{"href":"https:\/\/e.kosmolat.eu\/lv\/wp-json\/wp\/v2\/types\/product"}],"wp:featuredmedia":[{"embeddable":true,"href":"https:\/\/e.kosmolat.eu\/lv\/wp-json\/wp\/v2\/media\/82038"}],"wp:attachment":[{"href":"https:\/\/e.kosmolat.eu\/lv\/wp-json\/wp\/v2\/media?parent=34556"}],"wp:term":[{"taxonomy":"product_cat","embeddable":true,"href":"https:\/\/e.kosmolat.eu\/lv\/wp-json\/wp\/v2\/product_cat?post=34556"},{"taxonomy":"product_tag","embeddable":true,"href":"https:\/\/e.kosmolat.eu\/lv\/wp-json\/wp\/v2\/product_tag?post=34556"}],"curies":[{"name":"wp","href":"https:\/\/api.w.org\/{rel}","templated":true}]}}