{"id":34552,"date":"2023-12-22T15:30:11","date_gmt":"2023-12-22T15:30:11","guid":{"rendered":"https:\/\/e.kosmolat.eu\/product\/aquafruit-duss-zeleja-active-420-ml\/"},"modified":"2025-09-19T18:41:35","modified_gmt":"2025-09-19T18:41:35","slug":"aquafruit-duss-zeleja-active-420-ml","status":"publish","type":"product","link":"https:\/\/e.kosmolat.eu\/lv\/product\/aquafruit-duss-zeleja-active-420-ml\/","title":{"rendered":"AQUAFRUIT Du\u0161s \u017eeleja ACTIVE, 420 ml"},"content":{"rendered":"<p>Apels\u012bnu un citronu e\u013c\u013ca paaugstina tvirtumu un stimul\u0113 \u0101das re\u0123ener\u0101ciju. M\u012bkstina un mitrina \u0101du, barojot to ar vitam\u012bniem A, B un C. C vitam\u012bns, kas ir sp\u0113c\u012bgs antioksidants, veicina aizsardz\u012bbu pret apk\u0101rt\u0113jo vidi. Lieto\u0161ana: nelielu \u017eelejas daudzumu uzkl\u0101t uz \u0161vammes vai plaukstas, saputot un vienm\u0113r\u012bgi izsm\u0113r\u0113t uz \u0101das, tad r\u016bp\u012bgi nomazg\u0101t ar siltu \u016bdeni. Piem\u0113rota visiem \u0101das tipiem. Piem\u0113rota ikdienas lieto\u0161anai.\u00a0<\/p>\n","protected":false},"excerpt":{"rendered":"<p>Apels\u012bnu un citronu e\u013c\u013ca paaugstina tvirtumu un stimul\u0113 \u0101das re\u0123ener\u0101ciju. M\u012bkstina un mitrina \u0101du, barojot to ar vitam\u012bniem A, B un C. C vitam\u012bns, kas ir sp\u0113c\u012bgs antioksidants, veicina aizsardz\u012bbu pret apk\u0101rt\u0113jo vidi. Lieto\u0161ana: nelielu \u017eelejas daudzumu uzkl\u0101t uz \u0161vammes vai plaukstas, saputot un vienm\u0113r\u012bgi izsm\u0113r\u0113t uz \u0101das, tad r\u016bp\u012bgi nomazg\u0101t ar siltu \u016bdeni. Piem\u0113rota [&#8230;]\n","protected":false},"featured_media":82034,"template":"","meta":[],"product_cat":[1282],"product_tag":[],"class_list":{"0":"post-34552","1":"product","2":"type-product","3":"status-publish","4":"has-post-thumbnail","6":"product_brand-vecie-kodi","7":"product_cat-duso-geliai-ir-duso-aliejai","9":"first","10":"outofstock","11":"taxable","12":"shipping-taxable","13":"product-type-simple"},"_links":{"self":[{"href":"https:\/\/e.kosmolat.eu\/lv\/wp-json\/wp\/v2\/product\/34552","targetHints":{"allow":["GET"]}}],"collection":[{"href":"https:\/\/e.kosmolat.eu\/lv\/wp-json\/wp\/v2\/product"}],"about":[{"href":"https:\/\/e.kosmolat.eu\/lv\/wp-json\/wp\/v2\/types\/product"}],"wp:featuredmedia":[{"embeddable":true,"href":"https:\/\/e.kosmolat.eu\/lv\/wp-json\/wp\/v2\/media\/82034"}],"wp:attachment":[{"href":"https:\/\/e.kosmolat.eu\/lv\/wp-json\/wp\/v2\/media?parent=34552"}],"wp:term":[{"taxonomy":"product_cat","embeddable":true,"href":"https:\/\/e.kosmolat.eu\/lv\/wp-json\/wp\/v2\/product_cat?post=34552"},{"taxonomy":"product_tag","embeddable":true,"href":"https:\/\/e.kosmolat.eu\/lv\/wp-json\/wp\/v2\/product_tag?post=34552"}],"curies":[{"name":"wp","href":"https:\/\/api.w.org\/{rel}","templated":true}]}}