{"id":34545,"date":"2023-12-22T15:29:42","date_gmt":"2023-12-22T15:29:42","guid":{"rendered":"https:\/\/e.kosmolat.eu\/product\/skinlite-rose-gold-foil-folija-sejas-maska\/"},"modified":"2025-09-19T18:41:05","modified_gmt":"2025-09-19T18:41:05","slug":"i_skinlite-rose-gold-foil-folija-sejas-maska","status":"publish","type":"product","link":"https:\/\/e.kosmolat.eu\/lv\/product\/i_skinlite-rose-gold-foil-folija-sejas-maska\/","title":{"rendered":"I_&#8221;Skinlite&#8221; ROSE GOLD FOIL  Folija sejas maska"},"content":{"rendered":"<p>Folija maska &ldquo;Roz\u0101 zelts&rdquo; ir grezn\u0101 SPA-proced\u016bra m\u0101jas apst\u0101k\u013cos, kas sp\u0113j da\u017e\u0101s min\u016bt\u0113s pilnveidot J\u016bsu \u0101du! Augsti efekt\u012bva auduma maska uz folija pamata dzi\u013ci baro, m\u012bkstina un mitrina \u0101du, sniedz izteiktu pretnoveco&scaron;an\u0101s efektu &ndash; stiprina, pievelk, izl\u012bdzina grumbas, aizsarg\u0101 pret \u0101r\u0113j\u0101s vides negat\u012bvo ietekmi, uzlabo sejas toni un padara \u0101du elast\u012bgu un mirdzo&scaron;u. Maskas dubult\u0101 tekst\u016bra nodro&scaron;ina aizsargbarjeru mitruma uztur\u0113&scaron;anai, saglab\u0101jot siltumu, rada SPA-efektu, rezult\u0101t\u0101 akt\u012bv\u0101s sast\u0101vda\u013cas iek\u013c\u016bst dzi\u013cajos dermas sl\u0101\u0146os, sniedz kompleksu iedarb\u012bbu, pies\u0101tinot &scaron;\u016bnas ar mitrumu un v\u0113rt\u012bgiem elementiem. Ledus s\u0113nes ekstrakts mitrina \u0101du, sniedz atjaunojo&scaron;u, mitrumu noturo&scaron;u, antioksidantu un antikuperozu efektu. Ferment\u0113ts sojas ekstrakts sniedz atjaunino&scaron;u iedarb\u012bbu ar izteiktu liftinga efektu. Sojas satur\u0101 eso&scaron;ais izoflavons viegli iek\u013c\u016bst dzi\u013ci \u0101das sl\u0101\u0146os, blo\u0137\u0113 fermentus, kas rada kolag\u0113na apjoma mazin\u0101&scaron;anos, un akt\u012bvi stimul\u0113 kolag\u0113na pa&scaron;izstr\u0101di, izgaismo pigmenta plankumus un aizsarg\u0101 no UV stariem. Savva\u013cas jamsa saknes ekstrakts palielina \u0101das elast\u012bbu un iztur\u012bbu, aizsarg\u0101 pret stresu, labv\u0113l\u012bgi ietekm\u0113 pinn\u0113m un akne izsitumiem pak\u013cautu \u0101du. Opuncijas ekstrakts ir sp\u0113c\u012bgs antioksidants, sniedz atjaunojo&scaron;u, foto aizsarg\u0101jo&scaron;u, mitrino&scaron;u, m\u012bkstino&scaron;u, nolobo&scaron;u iedarb\u012bbu. Burvju lazdas ekstraktam piem\u012bt stipras bakteric\u012bdas \u012bpa&scaron;\u012bbas, t\u0101s akt\u012bvi c\u012bn\u0101s ar izsitumiem, regul\u0113 \u0101das sebuma izdal\u012b&scaron;anos, sa&scaron;aurina poras un uzlabo sejas \u0101das toni.&nbsp;<\/p>\n<p><strong>Lieto&scaron;ana:<\/strong> atveriet iepakojumu un iz\u0146emiet masku. Uzman\u012bgi pielieciet to ar auduma pusi uz iepriek&scaron; att\u012br\u012btas sejas \u0101das un izl\u012bdziniet ar pirkstgaliem, atst\u0101jiet uz 15-20 min\u016bt\u0113m. Tad no\u0146emiet masku, bet paliekas maigi iemas\u0113jiet viegli paplik&scaron;\u0137inot ar pirkstu galiem vai viegli mas\u0113jot. Nav j\u0101noskalo. Lietojiet masku 2-3 reizes ned\u0113\u013c\u0101.&nbsp;<\/p>\n<p><strong>Piesardz\u012bbas pas\u0101kumi:<\/strong> 1. Nelietot uz boj\u0101tas, kairin\u0101tas vai saul\u0113 apdegu&scaron;\u0101s \u0101das. 2. Nelietot, ja ir jut\u012bba pret k\u0101du no sast\u0101vda\u013c\u0101m. Gad\u012bjum\u0101, ja uz \u0101das rodas aps\u0101rtums vai kairin\u0101jums, p\u0101rtraukt lieto&scaron;anu un v\u0113rsties pie \u0101rsta. 3. Izvair\u012bties no iek\u013c\u016b&scaron;anas ac\u012bs. Ja iek\u013c\u016bst ac\u012bs, izskalot ar \u016bdeni. 4. Uzglab\u0101t b\u0113rniem nepieejam\u0101 viet\u0101, temperat\u016br\u0101 no 0 &deg;C l\u012bdz +25 &deg;C. Tikai \u0101r\u012bgai lieto&scaron;anai. Nenor\u012bt!<br \/>\n&nbsp;<\/p>\n","protected":false},"excerpt":{"rendered":"<p>Folija maska &ldquo;Roz\u0101 zelts&rdquo; ir grezn\u0101 SPA-proced\u016bra m\u0101jas apst\u0101k\u013cos, kas sp\u0113j da\u017e\u0101s min\u016bt\u0113s pilnveidot J\u016bsu \u0101du! Augsti efekt\u012bva auduma maska uz folija pamata dzi\u013ci baro, m\u012bkstina un mitrina \u0101du, sniedz izteiktu pretnoveco&scaron;an\u0101s efektu &ndash; stiprina, pievelk, izl\u012bdzina grumbas, aizsarg\u0101 pret \u0101r\u0113j\u0101s vides negat\u012bvo ietekmi, uzlabo sejas toni un padara \u0101du elast\u012bgu un mirdzo&scaron;u. Maskas dubult\u0101 [&#8230;]\n","protected":false},"featured_media":82026,"template":"","meta":[],"product_cat":[1367],"product_tag":[],"class_list":{"0":"post-34545","1":"product","2":"type-product","3":"status-publish","4":"has-post-thumbnail","6":"product_brand-skinlite","7":"product_cat-sejas-maskas","9":"first","10":"outofstock","11":"taxable","12":"shipping-taxable","13":"product-type-simple"},"_links":{"self":[{"href":"https:\/\/e.kosmolat.eu\/lv\/wp-json\/wp\/v2\/product\/34545","targetHints":{"allow":["GET"]}}],"collection":[{"href":"https:\/\/e.kosmolat.eu\/lv\/wp-json\/wp\/v2\/product"}],"about":[{"href":"https:\/\/e.kosmolat.eu\/lv\/wp-json\/wp\/v2\/types\/product"}],"wp:featuredmedia":[{"embeddable":true,"href":"https:\/\/e.kosmolat.eu\/lv\/wp-json\/wp\/v2\/media\/82026"}],"wp:attachment":[{"href":"https:\/\/e.kosmolat.eu\/lv\/wp-json\/wp\/v2\/media?parent=34545"}],"wp:term":[{"taxonomy":"product_cat","embeddable":true,"href":"https:\/\/e.kosmolat.eu\/lv\/wp-json\/wp\/v2\/product_cat?post=34545"},{"taxonomy":"product_tag","embeddable":true,"href":"https:\/\/e.kosmolat.eu\/lv\/wp-json\/wp\/v2\/product_tag?post=34545"}],"curies":[{"name":"wp","href":"https:\/\/api.w.org\/{rel}","templated":true}]}}