{"id":34540,"date":"2023-12-22T15:29:12","date_gmt":"2023-12-22T15:29:12","guid":{"rendered":"https:\/\/e.kosmolat.eu\/product\/skinlitenakts-maska-intensivs-liftings\/"},"modified":"2025-09-19T18:40:43","modified_gmt":"2025-09-19T18:40:43","slug":"skinlitenakts-maska-intensivs-liftings","status":"publish","type":"product","link":"https:\/\/e.kosmolat.eu\/lv\/product\/skinlitenakts-maska-intensivs-liftings\/","title":{"rendered":"&#8220;Skinlite&#8221;Nakts maska &#8220;Intens\u012bvs liftings&#8221;"},"content":{"rendered":"<p>Maskas formula ir paredz\u0113ta lieto&scaron;anai nakts laik\u0101, kad \u0101das atjauno&scaron;an\u0101s un atjaunin\u0101&scaron;anas procesi norisin\u0101s visintens\u012bv\u0101k. Nakts maska atgrie\u017e \u0101dai elast\u012bbu, sniedz liftinga efektu, barojot un mitrinot to. \u0100das izskats uzlabojas, \u0101da atjaunin\u0101s, pateicoties formul\u0101 eso&scaron;o barojo&scaron;u vielu koncentr\u0101cijai. Pretnoveco&scaron;an\u0101s sast\u0101vda\u013cas aktiviz\u0113 \u0101das atjaunin\u0101&scaron;anas meh\u0101nismus, paaugstina \u0101das tonusu, padarot to tvirt\u0101ku un vienm\u0113r\u012bg\u0101ku. Glieme\u017eu sekr\u0113ta filtr\u0101ts stimul\u0113 atjauno&scaron;an\u0101s procesus, atjaunina, pie&scaron;\u0137ir mirdzumu. Augu ekstraktu komplekss (balt\u0101 v\u012btola, kan\u0113\u013cu mizas, oregano, hinoki cipreses, portulakas lapu, Peru maka un Baik\u0101la \u0137iverenes sak\u0146u ekstrakti) nomierina, nov\u0113r&scaron; aps\u0101rtumus, mitrina, uzlabo &scaron;\u016bnu metabolismu, uzlabo \u0101das aizsargfunkcijas. Vara tripept\u012bds-1 ir viens no visefekt\u012bv\u0101kajiem l\u012bdzek\u013ciem c\u012b\u0146\u0101 ar \u0101das noveco&scaron;anos. Tam piem\u012bt izteiktas atjaunojo&scaron;as, atjaunino&scaron;as un aizsarg\u0101jo&scaron;as \u012bpa&scaron;\u012bbas. P\u0113c maskas uzkl\u0101&scaron;anas dermas matricas dz\u012bl\u0113s uzs\u0101ksies akt\u012bva kolag\u0113na sint\u0113ze un tiks nodro&scaron;in\u0101ta sp\u0113c\u012bga antioksidantu iedarb\u012bba, tiek atjaunotas boj\u0101tas \u0101das &scaron;\u016bnas un fibroblasti. Nakts maska &ldquo;Intens\u012bvs liftings&rdquo; ir neaizvietojams risin\u0101jums intens\u012bvai \u0101das atjaunin\u0101&scaron;anai un baro&scaron;anai. Vienas nakts laik\u0101 maska sp\u0113j nov\u0113rst iepriek&scaron;\u0113j\u0101s dienas laik\u0101 uzkr\u0101t\u0101 noguruma un stresa paz\u012bmes. No r\u012bta sejas \u0101da k\u013c\u016bst svaiga, izskat\u012bsies tvirta un kopta.&nbsp;<\/p>\n<p><strong>Lieto&scaron;ana: <\/strong>uzkl\u0101t masku vakar\u0101 uz att\u012br\u012btas sejas un kakla \u0101das, izvairoties no zonas ap ac\u012bm, un maigi iemas\u0113t. No r\u012bta noskalot seju un uzkl\u0101t kop&scaron;anas l\u012bdzek\u013cus.&nbsp;<\/p>\n<p><strong>Piesardz\u012bbas pas\u0101kumi:<\/strong> Nelielot uz boj\u0101tas un kairin\u0101tas \u0101das. Nelietot, ja ir paaugstin\u0101ta jut\u012bba pret k\u0101du no sast\u0101vda\u013c\u0101m. Ja rodas aps\u0101rtums vai kairin\u0101jums, p\u0101rtraukt lieto&scaron;anu un v\u0113rsties pie \u0101rsta. Izvair\u012bties no iek\u013c\u016b&scaron;anas acis, ja iek\u013c\u016bst ac\u012bs, izskalot ar \u016bdeni. Uzglab\u0101t b\u0113rniem nepieejam\u0101 viet\u0101, &nbsp;temperat\u016br\u0101 no 0 &deg;\u0421 l\u012bdz 25 &deg;\u0421. Tikai \u0101r\u012bgai lieto&scaron;anai. Nenor\u012bt!<br \/>\n&nbsp;<\/p>\n","protected":false},"excerpt":{"rendered":"<p>Maskas formula ir paredz\u0113ta lieto&scaron;anai nakts laik\u0101, kad \u0101das atjauno&scaron;an\u0101s un atjaunin\u0101&scaron;anas procesi norisin\u0101s visintens\u012bv\u0101k. Nakts maska atgrie\u017e \u0101dai elast\u012bbu, sniedz liftinga efektu, barojot un mitrinot to. \u0100das izskats uzlabojas, \u0101da atjaunin\u0101s, pateicoties formul\u0101 eso&scaron;o barojo&scaron;u vielu koncentr\u0101cijai. Pretnoveco&scaron;an\u0101s sast\u0101vda\u013cas aktiviz\u0113 \u0101das atjaunin\u0101&scaron;anas meh\u0101nismus, paaugstina \u0101das tonusu, padarot to tvirt\u0101ku un vienm\u0113r\u012bg\u0101ku. Glieme\u017eu sekr\u0113ta filtr\u0101ts [&#8230;]\n","protected":false},"featured_media":82022,"template":"","meta":[],"product_cat":[1369],"product_tag":[],"class_list":{"0":"post-34540","1":"product","2":"type-product","3":"status-publish","4":"has-post-thumbnail","6":"product_brand-skinlite","7":"product_cat-veido-kaukes","9":"first","10":"outofstock","11":"taxable","12":"shipping-taxable","13":"product-type-simple"},"_links":{"self":[{"href":"https:\/\/e.kosmolat.eu\/lv\/wp-json\/wp\/v2\/product\/34540","targetHints":{"allow":["GET"]}}],"collection":[{"href":"https:\/\/e.kosmolat.eu\/lv\/wp-json\/wp\/v2\/product"}],"about":[{"href":"https:\/\/e.kosmolat.eu\/lv\/wp-json\/wp\/v2\/types\/product"}],"wp:featuredmedia":[{"embeddable":true,"href":"https:\/\/e.kosmolat.eu\/lv\/wp-json\/wp\/v2\/media\/82022"}],"wp:attachment":[{"href":"https:\/\/e.kosmolat.eu\/lv\/wp-json\/wp\/v2\/media?parent=34540"}],"wp:term":[{"taxonomy":"product_cat","embeddable":true,"href":"https:\/\/e.kosmolat.eu\/lv\/wp-json\/wp\/v2\/product_cat?post=34540"},{"taxonomy":"product_tag","embeddable":true,"href":"https:\/\/e.kosmolat.eu\/lv\/wp-json\/wp\/v2\/product_tag?post=34540"}],"curies":[{"name":"wp","href":"https:\/\/api.w.org\/{rel}","templated":true}]}}