{"id":34532,"date":"2023-12-22T15:28:40","date_gmt":"2023-12-22T15:28:40","guid":{"rendered":"https:\/\/e.kosmolat.eu\/product\/skinlite-nakts-maska-intensiva-atjaunosana\/"},"modified":"2026-03-31T20:00:24","modified_gmt":"2026-03-31T20:00:24","slug":"skinlite-nakts-maska-intensiva-atjaunosana","status":"publish","type":"product","link":"https:\/\/e.kosmolat.eu\/lv\/product\/skinlite-nakts-maska-intensiva-atjaunosana\/","title":{"rendered":"&#8220;Skinlite&#8221; Nakts maska &#8220;Intens\u012bv\u0101 atjauno\u0161ana&#8221;"},"content":{"rendered":"<p>Maskas formula ir speci\u0101li izstr\u0101d\u0101ta lieto\u0161anai nakts laik\u0101, kad \u0101da ir visvair\u0101k piem\u0113rota atjauno\u0161anai un re\u0123ener\u0101cijai. <\/p>\n<div>Nakts maska nov\u0113r\u0161 nel\u012bdzenumus, izl\u012bdzina \u0101das tekst\u016bru, baro un mitrina epiderm\u0101lo sl\u0101ni. \u0100da tiek pilnveidota nakts laik\u0101, akt\u012bvi tiek atjaunota un pateicoties mitrino\u0161u un barojo\u0161u vielu koncentr\u0101cijai. Augsti koncentr\u0113ts mitrino\u0161s komplekss, kas sast\u0101v no tr\u012bs hialuronsk\u0101bes veidiem, normaliz\u0113 hidro-lip\u012bdu l\u012bdzsvaru un izl\u012bdzina \u0101das tekst\u016bru, normaliz\u0113 apmai\u0146as procesu, lieliski atjauno dehidr\u0113tu un p\u0101rm\u0113r\u012bgi sausu \u0101du. Augu ekstraktu komplekss (lavanda, rozmar\u012bns, oregano, timi\u0101ns, an\u012bss, s\u0101lssakne) nomierina, nov\u0113r\u0161 \u0101das lob\u012b\u0161anos, mitrina un izl\u012bdzina toni un uzlabo \u0101das aizsargfunkciju. Dzi\u013c\u016bdens j\u016bras a\u013c\u0123u (Kaulerpa) ekstrakts \u2013 \u012bstas vitam\u012bnu, miner\u0101lu un olbaltumvielu bag\u0101t\u012bbas, kur\u0101m piem\u012bt detoksic\u0113jo\u0161\u0101 iedarb\u012bba, sp\u0113ja pretoties \u0101das atonijai (\u013cenganumam), aktiviz\u0113 apmai\u0146as procesus \u0161\u016bn\u0101s, veicina \u0101das tonusa saglab\u0101\u0161anu un elast\u012bbas paaugstin\u0101\u0161anu.\n<\/div>\n<div>Nakts maska \u201cIntens\u012bv\u0101 atjauno\u0161ana\u201d ir neaizvietojams risin\u0101jums intens\u012bvai \u0101das mitrin\u0101\u0161anai un baro\u0161anai. Maska nakts laik\u0101 likvid\u0113s dienas laik\u0101 uzkr\u0101t\u0101 noguruma un stresa paz\u012bmes. No r\u012bta J\u016bsu seja b\u016bs svaiga, izskat\u012bsies pievilkta un kopta.\n<\/div>\n<div>Lieto\u0161ana: uzkl\u0101t masku vakar\u0101 uz att\u012br\u012btas sejas un kakla \u0101das. Izvair\u012bties no \u0101das ap ac\u012bm. Maigi iemas\u0113jiet. No r\u012bta nomazg\u0101jiet seju k\u0101 parasti un uzkl\u0101jiet kop\u0161anas l\u012bdzek\u013cus.\n<\/div>\n<div>Piesardz\u012bbas pas\u0101kumi: 1. Nelielot uz boj\u0101tas un kairin\u0101tas \u0101das. 2. Nelietot produktu, ja ir jut\u012bba uz k\u0101du no sast\u0101vda\u013c\u0101m. Gad\u012bjum\u0101, ja uz \u0101das rodas aps\u0101rtums vai kairin\u0101jums izbeigt lieto\u0161anu un v\u0113rsties pie \u0101rsta. Izvair\u012bties no iek\u013c\u016b\u0161anas acis, ja iek\u013c\u016bst ac\u012bs noskalojiet ar \u016bdeni. 4. Uzglab\u0101t b\u0113rniem nepieejam\u0101 viet\u0101 un temperat\u016br\u0101 no 0 l\u012bdz 25C. 5. Tikai \u0101r\u012bgai lieto\u0161anai. Nenor\u012bt!\n<\/div>\n","protected":false},"excerpt":{"rendered":"<p>Maskas formula ir speci\u0101li izstr\u0101d\u0101ta lieto\u0161anai nakts laik\u0101, kad \u0101da ir visvair\u0101k piem\u0113rota atjauno\u0161anai un re\u0123ener\u0101cijai. Nakts maska nov\u0113r\u0161 nel\u012bdzenumus, izl\u012bdzina \u0101das tekst\u016bru, baro un mitrina epiderm\u0101lo sl\u0101ni. \u0100da tiek pilnveidota nakts laik\u0101, akt\u012bvi tiek atjaunota un pateicoties mitrino\u0161u un barojo\u0161u vielu koncentr\u0101cijai. Augsti koncentr\u0113ts mitrino\u0161s komplekss, kas sast\u0101v no tr\u012bs hialuronsk\u0101bes veidiem, normaliz\u0113 hidro-lip\u012bdu [&#8230;]\n","protected":false},"featured_media":82018,"template":"","meta":[],"product_cat":[1369],"product_tag":[],"class_list":{"0":"post-34532","1":"product","2":"type-product","3":"status-publish","4":"has-post-thumbnail","6":"product_brand-skinlite","7":"product_cat-veido-kaukes","9":"first","10":"outofstock","11":"taxable","12":"shipping-taxable","13":"product-type-simple"},"_links":{"self":[{"href":"https:\/\/e.kosmolat.eu\/lv\/wp-json\/wp\/v2\/product\/34532","targetHints":{"allow":["GET"]}}],"collection":[{"href":"https:\/\/e.kosmolat.eu\/lv\/wp-json\/wp\/v2\/product"}],"about":[{"href":"https:\/\/e.kosmolat.eu\/lv\/wp-json\/wp\/v2\/types\/product"}],"wp:featuredmedia":[{"embeddable":true,"href":"https:\/\/e.kosmolat.eu\/lv\/wp-json\/wp\/v2\/media\/82018"}],"wp:attachment":[{"href":"https:\/\/e.kosmolat.eu\/lv\/wp-json\/wp\/v2\/media?parent=34532"}],"wp:term":[{"taxonomy":"product_cat","embeddable":true,"href":"https:\/\/e.kosmolat.eu\/lv\/wp-json\/wp\/v2\/product_cat?post=34532"},{"taxonomy":"product_tag","embeddable":true,"href":"https:\/\/e.kosmolat.eu\/lv\/wp-json\/wp\/v2\/product_tag?post=34532"}],"curies":[{"name":"wp","href":"https:\/\/api.w.org\/{rel}","templated":true}]}}