{"id":34500,"date":"2023-12-22T15:26:04","date_gmt":"2023-12-22T15:26:04","guid":{"rendered":"https:\/\/e.kosmolat.eu\/product\/shelley-sauss-sampuns-blush-200-ml\/"},"modified":"2026-04-17T13:25:13","modified_gmt":"2026-04-17T13:25:13","slug":"shelley-sauss-sampuns-blush-200-ml","status":"publish","type":"product","link":"https:\/\/e.kosmolat.eu\/lv\/product\/shelley-sauss-sampuns-blush-200-ml\/","title":{"rendered":"&#8220;Shelley&#8221; Sauss \u0161amp\u016bns Blush, 200 ml"},"content":{"rendered":"<p>Shelley Sausais &scaron;amp\u016bns uzs\u016bc matu taukus, palielina matu apjomu un tie k\u013c\u016bst viegli \u0137emm\u0113jami.<\/p>\n<p><strong>Lieto&scaron;ana:&nbsp;<\/strong><br \/>\nTikai 3 vienk\u0101r&scaron;as darb\u012bbas:<br \/>\n1: Sakrat\u012bt flakonu pirms lieto&scaron;anas. Tur\u0113t flakonu 30 cm att\u0101lum\u0101 no sausiem matiem, sadal\u012bt matus un vienm\u0113r\u012bgi izsmidzin\u0101t.<br \/>\n2: Labi iemas\u0113t matu saknes ar pirkstu galiem.<br \/>\n3: Tad \u0137emm\u0113t matus, lai no\u0146emtu p\u0101rpalikumus un ieveidot tos.<\/p>\n<p><strong>B\u012bstami! <\/strong>\u012apa&scaron;i viegli uzliesmojo&scaron;s aerosols. Tvertne zem spiediena: karstum\u0101 var eksplod\u0113t. Sarg\u0101t no karstuma, karst\u0101m virsm\u0101m, dzirkstel\u0113m, atkl\u0101tas uguns un citiem aizdeg&scaron;an\u0101s avotiem. Nesm\u0113\u0137\u0113t. Neizsmidzin\u0101t uz atkl\u0101tas uguns vai citiem aizdeg&scaron;an\u0101s avotiem. Nedurt vai nededzin\u0101t, ar\u012b p\u0113c izlieto&scaron;anas. Aizsarg\u0101t no saules gaismas. Nepak\u013caut temperat\u016brai, kas p\u0101rsniedz 50 &ordm;C\/122 &ordm;F. Sarg\u0101t no b\u0113rniem.<\/p>\n","protected":false},"excerpt":{"rendered":"<p>Shelley Sausais &scaron;amp\u016bns uzs\u016bc matu taukus, palielina matu apjomu un tie k\u013c\u016bst viegli \u0137emm\u0113jami. Lieto&scaron;ana:&nbsp; Tikai 3 vienk\u0101r&scaron;as darb\u012bbas: 1: Sakrat\u012bt flakonu pirms lieto&scaron;anas. Tur\u0113t flakonu 30 cm att\u0101lum\u0101 no sausiem matiem, sadal\u012bt matus un vienm\u0113r\u012bgi izsmidzin\u0101t. 2: Labi iemas\u0113t matu saknes ar pirkstu galiem. 3: Tad \u0137emm\u0113t matus, lai no\u0146emtu p\u0101rpalikumus un ieveidot tos. [&#8230;]\n","protected":false},"featured_media":78027,"template":"","meta":[],"product_cat":[1248],"product_tag":[],"class_list":{"0":"post-34500","1":"product","2":"type-product","3":"status-publish","4":"has-post-thumbnail","6":"product_brand-statestrong_gb","7":"product_cat-sampuni","9":"first","10":"instock","11":"taxable","12":"shipping-taxable","13":"product-type-simple"},"_links":{"self":[{"href":"https:\/\/e.kosmolat.eu\/lv\/wp-json\/wp\/v2\/product\/34500","targetHints":{"allow":["GET"]}}],"collection":[{"href":"https:\/\/e.kosmolat.eu\/lv\/wp-json\/wp\/v2\/product"}],"about":[{"href":"https:\/\/e.kosmolat.eu\/lv\/wp-json\/wp\/v2\/types\/product"}],"wp:featuredmedia":[{"embeddable":true,"href":"https:\/\/e.kosmolat.eu\/lv\/wp-json\/wp\/v2\/media\/78027"}],"wp:attachment":[{"href":"https:\/\/e.kosmolat.eu\/lv\/wp-json\/wp\/v2\/media?parent=34500"}],"wp:term":[{"taxonomy":"product_cat","embeddable":true,"href":"https:\/\/e.kosmolat.eu\/lv\/wp-json\/wp\/v2\/product_cat?post=34500"},{"taxonomy":"product_tag","embeddable":true,"href":"https:\/\/e.kosmolat.eu\/lv\/wp-json\/wp\/v2\/product_tag?post=34500"}],"curies":[{"name":"wp","href":"https:\/\/api.w.org\/{rel}","templated":true}]}}