{"id":34492,"date":"2023-12-22T15:25:19","date_gmt":"2023-12-22T15:25:19","guid":{"rendered":"https:\/\/e.kosmolat.eu\/product\/silver-dent-zobu-birste-smile-kid\/"},"modified":"2025-09-19T18:37:27","modified_gmt":"2025-09-19T18:37:27","slug":"silver-dent-zobu-birste-smile-kid","status":"publish","type":"product","link":"https:\/\/e.kosmolat.eu\/lv\/product\/silver-dent-zobu-birste-smile-kid\/","title":{"rendered":"&#8220;Silver dent&#8221;  Zobu birste Smile Kid"},"content":{"rendered":"<p>Super m\u012bksti sari\u0146i saudz\u012bgi un efekt\u012bvi att\u012bra b\u0113rnu zobus, maigi mas\u0113 smaganas. Plats nesl\u012bdo\u0161s rokturis ir \u0113rts mazu\u013cu rokai. Ar \u0161o zobu birsti ir viegli iem\u0101c\u012bt b\u0113rnu t\u012br\u012bt zobus. Stomatolo\u0123i un higi\u0113nisti rekomend\u0113 main\u012bt zobu birsti vienu reizi trijos m\u0113ne\u0161os. Pirms lieto\u0161anas jaunu zobu birsti nomazg\u0101t silt\u0101 \u016bdeni. Zobu birstes lieto\u0161anas laik\u0101 uzglab\u0101t birsti vertik\u0101l\u0101 st\u0101vokl\u012b ar darba virsmu uz aug\u0161u.<\/p>\n","protected":false},"excerpt":{"rendered":"<p>Super m\u012bksti sari\u0146i saudz\u012bgi un efekt\u012bvi att\u012bra b\u0113rnu zobus, maigi mas\u0113 smaganas. Plats nesl\u012bdo\u0161s rokturis ir \u0113rts mazu\u013cu rokai. Ar \u0161o zobu birsti ir viegli iem\u0101c\u012bt b\u0113rnu t\u012br\u012bt zobus. Stomatolo\u0123i un higi\u0113nisti rekomend\u0113 main\u012bt zobu birsti vienu reizi trijos m\u0113ne\u0161os. Pirms lieto\u0161anas jaunu zobu birsti nomazg\u0101t silt\u0101 \u016bdeni. Zobu birstes lieto\u0161anas laik\u0101 uzglab\u0101t birsti vertik\u0101l\u0101 [&#8230;]\n","protected":false},"featured_media":81974,"template":"","meta":[],"product_cat":[1338],"product_tag":[],"class_list":{"0":"post-34492","1":"product","2":"type-product","3":"status-publish","4":"has-post-thumbnail","6":"product_brand-modum_by","7":"product_cat-1338","9":"first","10":"outofstock","11":"taxable","12":"shipping-taxable","13":"product-type-simple"},"_links":{"self":[{"href":"https:\/\/e.kosmolat.eu\/lv\/wp-json\/wp\/v2\/product\/34492","targetHints":{"allow":["GET"]}}],"collection":[{"href":"https:\/\/e.kosmolat.eu\/lv\/wp-json\/wp\/v2\/product"}],"about":[{"href":"https:\/\/e.kosmolat.eu\/lv\/wp-json\/wp\/v2\/types\/product"}],"wp:featuredmedia":[{"embeddable":true,"href":"https:\/\/e.kosmolat.eu\/lv\/wp-json\/wp\/v2\/media\/81974"}],"wp:attachment":[{"href":"https:\/\/e.kosmolat.eu\/lv\/wp-json\/wp\/v2\/media?parent=34492"}],"wp:term":[{"taxonomy":"product_cat","embeddable":true,"href":"https:\/\/e.kosmolat.eu\/lv\/wp-json\/wp\/v2\/product_cat?post=34492"},{"taxonomy":"product_tag","embeddable":true,"href":"https:\/\/e.kosmolat.eu\/lv\/wp-json\/wp\/v2\/product_tag?post=34492"}],"curies":[{"name":"wp","href":"https:\/\/api.w.org\/{rel}","templated":true}]}}