{"id":34476,"date":"2023-12-22T15:24:06","date_gmt":"2023-12-22T15:24:06","guid":{"rendered":"https:\/\/e.kosmolat.eu\/product\/32-perles-zobu-birste-bernu-lulu\/"},"modified":"2025-09-19T18:37:02","modified_gmt":"2025-09-19T18:37:02","slug":"32-perles-zobu-birste-bernu-lulu","status":"publish","type":"product","link":"https:\/\/e.kosmolat.eu\/lv\/product\/32-perles-zobu-birste-bernu-lulu\/","title":{"rendered":"&#8220;32 p\u0113rles&#8221; Zobu birste b\u0113rnu &#8220;LuLu&#8221;"},"content":{"rendered":"<p>Super m\u012bksti sari\u0146i saudz\u012bgi un efekt\u012bvi att\u012bra b\u0113rnu zobi\u0146us, maigi mas\u0113 smaganas. Plats nesl\u012bdo\u0161s rokturis ir \u0113rts mazai b\u0113rnu roci\u0146ai. Ar \u0161o zobu birsti ir viegli iem\u0101c\u012bt b\u0113rnu t\u012br\u012bt zobus. Stomatologi un higi\u0113nisti rekomend\u0113 main\u012bt zobu birsti ik p\u0113c 3 m\u0113ne\u0161iem. Lieto\u0161anas laik\u0101 uzglab\u0101t zobu birsti vertik\u0101li ar darbvirsmu uz aug\u0161u. Pirms lieto\u0161anas jaunu zobu birsti noskalot siltaj\u0101 \u016bden\u012b.&nbsp;<\/p>\n","protected":false},"excerpt":{"rendered":"<p>Super m\u012bksti sari\u0146i saudz\u012bgi un efekt\u012bvi att\u012bra b\u0113rnu zobi\u0146us, maigi mas\u0113 smaganas. Plats nesl\u012bdo\u0161s rokturis ir \u0113rts mazai b\u0113rnu roci\u0146ai. Ar \u0161o zobu birsti ir viegli iem\u0101c\u012bt b\u0113rnu t\u012br\u012bt zobus. Stomatologi un higi\u0113nisti rekomend\u0113 main\u012bt zobu birsti ik p\u0113c 3 m\u0113ne\u0161iem. Lieto\u0161anas laik\u0101 uzglab\u0101t zobu birsti vertik\u0101li ar darbvirsmu uz aug\u0161u. Pirms lieto\u0161anas jaunu zobu [&#8230;]\n","protected":false},"featured_media":81966,"template":"","meta":[],"product_cat":[1338],"product_tag":[],"class_list":{"0":"post-34476","1":"product","2":"type-product","3":"status-publish","4":"has-post-thumbnail","6":"product_brand-modum_by","7":"product_cat-1338","9":"first","10":"outofstock","11":"taxable","12":"shipping-taxable","13":"product-type-simple"},"_links":{"self":[{"href":"https:\/\/e.kosmolat.eu\/lv\/wp-json\/wp\/v2\/product\/34476","targetHints":{"allow":["GET"]}}],"collection":[{"href":"https:\/\/e.kosmolat.eu\/lv\/wp-json\/wp\/v2\/product"}],"about":[{"href":"https:\/\/e.kosmolat.eu\/lv\/wp-json\/wp\/v2\/types\/product"}],"wp:featuredmedia":[{"embeddable":true,"href":"https:\/\/e.kosmolat.eu\/lv\/wp-json\/wp\/v2\/media\/81966"}],"wp:attachment":[{"href":"https:\/\/e.kosmolat.eu\/lv\/wp-json\/wp\/v2\/media?parent=34476"}],"wp:term":[{"taxonomy":"product_cat","embeddable":true,"href":"https:\/\/e.kosmolat.eu\/lv\/wp-json\/wp\/v2\/product_cat?post=34476"},{"taxonomy":"product_tag","embeddable":true,"href":"https:\/\/e.kosmolat.eu\/lv\/wp-json\/wp\/v2\/product_tag?post=34476"}],"curies":[{"name":"wp","href":"https:\/\/api.w.org\/{rel}","templated":true}]}}