{"id":34452,"date":"2023-12-22T15:22:53","date_gmt":"2023-12-22T15:22:53","guid":{"rendered":"https:\/\/e.kosmolat.eu\/product\/sculpting-trio-komplekts-sejas-skulpturesanai-tonis-002\/"},"modified":"2025-09-19T18:36:15","modified_gmt":"2025-09-19T18:36:15","slug":"sculpting-trio-komplekts-sejas-skulpturesanai-tonis-002","status":"publish","type":"product","link":"https:\/\/e.kosmolat.eu\/lv\/product\/sculpting-trio-komplekts-sejas-skulpturesanai-tonis-002\/","title":{"rendered":"Sculpting Trio Komplekts sejas skulptur\u0113\u0161anai, tonis 002"},"content":{"rendered":"<p>Sculpting Trio palete sejas skulpt\u016br\u0113\u0161anai vizu\u0101li kori\u0123\u0113 sejas vaibstus, pie\u0161\u0137ir t\u0113lam dzi\u013cumu un kontrastu.<\/p>\n<p>1 solis &#8211; skulptur\u0113t\u0101js<br \/>\nUzkl\u0101jiet skulptur\u0113jo\u0161o p\u016bderi gar vaigu kauliem, gar zoda apak\u0161\u0113jo kont\u016bru un gar matu aug\u0161anas l\u012bniju uz pieres. R\u016bp\u012bgi iztu\u0161\u0113.<\/p>\n<p>2. solis &ndash; vaigu s\u0101rtums<br \/>\nUzkl\u0101jiet vaigu s\u0101rtumu vaigu galos, lai ieg\u016btu vesel\u012bgu un svaigu izskatu.<\/p>\n<p>3. solis &ndash; izgaismot\u0101js<br \/>\nUzkl\u0101jiet izgaismot\u0101ju uz izvirz\u012btaj\u0101m sejas da\u013c\u0101m: &nbsp;vaigu kaulu aug\u0161\u0113j\u0101 da\u013c\u0101, pieres centr\u0101, deguna virspus\u0113, aug\u0161\u0113j\u0101s l\u016bpas vid\u016b.<\/p>\n<p>Izveidojiet perfektus sejas vaibstus 3 so\u013cos!<br \/>\n&nbsp;<\/p>\n","protected":false},"excerpt":{"rendered":"<p>Sculpting Trio palete sejas skulpt\u016br\u0113\u0161anai vizu\u0101li kori\u0123\u0113 sejas vaibstus, pie\u0161\u0137ir t\u0113lam dzi\u013cumu un kontrastu. 1 solis &#8211; skulptur\u0113t\u0101js Uzkl\u0101jiet skulptur\u0113jo\u0161o p\u016bderi gar vaigu kauliem, gar zoda apak\u0161\u0113jo kont\u016bru un gar matu aug\u0161anas l\u012bniju uz pieres. R\u016bp\u012bgi iztu\u0161\u0113. 2. solis &ndash; vaigu s\u0101rtums Uzkl\u0101jiet vaigu s\u0101rtumu vaigu galos, lai ieg\u016btu vesel\u012bgu un svaigu izskatu. 3. solis [&#8230;]\n","protected":false},"featured_media":81950,"template":"","meta":[],"product_cat":[1289],"product_tag":[],"class_list":{"0":"post-34452","1":"product","2":"type-product","3":"status-publish","4":"has-post-thumbnail","6":"product_brand-belordizain_by","7":"product_cat-grima-pamats","9":"first","10":"outofstock","11":"taxable","12":"shipping-taxable","13":"product-type-simple"},"_links":{"self":[{"href":"https:\/\/e.kosmolat.eu\/lv\/wp-json\/wp\/v2\/product\/34452","targetHints":{"allow":["GET"]}}],"collection":[{"href":"https:\/\/e.kosmolat.eu\/lv\/wp-json\/wp\/v2\/product"}],"about":[{"href":"https:\/\/e.kosmolat.eu\/lv\/wp-json\/wp\/v2\/types\/product"}],"wp:featuredmedia":[{"embeddable":true,"href":"https:\/\/e.kosmolat.eu\/lv\/wp-json\/wp\/v2\/media\/81950"}],"wp:attachment":[{"href":"https:\/\/e.kosmolat.eu\/lv\/wp-json\/wp\/v2\/media?parent=34452"}],"wp:term":[{"taxonomy":"product_cat","embeddable":true,"href":"https:\/\/e.kosmolat.eu\/lv\/wp-json\/wp\/v2\/product_cat?post=34452"},{"taxonomy":"product_tag","embeddable":true,"href":"https:\/\/e.kosmolat.eu\/lv\/wp-json\/wp\/v2\/product_tag?post=34452"}],"curies":[{"name":"wp","href":"https:\/\/api.w.org\/{rel}","templated":true}]}}