{"id":34428,"date":"2023-12-22T15:21:34","date_gmt":"2023-12-22T15:21:34","guid":{"rendered":"https:\/\/e.kosmolat.eu\/product\/lupu-krasa-party-tonis-138\/"},"modified":"2025-09-19T18:34:54","modified_gmt":"2025-09-19T18:34:54","slug":"bd-lupu-krasa-party-tonis-138","status":"publish","type":"product","link":"https:\/\/e.kosmolat.eu\/lv\/product\/bd-lupu-krasa-party-tonis-138\/","title":{"rendered":"BD L\u016bpu kr\u0101sa Party, tonis 138"},"content":{"rendered":"<p>Uzglab\u0101t temperat\u016br\u0101, no 0 \u00baC l\u012bdz +25 \u00baC, prom no apkures ier\u012bc\u0113m, sarg\u0101jot no tie\u0161iem saules stariem.<\/p>\n","protected":false},"excerpt":{"rendered":"<p>Uzglab\u0101t temperat\u016br\u0101, no 0 \u00baC l\u012bdz +25 \u00baC, prom no apkures ier\u012bc\u0113m, sarg\u0101jot no tie\u0161iem saules stariem.<\/p>\n","protected":false},"featured_media":81922,"template":"","meta":[],"product_cat":[1267],"product_tag":[],"class_list":{"0":"post-34428","1":"product","2":"type-product","3":"status-publish","4":"has-post-thumbnail","6":"product_brand-belordizain_by","7":"product_cat-lupu-krasas","9":"first","10":"outofstock","11":"taxable","12":"shipping-taxable","13":"product-type-simple"},"_links":{"self":[{"href":"https:\/\/e.kosmolat.eu\/lv\/wp-json\/wp\/v2\/product\/34428","targetHints":{"allow":["GET"]}}],"collection":[{"href":"https:\/\/e.kosmolat.eu\/lv\/wp-json\/wp\/v2\/product"}],"about":[{"href":"https:\/\/e.kosmolat.eu\/lv\/wp-json\/wp\/v2\/types\/product"}],"wp:featuredmedia":[{"embeddable":true,"href":"https:\/\/e.kosmolat.eu\/lv\/wp-json\/wp\/v2\/media\/81922"}],"wp:attachment":[{"href":"https:\/\/e.kosmolat.eu\/lv\/wp-json\/wp\/v2\/media?parent=34428"}],"wp:term":[{"taxonomy":"product_cat","embeddable":true,"href":"https:\/\/e.kosmolat.eu\/lv\/wp-json\/wp\/v2\/product_cat?post=34428"},{"taxonomy":"product_tag","embeddable":true,"href":"https:\/\/e.kosmolat.eu\/lv\/wp-json\/wp\/v2\/product_tag?post=34428"}],"curies":[{"name":"wp","href":"https:\/\/api.w.org\/{rel}","templated":true}]}}