{"id":34376,"date":"2023-12-22T15:18:22","date_gmt":"2023-12-22T15:18:22","guid":{"rendered":"https:\/\/e.kosmolat.eu\/product\/shik-nectar-skidras-ziepes-olivu-460-ml\/"},"modified":"2026-04-08T09:30:56","modified_gmt":"2026-04-08T09:30:56","slug":"shik-nectar-skidras-ziepes-olivu-doy-pack460-g","status":"publish","type":"product","link":"https:\/\/e.kosmolat.eu\/lv\/product\/shik-nectar-skidras-ziepes-olivu-doy-pack460-g\/","title":{"rendered":"SHIK Nectar \u0160\u0137idr\u0101s ziepes Ol\u012bvu, doy-pack,460 g"},"content":{"rendered":"<p>Lieto\u0161ana: uzkl\u0101t nepiecie\u0161amu l\u012bdzek\u013ca daudzumu uz mitr\u0101s roku vai \u0137erme\u0146a \u0101das, saputot un nomazg\u0101t ar \u016bdeni. Nepiecie\u0161am\u012bbas gad\u012bjum\u0101 proced\u016bru atk\u0101rtot. Piesardz\u012bbas pas\u0101kumi: ja iek\u013c\u016bst ac\u012bs, nepiecie\u0161ams r\u016bp\u012bgi nomazg\u0101t t\u0101s ar lielu teko\u0161\u0101 \u016bdens daudzumu. pH l\u012bmenis 5,5. Iesp\u0113jamas sv\u0101rst\u012bbas +- 1 vien\u012bba. Uzglab\u0101\u0161anas noteikumi: no +5\u00b0C l\u012bdz +25\u00b0C. Sarg\u0101t no saules stariem.<\/p>\n","protected":false},"excerpt":{"rendered":"<p>Lieto\u0161ana: uzkl\u0101t nepiecie\u0161amu l\u012bdzek\u013ca daudzumu uz mitr\u0101s roku vai \u0137erme\u0146a \u0101das, saputot un nomazg\u0101t ar \u016bdeni. Nepiecie\u0161am\u012bbas gad\u012bjum\u0101 proced\u016bru atk\u0101rtot. Piesardz\u012bbas pas\u0101kumi: ja iek\u013c\u016bst ac\u012bs, nepiecie\u0161ams r\u016bp\u012bgi nomazg\u0101t t\u0101s ar lielu teko\u0161\u0101 \u016bdens daudzumu. pH l\u012bmenis 5,5. Iesp\u0113jamas sv\u0101rst\u012bbas +- 1 vien\u012bba. Uzglab\u0101\u0161anas noteikumi: no +5\u00b0C l\u012bdz +25\u00b0C. Sarg\u0101t no saules stariem.<\/p>\n","protected":false},"featured_media":81858,"template":"","meta":[],"product_cat":[2181],"product_tag":[],"class_list":{"0":"post-34376","1":"product","2":"type-product","3":"status-publish","4":"has-post-thumbnail","6":"product_brand-slobozanskij-milovar_ua","7":"product_cat-bez-kategorijas-lt","9":"first","10":"outofstock","11":"taxable","12":"shipping-taxable","13":"product-type-simple"},"_links":{"self":[{"href":"https:\/\/e.kosmolat.eu\/lv\/wp-json\/wp\/v2\/product\/34376","targetHints":{"allow":["GET"]}}],"collection":[{"href":"https:\/\/e.kosmolat.eu\/lv\/wp-json\/wp\/v2\/product"}],"about":[{"href":"https:\/\/e.kosmolat.eu\/lv\/wp-json\/wp\/v2\/types\/product"}],"wp:featuredmedia":[{"embeddable":true,"href":"https:\/\/e.kosmolat.eu\/lv\/wp-json\/wp\/v2\/media\/81858"}],"wp:attachment":[{"href":"https:\/\/e.kosmolat.eu\/lv\/wp-json\/wp\/v2\/media?parent=34376"}],"wp:term":[{"taxonomy":"product_cat","embeddable":true,"href":"https:\/\/e.kosmolat.eu\/lv\/wp-json\/wp\/v2\/product_cat?post=34376"},{"taxonomy":"product_tag","embeddable":true,"href":"https:\/\/e.kosmolat.eu\/lv\/wp-json\/wp\/v2\/product_tag?post=34376"}],"curies":[{"name":"wp","href":"https:\/\/api.w.org\/{rel}","templated":true}]}}