{"id":34372,"date":"2023-12-22T15:18:03","date_gmt":"2023-12-22T15:18:03","guid":{"rendered":"https:\/\/e.kosmolat.eu\/product\/shik-nectar-skidras-ziepes-persiks-un-karambola-460-ml\/"},"modified":"2026-04-14T15:45:59","modified_gmt":"2026-04-14T15:45:59","slug":"shik-nectar-skidras-ziepes-persiks-un-karambola-doy-pack460-g","status":"publish","type":"product","link":"https:\/\/e.kosmolat.eu\/lv\/product\/shik-nectar-skidras-ziepes-persiks-un-karambola-doy-pack460-g\/","title":{"rendered":"SHIK Nectar \u0160\u0137idr\u0101s ziepes Persiks un karambola, doy-pack,460 g"},"content":{"rendered":"<p>Lieto\u0161ana: uzkl\u0101t nepiecie\u0161amu l\u012bdzek\u013ca daudzumu uz mitr\u0101s roku vai \u0137erme\u0146a \u0101das, saputot un nomazg\u0101t ar \u016bdeni. Nepiecie\u0161am\u012bbas gad\u012bjum\u0101 proced\u016bru atk\u0101rtot. Piesardz\u012bbas pas\u0101kumi: ja iek\u013c\u016bst ac\u012bs, nepiecie\u0161ams r\u016bp\u012bgi nomazg\u0101t t\u0101s ar lielu teko\u0161\u0101 \u016bdens daudzumu. pH l\u012bmenis 5,5. Iesp\u0113jamas sv\u0101rst\u012bbas +- 1 vien\u012bba. Uzglab\u0101\u0161anas noteikumi: no 0\u00b0C l\u012bdz 25\u00b0C, sarg\u0101t no saules stariem.\u00a0<\/p>\n","protected":false},"excerpt":{"rendered":"<p>Lieto\u0161ana: uzkl\u0101t nepiecie\u0161amu l\u012bdzek\u013ca daudzumu uz mitr\u0101s roku vai \u0137erme\u0146a \u0101das, saputot un nomazg\u0101t ar \u016bdeni. Nepiecie\u0161am\u012bbas gad\u012bjum\u0101 proced\u016bru atk\u0101rtot. Piesardz\u012bbas pas\u0101kumi: ja iek\u013c\u016bst ac\u012bs, nepiecie\u0161ams r\u016bp\u012bgi nomazg\u0101t t\u0101s ar lielu teko\u0161\u0101 \u016bdens daudzumu. pH l\u012bmenis 5,5. Iesp\u0113jamas sv\u0101rst\u012bbas +- 1 vien\u012bba. Uzglab\u0101\u0161anas noteikumi: no 0\u00b0C l\u012bdz 25\u00b0C, sarg\u0101t no saules stariem.\u00a0<\/p>\n","protected":false},"featured_media":81854,"template":"","meta":[],"product_cat":[1607],"product_tag":[],"class_list":{"0":"post-34372","1":"product","2":"type-product","3":"status-publish","4":"has-post-thumbnail","6":"product_brand-slobozanskij-milovar_ua","7":"product_cat-ziepes","9":"first","10":"outofstock","11":"taxable","12":"shipping-taxable","13":"product-type-simple"},"_links":{"self":[{"href":"https:\/\/e.kosmolat.eu\/lv\/wp-json\/wp\/v2\/product\/34372","targetHints":{"allow":["GET"]}}],"collection":[{"href":"https:\/\/e.kosmolat.eu\/lv\/wp-json\/wp\/v2\/product"}],"about":[{"href":"https:\/\/e.kosmolat.eu\/lv\/wp-json\/wp\/v2\/types\/product"}],"wp:featuredmedia":[{"embeddable":true,"href":"https:\/\/e.kosmolat.eu\/lv\/wp-json\/wp\/v2\/media\/81854"}],"wp:attachment":[{"href":"https:\/\/e.kosmolat.eu\/lv\/wp-json\/wp\/v2\/media?parent=34372"}],"wp:term":[{"taxonomy":"product_cat","embeddable":true,"href":"https:\/\/e.kosmolat.eu\/lv\/wp-json\/wp\/v2\/product_cat?post=34372"},{"taxonomy":"product_tag","embeddable":true,"href":"https:\/\/e.kosmolat.eu\/lv\/wp-json\/wp\/v2\/product_tag?post=34372"}],"curies":[{"name":"wp","href":"https:\/\/api.w.org\/{rel}","templated":true}]}}