{"id":34368,"date":"2023-12-22T15:17:44","date_gmt":"2023-12-22T15:17:44","guid":{"rendered":"https:\/\/e.kosmolat.eu\/product\/shik-nectar-skidras-kremziepes-papaija-un-mango-460-ml\/"},"modified":"2026-03-31T19:40:26","modified_gmt":"2026-03-31T19:40:26","slug":"shik-nectar-skidras-kremziepes-papaija-un-mango-doy-pack-460-g","status":"publish","type":"product","link":"https:\/\/e.kosmolat.eu\/lv\/product\/shik-nectar-skidras-kremziepes-papaija-un-mango-doy-pack-460-g\/","title":{"rendered":"SHIK Nectar \u0160\u0137idr\u0101s kr\u0113mziepes Papaija un mango, doy-pack, 460 g"},"content":{"rendered":"<p><strong>Lieto&scaron;ana: <\/strong>uzkl\u0101t nepiecie&scaron;amu l\u012bdzek\u013ca daudzumu uz mitr\u0101s roku vai \u0137erme\u0146a \u0101das, saputot un nomazg\u0101t ar \u016bdeni. Nepiecie&scaron;am\u012bbas gad\u012bjum\u0101 proced\u016bru atk\u0101rtot.<\/p>\n<p><strong>Piesardz\u012bbas pas\u0101kumi:<\/strong> ja iek\u013c\u016bst ac\u012bs, nepiecie&scaron;ams r\u016bp\u012bgi nomazg\u0101t t\u0101s ar lielu teko&scaron;\u0101 \u016bdens daudzumu. pH l\u012bmenis 5,5. Iesp\u0113jamas sv\u0101rst\u012bbas +- 1 vien\u012bba.<\/p>\n<p><strong>Uzglab\u0101&scaron;anas noteikumi:<\/strong> no 0&deg;C l\u012bdz 25&deg;C, sarg\u0101t no saules stariem.<\/p>\n","protected":false},"excerpt":{"rendered":"<p>Lieto&scaron;ana: uzkl\u0101t nepiecie&scaron;amu l\u012bdzek\u013ca daudzumu uz mitr\u0101s roku vai \u0137erme\u0146a \u0101das, saputot un nomazg\u0101t ar \u016bdeni. Nepiecie&scaron;am\u012bbas gad\u012bjum\u0101 proced\u016bru atk\u0101rtot. Piesardz\u012bbas pas\u0101kumi: ja iek\u013c\u016bst ac\u012bs, nepiecie&scaron;ams r\u016bp\u012bgi nomazg\u0101t t\u0101s ar lielu teko&scaron;\u0101 \u016bdens daudzumu. pH l\u012bmenis 5,5. Iesp\u0113jamas sv\u0101rst\u012bbas +- 1 vien\u012bba. Uzglab\u0101&scaron;anas noteikumi: no 0&deg;C l\u012bdz 25&deg;C, sarg\u0101t no saules stariem.<\/p>\n","protected":false},"featured_media":53484,"template":"","meta":[],"product_cat":[1746],"product_tag":[],"class_list":{"0":"post-34368","1":"product","2":"type-product","3":"status-publish","4":"has-post-thumbnail","6":"product_brand-slobozanskij-milovar_ua","7":"product_cat-skidras-ziepes","9":"first","10":"outofstock","11":"taxable","12":"shipping-taxable","13":"product-type-simple"},"_links":{"self":[{"href":"https:\/\/e.kosmolat.eu\/lv\/wp-json\/wp\/v2\/product\/34368","targetHints":{"allow":["GET"]}}],"collection":[{"href":"https:\/\/e.kosmolat.eu\/lv\/wp-json\/wp\/v2\/product"}],"about":[{"href":"https:\/\/e.kosmolat.eu\/lv\/wp-json\/wp\/v2\/types\/product"}],"wp:featuredmedia":[{"embeddable":true,"href":"https:\/\/e.kosmolat.eu\/lv\/wp-json\/wp\/v2\/media\/53484"}],"wp:attachment":[{"href":"https:\/\/e.kosmolat.eu\/lv\/wp-json\/wp\/v2\/media?parent=34368"}],"wp:term":[{"taxonomy":"product_cat","embeddable":true,"href":"https:\/\/e.kosmolat.eu\/lv\/wp-json\/wp\/v2\/product_cat?post=34368"},{"taxonomy":"product_tag","embeddable":true,"href":"https:\/\/e.kosmolat.eu\/lv\/wp-json\/wp\/v2\/product_tag?post=34368"}],"curies":[{"name":"wp","href":"https:\/\/api.w.org\/{rel}","templated":true}]}}