{"id":34364,"date":"2023-12-22T15:17:24","date_gmt":"2023-12-22T15:17:24","guid":{"rendered":"https:\/\/e.kosmolat.eu\/product\/shik-nectar-skidras-kremziepes-licija-un-pitaija-460-ml\/"},"modified":"2025-09-19T18:30:30","modified_gmt":"2025-09-19T18:30:30","slug":"shik-nectar-skidras-kremziepes-licija-un-pitaija-doy-pack460-g","status":"publish","type":"product","link":"https:\/\/e.kosmolat.eu\/lv\/product\/shik-nectar-skidras-kremziepes-licija-un-pitaija-doy-pack460-g\/","title":{"rendered":"SHIK Nectar \u0160\u0137idr\u0101s kr\u0113mziepes L\u012b\u010dija un pitaija, doy-pack,460 g"},"content":{"rendered":"<p>Lieto\u0161ana: uzkl\u0101jiet nepiecie\u0161amo l\u012bdzek\u013ca daudzumu uz mitr\u0101m rok\u0101m vai \u0137erme\u0146a \u0101das, saputojiet un noskalojiet ar \u016bdeni. Nepiecie\u0161am\u012bbas gad\u012bjum\u0101 proced\u016bru atk\u0101rtojiet. <\/p>\n<p>Piesardz\u012bbas pas\u0101kumi: ja iek\u013c\u016bst ac\u012bs, r\u016bp\u012bgi izskalojiet ar lielu daudzumu \u016bdens. <\/p>\n<p>Uzglab\u0101t temperat\u016br\u0101 no +5\u00b0C l\u012bdz +25\u00b0C, sarg\u0101jot no tie\u0161iem saules stariem.<\/p>\n","protected":false},"excerpt":{"rendered":"<p>Lieto\u0161ana: uzkl\u0101jiet nepiecie\u0161amo l\u012bdzek\u013ca daudzumu uz mitr\u0101m rok\u0101m vai \u0137erme\u0146a \u0101das, saputojiet un noskalojiet ar \u016bdeni. Nepiecie\u0161am\u012bbas gad\u012bjum\u0101 proced\u016bru atk\u0101rtojiet. Piesardz\u012bbas pas\u0101kumi: ja iek\u013c\u016bst ac\u012bs, r\u016bp\u012bgi izskalojiet ar lielu daudzumu \u016bdens. Uzglab\u0101t temperat\u016br\u0101 no +5\u00b0C l\u012bdz +25\u00b0C, sarg\u0101jot no tie\u0161iem saules stariem.<\/p>\n","protected":false},"featured_media":81850,"template":"","meta":[],"product_cat":[1748],"product_tag":[],"class_list":{"0":"post-34364","1":"product","2":"type-product","3":"status-publish","4":"has-post-thumbnail","6":"product_brand-slobozanskij-milovar_ua","7":"product_cat-skystas-muilas","9":"first","10":"outofstock","11":"taxable","12":"shipping-taxable","13":"product-type-simple"},"_links":{"self":[{"href":"https:\/\/e.kosmolat.eu\/lv\/wp-json\/wp\/v2\/product\/34364","targetHints":{"allow":["GET"]}}],"collection":[{"href":"https:\/\/e.kosmolat.eu\/lv\/wp-json\/wp\/v2\/product"}],"about":[{"href":"https:\/\/e.kosmolat.eu\/lv\/wp-json\/wp\/v2\/types\/product"}],"wp:featuredmedia":[{"embeddable":true,"href":"https:\/\/e.kosmolat.eu\/lv\/wp-json\/wp\/v2\/media\/81850"}],"wp:attachment":[{"href":"https:\/\/e.kosmolat.eu\/lv\/wp-json\/wp\/v2\/media?parent=34364"}],"wp:term":[{"taxonomy":"product_cat","embeddable":true,"href":"https:\/\/e.kosmolat.eu\/lv\/wp-json\/wp\/v2\/product_cat?post=34364"},{"taxonomy":"product_tag","embeddable":true,"href":"https:\/\/e.kosmolat.eu\/lv\/wp-json\/wp\/v2\/product_tag?post=34364"}],"curies":[{"name":"wp","href":"https:\/\/api.w.org\/{rel}","templated":true}]}}