{"id":34276,"date":"2023-12-22T15:09:56","date_gmt":"2023-12-22T15:09:56","guid":{"rendered":"https:\/\/e.kosmolat.eu\/product\/lv-lupu-krasa-05-tonis-4-g\/"},"modified":"2025-09-19T18:56:30","modified_gmt":"2025-09-19T18:56:30","slug":"lv-lupu-krasa-05-tonis-4-g","status":"publish","type":"product","link":"https:\/\/e.kosmolat.eu\/lv\/product\/lv-lupu-krasa-05-tonis-4-g\/","title":{"rendered":"LV L\u016bpu kr\u0101sa, 05 tonis, 4 g"},"content":{"rendered":"<p>L\u016bpu kr\u0101s\u0101 ir p\u0113r\u013cu mirdzumi un mirdzo\u0161i pigmenti, kas rada apjom\u012bgu l\u016bpu optisko efektu un pie\u0161\u0137ir t\u0101m \u017eilbino\u0161u mirdzumu.\n<\/p>\n<\/p>\n<p>Vair\u0101kas stundas nezaud\u0113 kr\u0101su pies\u0101tin\u0101jumu, baro un mitrina l\u016bpas.\n<\/p>\n<\/p>\n<p>Pies\u0101tin\u0101tas p\u0113r\u013cu nokr\u0101sas ar augstu kr\u0101su reprodukcijas l\u012bmeni.\n<\/p>\n<\/p>\n<p>Uzman\u012bbu! Kr\u0101sas displej\u0101 var at\u0161\u0137irties no faktisk\u0101s produkta kr\u0101sas.<\/p>\n","protected":false},"excerpt":{"rendered":"<p>L\u016bpu kr\u0101s\u0101 ir p\u0113r\u013cu mirdzumi un mirdzo\u0161i pigmenti, kas rada apjom\u012bgu l\u016bpu optisko efektu un pie\u0161\u0137ir t\u0101m \u017eilbino\u0161u mirdzumu. Vair\u0101kas stundas nezaud\u0113 kr\u0101su pies\u0101tin\u0101jumu, baro un mitrina l\u016bpas. Pies\u0101tin\u0101tas p\u0113r\u013cu nokr\u0101sas ar augstu kr\u0101su reprodukcijas l\u012bmeni. Uzman\u012bbu! Kr\u0101sas displej\u0101 var at\u0161\u0137irties no faktisk\u0101s produkta kr\u0101sas.<\/p>\n","protected":false},"featured_media":82306,"template":"","meta":[],"product_cat":[1270],"product_tag":[],"class_list":{"0":"post-34276","1":"product","2":"type-product","3":"status-publish","4":"has-post-thumbnail","6":"product_brand-lux-visage_by","7":"product_cat-1270","9":"first","10":"outofstock","11":"taxable","12":"shipping-taxable","13":"product-type-simple"},"_links":{"self":[{"href":"https:\/\/e.kosmolat.eu\/lv\/wp-json\/wp\/v2\/product\/34276","targetHints":{"allow":["GET"]}}],"collection":[{"href":"https:\/\/e.kosmolat.eu\/lv\/wp-json\/wp\/v2\/product"}],"about":[{"href":"https:\/\/e.kosmolat.eu\/lv\/wp-json\/wp\/v2\/types\/product"}],"wp:featuredmedia":[{"embeddable":true,"href":"https:\/\/e.kosmolat.eu\/lv\/wp-json\/wp\/v2\/media\/82306"}],"wp:attachment":[{"href":"https:\/\/e.kosmolat.eu\/lv\/wp-json\/wp\/v2\/media?parent=34276"}],"wp:term":[{"taxonomy":"product_cat","embeddable":true,"href":"https:\/\/e.kosmolat.eu\/lv\/wp-json\/wp\/v2\/product_cat?post=34276"},{"taxonomy":"product_tag","embeddable":true,"href":"https:\/\/e.kosmolat.eu\/lv\/wp-json\/wp\/v2\/product_tag?post=34276"}],"curies":[{"name":"wp","href":"https:\/\/api.w.org\/{rel}","templated":true}]}}