{"id":34236,"date":"2023-12-22T15:06:54","date_gmt":"2023-12-22T15:06:54","guid":{"rendered":"https:\/\/e.kosmolat.eu\/product\/lv-glass-shine-19-lupu-spidums-28-g\/"},"modified":"2025-09-19T18:59:04","modified_gmt":"2025-09-19T18:59:04","slug":"lv-glass-shine-19-lupu-spidums-28-g","status":"publish","type":"product","link":"https:\/\/e.kosmolat.eu\/lv\/product\/lv-glass-shine-19-lupu-spidums-28-g\/","title":{"rendered":"LV GLASS SHINE 19 L\u016bpu sp\u012bdums 2,8 g"},"content":{"rendered":"<p>Perlamutra atstarojo\u0161\u0101s mikroda\u013ci\u0146as nodro\u0161ina l\u016bp\u0101m nevainojamu gludumu un apjomu. Sp\u012bduma formula satur E vitam\u012bnu, kas m\u012bkstina un mitrina l\u016bpu \u0101du. Ikdien\u0101 lietojot, l\u016bpas k\u013c\u016bst m\u012bkst\u0101kas un koptas.<\/p>\n","protected":false},"excerpt":{"rendered":"<p>Perlamutra atstarojo\u0161\u0101s mikroda\u013ci\u0146as nodro\u0161ina l\u016bp\u0101m nevainojamu gludumu un apjomu. Sp\u012bduma formula satur E vitam\u012bnu, kas m\u012bkstina un mitrina l\u016bpu \u0101du. Ikdien\u0101 lietojot, l\u016bpas k\u013c\u016bst m\u012bkst\u0101kas un koptas.<\/p>\n","protected":false},"featured_media":82358,"template":"","meta":[],"product_cat":[1271],"product_tag":[],"class_list":{"0":"post-34236","1":"product","2":"type-product","3":"status-publish","4":"has-post-thumbnail","6":"product_brand-lux-visage_by","7":"product_cat-lupu-spidumi","9":"first","10":"outofstock","11":"taxable","12":"shipping-taxable","13":"product-type-simple"},"_links":{"self":[{"href":"https:\/\/e.kosmolat.eu\/lv\/wp-json\/wp\/v2\/product\/34236","targetHints":{"allow":["GET"]}}],"collection":[{"href":"https:\/\/e.kosmolat.eu\/lv\/wp-json\/wp\/v2\/product"}],"about":[{"href":"https:\/\/e.kosmolat.eu\/lv\/wp-json\/wp\/v2\/types\/product"}],"wp:featuredmedia":[{"embeddable":true,"href":"https:\/\/e.kosmolat.eu\/lv\/wp-json\/wp\/v2\/media\/82358"}],"wp:attachment":[{"href":"https:\/\/e.kosmolat.eu\/lv\/wp-json\/wp\/v2\/media?parent=34236"}],"wp:term":[{"taxonomy":"product_cat","embeddable":true,"href":"https:\/\/e.kosmolat.eu\/lv\/wp-json\/wp\/v2\/product_cat?post=34236"},{"taxonomy":"product_tag","embeddable":true,"href":"https:\/\/e.kosmolat.eu\/lv\/wp-json\/wp\/v2\/product_tag?post=34236"}],"curies":[{"name":"wp","href":"https:\/\/api.w.org\/{rel}","templated":true}]}}