{"id":34196,"date":"2023-12-22T15:03:52","date_gmt":"2023-12-22T15:03:52","guid":{"rendered":"https:\/\/e.kosmolat.eu\/product\/sl-kremveida-dusas-zeleja-izvelies-mani-445-ml\/"},"modified":"2025-09-19T18:07:59","modified_gmt":"2025-09-19T18:07:59","slug":"sl-kremveida-dusas-zeleja-izvelies-mani-445-ml","status":"publish","type":"product","link":"https:\/\/e.kosmolat.eu\/lv\/product\/sl-kremveida-dusas-zeleja-izvelies-mani-445-ml\/","title":{"rendered":"SL Kr\u0113mveida du\u0161as \u017eeleja &#8220;Izv\u0113lies mani!, 445 ml"},"content":{"rendered":"<p>Neatk\u0101rtojami uzmundrino&scaron;s laima-piparm\u0113tru arom\u0101ts uzlabos garast\u0101vokli un piepild\u012bs ar ener\u0123iju uz ilgu laiku. Citrona ekstrakts toniz\u0113, pal\u012bdz c\u012b\u0146\u0101 ar celul\u012btu, pie&scaron;\u0137ir \u0101dai tvirtumu. Toniz\u0113jo&scaron;\u0101 SPA-proced\u016bra garast\u0101vok\u013ca rad\u012b&scaron;anai!<\/p>\n<p><strong>Lieto&scaron;ana: <\/strong>ar mas\u0113jo&scaron;\u0101m kust\u012bb\u0101m<strong>&nbsp;<\/strong>uzkl\u0101t \u017eeleju uz mitra \u0137erme\u0146a \u0101das. Nomazg\u0101t ar siltu \u016bdeni.&nbsp;<\/p>\n","protected":false},"excerpt":{"rendered":"<p>Neatk\u0101rtojami uzmundrino&scaron;s laima-piparm\u0113tru arom\u0101ts uzlabos garast\u0101vokli un piepild\u012bs ar ener\u0123iju uz ilgu laiku. Citrona ekstrakts toniz\u0113, pal\u012bdz c\u012b\u0146\u0101 ar celul\u012btu, pie&scaron;\u0137ir \u0101dai tvirtumu. Toniz\u0113jo&scaron;\u0101 SPA-proced\u016bra garast\u0101vok\u013ca rad\u012b&scaron;anai! Lieto&scaron;ana: ar mas\u0113jo&scaron;\u0101m kust\u012bb\u0101m&nbsp;uzkl\u0101t \u017eeleju uz mitra \u0137erme\u0146a \u0101das. Nomazg\u0101t ar siltu \u016bdeni.&nbsp;<\/p>\n","protected":false},"featured_media":81482,"template":"","meta":[],"product_cat":[1280],"product_tag":[],"class_list":{"0":"post-34196","1":"product","2":"type-product","3":"status-publish","4":"has-post-thumbnail","6":"product_brand-matbea_sivis_by","7":"product_cat-dusas-zelejas-un-dusas-ellas","9":"first","10":"outofstock","11":"taxable","12":"shipping-taxable","13":"product-type-simple"},"_links":{"self":[{"href":"https:\/\/e.kosmolat.eu\/lv\/wp-json\/wp\/v2\/product\/34196","targetHints":{"allow":["GET"]}}],"collection":[{"href":"https:\/\/e.kosmolat.eu\/lv\/wp-json\/wp\/v2\/product"}],"about":[{"href":"https:\/\/e.kosmolat.eu\/lv\/wp-json\/wp\/v2\/types\/product"}],"wp:featuredmedia":[{"embeddable":true,"href":"https:\/\/e.kosmolat.eu\/lv\/wp-json\/wp\/v2\/media\/81482"}],"wp:attachment":[{"href":"https:\/\/e.kosmolat.eu\/lv\/wp-json\/wp\/v2\/media?parent=34196"}],"wp:term":[{"taxonomy":"product_cat","embeddable":true,"href":"https:\/\/e.kosmolat.eu\/lv\/wp-json\/wp\/v2\/product_cat?post=34196"},{"taxonomy":"product_tag","embeddable":true,"href":"https:\/\/e.kosmolat.eu\/lv\/wp-json\/wp\/v2\/product_tag?post=34196"}],"curies":[{"name":"wp","href":"https:\/\/api.w.org\/{rel}","templated":true}]}}