{"id":34192,"date":"2023-12-22T15:03:34","date_gmt":"2023-12-22T15:03:34","guid":{"rendered":"https:\/\/e.kosmolat.eu\/product\/sl-kremveida-dusas-zeleja-gribu-uz-provanci-445-ml\/"},"modified":"2025-09-19T18:07:47","modified_gmt":"2025-09-19T18:07:47","slug":"sl-kremveida-dusas-zeleja-gribu-uz-provanci-445-ml","status":"publish","type":"product","link":"https:\/\/e.kosmolat.eu\/lv\/product\/sl-kremveida-dusas-zeleja-gribu-uz-provanci-445-ml\/","title":{"rendered":"SL Kr\u0113mveida du\u0161as \u017eeleja  &#8220;Gribu uz Provanci&#8221;, 445 ml"},"content":{"rendered":"<p>Maig\u0101 kr\u0113mveida \u017eeleja ar dzied\u0113jo&scaron;u lavandas \u0113terisko e\u013c\u013cu. Ide\u0101li atsl\u0101bina, nomierina un rada SPA-salona atmosf\u0113ru. Pasarg\u0101 \u0101du no sausuma un savilkt\u012bbas saj\u016btas, nov\u0113r&scaron; t\u0101s iesp\u0113jamu lob\u012b&scaron;anos. Atsl\u0101bino&scaron;a SPA-proced\u016bra atp\u016btai!&nbsp;<\/p>\n<p><strong>Lieto&scaron;ana: <\/strong>uzkl\u0101jiet du&scaron;as \u017eeleju uz mitr\u0101s \u0137erme\u0146a \u0101das ar mas\u0113jo&scaron;\u0101m kust\u012bb\u0101m un noskalojiet ar siltu \u016bdeni.&nbsp;<\/p>\n","protected":false},"excerpt":{"rendered":"<p>Maig\u0101 kr\u0113mveida \u017eeleja ar dzied\u0113jo&scaron;u lavandas \u0113terisko e\u013c\u013cu. Ide\u0101li atsl\u0101bina, nomierina un rada SPA-salona atmosf\u0113ru. Pasarg\u0101 \u0101du no sausuma un savilkt\u012bbas saj\u016btas, nov\u0113r&scaron; t\u0101s iesp\u0113jamu lob\u012b&scaron;anos. Atsl\u0101bino&scaron;a SPA-proced\u016bra atp\u016btai!&nbsp; Lieto&scaron;ana: uzkl\u0101jiet du&scaron;as \u017eeleju uz mitr\u0101s \u0137erme\u0146a \u0101das ar mas\u0113jo&scaron;\u0101m kust\u012bb\u0101m un noskalojiet ar siltu \u016bdeni.&nbsp;<\/p>\n","protected":false},"featured_media":81478,"template":"","meta":[],"product_cat":[1280],"product_tag":[],"class_list":{"0":"post-34192","1":"product","2":"type-product","3":"status-publish","4":"has-post-thumbnail","6":"product_brand-matbea_sivis_by","7":"product_cat-dusas-zelejas-un-dusas-ellas","9":"first","10":"outofstock","11":"taxable","12":"shipping-taxable","13":"product-type-simple"},"_links":{"self":[{"href":"https:\/\/e.kosmolat.eu\/lv\/wp-json\/wp\/v2\/product\/34192","targetHints":{"allow":["GET"]}}],"collection":[{"href":"https:\/\/e.kosmolat.eu\/lv\/wp-json\/wp\/v2\/product"}],"about":[{"href":"https:\/\/e.kosmolat.eu\/lv\/wp-json\/wp\/v2\/types\/product"}],"wp:featuredmedia":[{"embeddable":true,"href":"https:\/\/e.kosmolat.eu\/lv\/wp-json\/wp\/v2\/media\/81478"}],"wp:attachment":[{"href":"https:\/\/e.kosmolat.eu\/lv\/wp-json\/wp\/v2\/media?parent=34192"}],"wp:term":[{"taxonomy":"product_cat","embeddable":true,"href":"https:\/\/e.kosmolat.eu\/lv\/wp-json\/wp\/v2\/product_cat?post=34192"},{"taxonomy":"product_tag","embeddable":true,"href":"https:\/\/e.kosmolat.eu\/lv\/wp-json\/wp\/v2\/product_tag?post=34192"}],"curies":[{"name":"wp","href":"https:\/\/api.w.org\/{rel}","templated":true}]}}