{"id":34188,"date":"2023-12-22T15:03:13","date_gmt":"2023-12-22T15:03:13","guid":{"rendered":"https:\/\/e.kosmolat.eu\/product\/sl-kremveida-dusas-zeleja-roza-noskanojums-445-ml\/"},"modified":"2025-09-19T18:07:36","modified_gmt":"2025-09-19T18:07:36","slug":"sl-kremveida-dusas-zeleja-roza-noskanojums-445-ml","status":"publish","type":"product","link":"https:\/\/e.kosmolat.eu\/lv\/product\/sl-kremveida-dusas-zeleja-roza-noskanojums-445-ml\/","title":{"rendered":"SL Kr\u0113mveida du\u0161as \u017eeleja &#8220;Roz\u0101 noska\u0146ojums&#8221;, 445 ml"},"content":{"rendered":"<p>Kr\u0113mveida du\u0161as \u017eeleja ar Anglijas rozes arom\u0101tu, kur\u0161 nodro\u0161ina romantisku garast\u0101vokli visas dienas garum\u0101. Passifloras ekstrakts lieliski pasarg\u0101 \u0101du no sausuma, nov\u0113r\u0161 t\u0101s iesp\u0113jamu lob\u012b\u0161anos. Arom\u0101t\u012bg\u0101 SPA-proced\u016bra katru reizi, kad J\u016bs grib\u0113siet!<br \/>\nLieto\u0161ana: uzkl\u0101t \u017eeleju uz mitr\u0101 \u0137erme\u0146a mas\u0113jo\u0161\u0101m kust\u012bb\u0101m. Nomazg\u0101t ar siltu \u016bdeni.&nbsp;<\/p>\n","protected":false},"excerpt":{"rendered":"<p>Kr\u0113mveida du\u0161as \u017eeleja ar Anglijas rozes arom\u0101tu, kur\u0161 nodro\u0161ina romantisku garast\u0101vokli visas dienas garum\u0101. Passifloras ekstrakts lieliski pasarg\u0101 \u0101du no sausuma, nov\u0113r\u0161 t\u0101s iesp\u0113jamu lob\u012b\u0161anos. Arom\u0101t\u012bg\u0101 SPA-proced\u016bra katru reizi, kad J\u016bs grib\u0113siet! Lieto\u0161ana: uzkl\u0101t \u017eeleju uz mitr\u0101 \u0137erme\u0146a mas\u0113jo\u0161\u0101m kust\u012bb\u0101m. Nomazg\u0101t ar siltu \u016bdeni.&nbsp;<\/p>\n","protected":false},"featured_media":81474,"template":"","meta":[],"product_cat":[1280],"product_tag":[],"class_list":{"0":"post-34188","1":"product","2":"type-product","3":"status-publish","4":"has-post-thumbnail","6":"product_brand-matbea_sivis_by","7":"product_cat-dusas-zelejas-un-dusas-ellas","9":"first","10":"outofstock","11":"taxable","12":"shipping-taxable","13":"product-type-simple"},"_links":{"self":[{"href":"https:\/\/e.kosmolat.eu\/lv\/wp-json\/wp\/v2\/product\/34188","targetHints":{"allow":["GET"]}}],"collection":[{"href":"https:\/\/e.kosmolat.eu\/lv\/wp-json\/wp\/v2\/product"}],"about":[{"href":"https:\/\/e.kosmolat.eu\/lv\/wp-json\/wp\/v2\/types\/product"}],"wp:featuredmedia":[{"embeddable":true,"href":"https:\/\/e.kosmolat.eu\/lv\/wp-json\/wp\/v2\/media\/81474"}],"wp:attachment":[{"href":"https:\/\/e.kosmolat.eu\/lv\/wp-json\/wp\/v2\/media?parent=34188"}],"wp:term":[{"taxonomy":"product_cat","embeddable":true,"href":"https:\/\/e.kosmolat.eu\/lv\/wp-json\/wp\/v2\/product_cat?post=34188"},{"taxonomy":"product_tag","embeddable":true,"href":"https:\/\/e.kosmolat.eu\/lv\/wp-json\/wp\/v2\/product_tag?post=34188"}],"curies":[{"name":"wp","href":"https:\/\/api.w.org\/{rel}","templated":true}]}}