{"id":34176,"date":"2023-12-22T15:02:08","date_gmt":"2023-12-22T15:02:08","guid":{"rendered":"https:\/\/e.kosmolat.eu\/product\/i_sl-detox-krems-zekes-kajam-75-ml\/"},"modified":"2025-09-19T18:05:50","modified_gmt":"2025-09-19T18:05:50","slug":"i_sl-detox-krems-zekes-kajam-75-ml","status":"publish","type":"product","link":"https:\/\/e.kosmolat.eu\/lv\/product\/i_sl-detox-krems-zekes-kajam-75-ml\/","title":{"rendered":"I_&#8221;SL Detox&#8221; Kr\u0113ms-ze\u0137es k\u0101j\u0101m, 75 ml"},"content":{"rendered":"<p>Daudzfunkcion\u0101ls kr\u0113ms k\u0101ju \u0101das kop\u0161anai nodro\u0161ina efekt\u012bvu m\u012bkstin\u0101\u0161anu (karbam\u012bds), ilgsto\u0161u mitrin\u0101\u0161anu (ka\u0146epju, kokosriekstu un sojas e\u013c\u013ca) un dro\u0161u aizsardz\u012bbu (salvijas. Ingvers, citrons). Veicina raupjas p\u0113du \u0101das m\u012bkstin\u0101\u0161anu un kav\u0113 mikroplaisu un tulznu veido\u0161anos.<\/p>\n<p><strong>Lieto\u0161ana:<\/strong>&nbsp;ar mas\u0113jo\u0161\u0101m kust\u012bb\u0101m&nbsp;uzkl\u0101t kr\u0113mu uz t\u012bras sausas p\u0113du \u0101das.<\/p>\n","protected":false},"excerpt":{"rendered":"<p>Daudzfunkcion\u0101ls kr\u0113ms k\u0101ju \u0101das kop\u0161anai nodro\u0161ina efekt\u012bvu m\u012bkstin\u0101\u0161anu (karbam\u012bds), ilgsto\u0161u mitrin\u0101\u0161anu (ka\u0146epju, kokosriekstu un sojas e\u013c\u013ca) un dro\u0161u aizsardz\u012bbu (salvijas. Ingvers, citrons). Veicina raupjas p\u0113du \u0101das m\u012bkstin\u0101\u0161anu un kav\u0113 mikroplaisu un tulznu veido\u0161anos. Lieto\u0161ana:&nbsp;ar mas\u0113jo\u0161\u0101m kust\u012bb\u0101m&nbsp;uzkl\u0101t kr\u0113mu uz t\u012bras sausas p\u0113du \u0101das.<\/p>\n","protected":false},"featured_media":81442,"template":"","meta":[],"product_cat":[1762],"product_tag":[],"class_list":{"0":"post-34176","1":"product","2":"type-product","3":"status-publish","4":"has-post-thumbnail","6":"product_brand-matbea_sivis_by","7":"product_cat-1762","9":"first","10":"outofstock","11":"taxable","12":"shipping-taxable","13":"product-type-simple"},"_links":{"self":[{"href":"https:\/\/e.kosmolat.eu\/lv\/wp-json\/wp\/v2\/product\/34176","targetHints":{"allow":["GET"]}}],"collection":[{"href":"https:\/\/e.kosmolat.eu\/lv\/wp-json\/wp\/v2\/product"}],"about":[{"href":"https:\/\/e.kosmolat.eu\/lv\/wp-json\/wp\/v2\/types\/product"}],"wp:featuredmedia":[{"embeddable":true,"href":"https:\/\/e.kosmolat.eu\/lv\/wp-json\/wp\/v2\/media\/81442"}],"wp:attachment":[{"href":"https:\/\/e.kosmolat.eu\/lv\/wp-json\/wp\/v2\/media?parent=34176"}],"wp:term":[{"taxonomy":"product_cat","embeddable":true,"href":"https:\/\/e.kosmolat.eu\/lv\/wp-json\/wp\/v2\/product_cat?post=34176"},{"taxonomy":"product_tag","embeddable":true,"href":"https:\/\/e.kosmolat.eu\/lv\/wp-json\/wp\/v2\/product_tag?post=34176"}],"curies":[{"name":"wp","href":"https:\/\/api.w.org\/{rel}","templated":true}]}}