{"id":34172,"date":"2023-12-22T15:01:47","date_gmt":"2023-12-22T15:01:47","guid":{"rendered":"https:\/\/e.kosmolat.eu\/product\/vc-skidras-ziepes-tiare-ziedi-un-karambola-doy-pack-500-ml\/"},"modified":"2025-09-19T18:03:22","modified_gmt":"2025-09-19T18:03:22","slug":"i_vc-skidras-ziepes-tiare-ziedi-un-karambola-doy-pack-500-ml","status":"publish","type":"product","link":"https:\/\/e.kosmolat.eu\/lv\/product\/i_vc-skidras-ziepes-tiare-ziedi-un-karambola-doy-pack-500-ml\/","title":{"rendered":"I_VC \u0160\u0137idr\u0101s ziepes Tiare ziedi un karambola, doy-pack 500 ml"},"content":{"rendered":"<p>Nevainojamas \u0101das nosl\u0113pums ir maiga t\u012br\u012b&scaron;ana, kop&scaron;ana un mitrin\u0101&scaron;ana, ko nodro&scaron;ina &scaron;\u0137idr\u0101s ziepes VITAL CHARM. Ziepes satur dab\u012bgu j\u016bras s\u0101li, piparm\u0113tru ekstraktu, mentolu un glicer\u012bnu. J\u016bras s\u0101ls bag\u0101tina \u0101du ar v\u0113rt\u012bgiem mikroelementiem, stimul\u0113 \u0101das &scaron;\u016bnu atjauno&scaron;anos un padara \u0101du maig\u0101ku. Piparm\u0113tru ekstrakts toniz\u0113 un uzlabo \u0101das kr\u0101su un tvirtumu. Mentols lieliski atsvaidzina un dezodor\u0113 \u0101du. Glicer\u012bns mitrina \u0101du, padarot to maig\u0101ku. Piparm\u0113tru smar\u017ea pie&scaron;\u0137ir neaizmirstamu svaiguma saj\u016btu.<\/p>\n<p><strong>Lieto&scaron;ana:<\/strong> Uzkl\u0101t da\u017eus ziepju pilienus uz mitr\u0101s \u0101das, saputot un noskalot.<\/p>\n<p>Uzglab\u0101t temperat\u016br\u0101 no +5 C l\u012bdz +25 C.<\/p>\n<p><strong>Piesardz\u012bbas pas\u0101kumi: <\/strong>izmantojiet, k\u0101 nor\u0101d\u012bts. Sarg\u0101t no b\u0113rniem.<\/p>\n","protected":false},"excerpt":{"rendered":"<p>Nevainojamas \u0101das nosl\u0113pums ir maiga t\u012br\u012b&scaron;ana, kop&scaron;ana un mitrin\u0101&scaron;ana, ko nodro&scaron;ina &scaron;\u0137idr\u0101s ziepes VITAL CHARM. Ziepes satur dab\u012bgu j\u016bras s\u0101li, piparm\u0113tru ekstraktu, mentolu un glicer\u012bnu. J\u016bras s\u0101ls bag\u0101tina \u0101du ar v\u0113rt\u012bgiem mikroelementiem, stimul\u0113 \u0101das &scaron;\u016bnu atjauno&scaron;anos un padara \u0101du maig\u0101ku. Piparm\u0113tru ekstrakts toniz\u0113 un uzlabo \u0101das kr\u0101su un tvirtumu. Mentols lieliski atsvaidzina un dezodor\u0113 \u0101du. [&#8230;]\n","protected":false},"featured_media":81398,"template":"","meta":[],"product_cat":[1746],"product_tag":[],"class_list":{"0":"post-34172","1":"product","2":"type-product","3":"status-publish","4":"has-post-thumbnail","6":"product_brand-aqua-cosmetics_ua","7":"product_cat-skidras-ziepes","9":"first","10":"outofstock","11":"taxable","12":"shipping-taxable","13":"product-type-simple"},"_links":{"self":[{"href":"https:\/\/e.kosmolat.eu\/lv\/wp-json\/wp\/v2\/product\/34172","targetHints":{"allow":["GET"]}}],"collection":[{"href":"https:\/\/e.kosmolat.eu\/lv\/wp-json\/wp\/v2\/product"}],"about":[{"href":"https:\/\/e.kosmolat.eu\/lv\/wp-json\/wp\/v2\/types\/product"}],"wp:featuredmedia":[{"embeddable":true,"href":"https:\/\/e.kosmolat.eu\/lv\/wp-json\/wp\/v2\/media\/81398"}],"wp:attachment":[{"href":"https:\/\/e.kosmolat.eu\/lv\/wp-json\/wp\/v2\/media?parent=34172"}],"wp:term":[{"taxonomy":"product_cat","embeddable":true,"href":"https:\/\/e.kosmolat.eu\/lv\/wp-json\/wp\/v2\/product_cat?post=34172"},{"taxonomy":"product_tag","embeddable":true,"href":"https:\/\/e.kosmolat.eu\/lv\/wp-json\/wp\/v2\/product_tag?post=34172"}],"curies":[{"name":"wp","href":"https:\/\/api.w.org\/{rel}","templated":true}]}}