{"id":34160,"date":"2023-12-22T15:00:35","date_gmt":"2023-12-22T15:00:35","guid":{"rendered":"https:\/\/e.kosmolat.eu\/product\/cz-micelarais-udens-sejai-lupam-acu-plakstiniem-750-ml\/"},"modified":"2025-09-19T17:18:17","modified_gmt":"2025-09-19T17:18:17","slug":"cz-micelarais-udens-sejai-lupam-acu-plakstiniem-750-ml","status":"publish","type":"product","link":"https:\/\/e.kosmolat.eu\/lv\/product\/cz-micelarais-udens-sejai-lupam-acu-plakstiniem-750-ml\/","title":{"rendered":"CZ Micel\u0101rais \u016bdens sejai, l\u016bp\u0101m, acu plaksti\u0146iem, 750 ml"},"content":{"rendered":"<p>Pat sausai un jut\u012bgai \u0101dai. No\u0146em makij\u0101\u017eu ar vienu kust\u012bbu, nomierina un kopj jau pirmaj\u0101s sekund\u0113s. Acu g\u013cot\u0101das komforts. &Scaron;\u0137idrais kolag\u0113ns, kam\u0113lija, hialurons. Att\u012br\u012b\u0161ana+kop\u0161ana &ndash; tas ir jauns att\u012br\u012b\u0161anas standarts. Unik\u0101la tehnolo\u0123ija: formula ar 20% akt\u012bvu serumu nomierina, baro un paaugstina \u0101das tvirtumu jau att\u012br\u012b\u0161anas posm\u0101.<\/p>\n<p><strong>Lieto\u0161ana:<\/strong> atveriet pudeles v\u0101ci\u0146u, nolieciet uz dozatora vates disku un uzspiediet 1-2 reizes, lai \u0161\u0137idrums iek\u013c\u016bst no pudel\u012btes. Ar samitrin\u0101tu vates disku saudz\u012bgi att\u012briet sejas un l\u016bpu \u0101du gar mas\u0101\u017eas l\u012bnij\u0101m. Makij\u0101\u017eas no\u0146em\u0161anai no plaksti\u0146iem aizveriet acis un pielieciet vates disku pie plaksti\u0146iem un skropst\u0101m uz da\u017e\u0101m sekund\u0113m, tad neber\u017eot not\u012briet makij\u0101\u017eas paliekas. Izvair\u012bties no iek\u013c\u016b\u0161anas ac\u012bs.&nbsp;<\/p>\n<p>&nbsp;<\/p>\n","protected":false},"excerpt":{"rendered":"<p>Pat sausai un jut\u012bgai \u0101dai. No\u0146em makij\u0101\u017eu ar vienu kust\u012bbu, nomierina un kopj jau pirmaj\u0101s sekund\u0113s. Acu g\u013cot\u0101das komforts. &Scaron;\u0137idrais kolag\u0113ns, kam\u0113lija, hialurons. Att\u012br\u012b\u0161ana+kop\u0161ana &ndash; tas ir jauns att\u012br\u012b\u0161anas standarts. Unik\u0101la tehnolo\u0123ija: formula ar 20% akt\u012bvu serumu nomierina, baro un paaugstina \u0101das tvirtumu jau att\u012br\u012b\u0161anas posm\u0101. Lieto\u0161ana: atveriet pudeles v\u0101ci\u0146u, nolieciet uz dozatora vates disku [&#8230;]\n","protected":false},"featured_media":80666,"template":"","meta":[],"product_cat":[1568],"product_tag":[],"class_list":{"0":"post-34160","1":"product","2":"type-product","3":"status-publish","4":"has-post-thumbnail","6":"product_brand-unilever-rus","7":"product_cat-micelarais-udens","9":"first","10":"outofstock","11":"taxable","12":"shipping-taxable","13":"product-type-simple"},"_links":{"self":[{"href":"https:\/\/e.kosmolat.eu\/lv\/wp-json\/wp\/v2\/product\/34160","targetHints":{"allow":["GET"]}}],"collection":[{"href":"https:\/\/e.kosmolat.eu\/lv\/wp-json\/wp\/v2\/product"}],"about":[{"href":"https:\/\/e.kosmolat.eu\/lv\/wp-json\/wp\/v2\/types\/product"}],"wp:featuredmedia":[{"embeddable":true,"href":"https:\/\/e.kosmolat.eu\/lv\/wp-json\/wp\/v2\/media\/80666"}],"wp:attachment":[{"href":"https:\/\/e.kosmolat.eu\/lv\/wp-json\/wp\/v2\/media?parent=34160"}],"wp:term":[{"taxonomy":"product_cat","embeddable":true,"href":"https:\/\/e.kosmolat.eu\/lv\/wp-json\/wp\/v2\/product_cat?post=34160"},{"taxonomy":"product_tag","embeddable":true,"href":"https:\/\/e.kosmolat.eu\/lv\/wp-json\/wp\/v2\/product_tag?post=34160"}],"curies":[{"name":"wp","href":"https:\/\/api.w.org\/{rel}","templated":true}]}}