{"id":34156,"date":"2023-12-22T15:00:09","date_gmt":"2023-12-22T15:00:09","guid":{"rendered":"https:\/\/e.kosmolat.eu\/product\/dry-day-vienreizejie-higieniskie-palagi-6060-5-gab\/"},"modified":"2025-09-19T18:01:20","modified_gmt":"2025-09-19T18:01:20","slug":"dry-day-vienreizejie-higieniskie-palagi-6060-5-gab","status":"publish","type":"product","link":"https:\/\/e.kosmolat.eu\/lv\/product\/dry-day-vienreizejie-higieniskie-palagi-6060-5-gab\/","title":{"rendered":"&#8220;Dry Day&#8221; Vienreiz\u0113jie higi\u0113niskie palagi  60*60, 5 gab."},"content":{"rendered":"<p>&Scaron;\u0137idrumu p\u0101rv\u0113r&scaron; \u017eelej\u0101.&nbsp;Blo\u0137\u0113 smakas.&nbsp;M\u012bksts virs\u0113jais sl\u0101nis.&nbsp;Elpojo&scaron;s apak&scaron;\u0113jais sl\u0101nis.&nbsp;\u0100tri uzs\u016bc mitrumu.&nbsp;100% dab\u012bga celuloze.<\/p>\n<p>Absorb\u0113jo&scaron;ie higi\u0113niskie vienreiz\u0113j\u0101s lieto&scaron;anas paladzi\u0146i ir paredz\u0113ti gultas ve\u013cas, gultu un citu virsmu papildu aizsardz\u012bbai, k\u0101 ar\u012b mainot auti\u0146biks\u012btes un veicot higi\u0113nas proced\u016bras. Paladzi\u0146u aug&scaron;\u0113jais sl\u0101nis, kas atrodas tie&scaron;\u0101 saskar\u0113 ar \u0137erme\u0146a \u0101du, ir izgatavots no m\u012bksta, hidrofila neausta materi\u0101la, lai \u0101da b\u016btu sausa un t\u012bra. Iek&scaron;\u0113jais absorb\u0113jo&scaron;ais sl\u0101nis sast\u0101v no 100% balin\u0101t\u0101s celulozes un superabsorbenta (SAP), kas &scaron;\u0137idrumu p\u0101rv\u0113r&scaron; \u017eelej\u0101. Apak&scaron;\u0113jais izol\u0101cijas sl\u0101nis ir izgatavots no iztur\u012bga elpojo&scaron;a polietil\u0113na, kas nodro&scaron;ina aizsardz\u012bbu pret nopl\u016bd\u0113m un \u013cauj \u0101dai elpot. Dry Day paladzi\u0146i nesl\u012bd un saglab\u0101 formu.&nbsp;<\/p>\n<p><strong>Lieto&scaron;anas instrukcija:<\/strong> atlociet paladzi\u0146u, novietojiet to ar m\u012bksto absorb\u0113jo&scaron;o pusi uz aug&scaron;u, ar polietil\u0113na pusi uz leju. Vienreiz lietojams produkts.<\/p>\n<p><strong>Uzman\u012bbu: <\/strong>nesaboj\u0101jiet izstr\u0101d\u0101juma virsmu, lai izvair\u012btos no celulozes un superabsorbenta izdal\u012b&scaron;an\u0101s. Neizmantojiet paladzi\u0146u tie&scaron;ai saskarei ar boj\u0101tu \u0101du.<\/p>\n<p><strong>Uzglab\u0101&scaron;anas nosac\u012bjumi:<\/strong> uzglab\u0101t saus\u0101 viet\u0101.<br \/>\n&nbsp;<\/p>\n","protected":false},"excerpt":{"rendered":"<p>&Scaron;\u0137idrumu p\u0101rv\u0113r&scaron; \u017eelej\u0101.&nbsp;Blo\u0137\u0113 smakas.&nbsp;M\u012bksts virs\u0113jais sl\u0101nis.&nbsp;Elpojo&scaron;s apak&scaron;\u0113jais sl\u0101nis.&nbsp;\u0100tri uzs\u016bc mitrumu.&nbsp;100% dab\u012bga celuloze. Absorb\u0113jo&scaron;ie higi\u0113niskie vienreiz\u0113j\u0101s lieto&scaron;anas paladzi\u0146i ir paredz\u0113ti gultas ve\u013cas, gultu un citu virsmu papildu aizsardz\u012bbai, k\u0101 ar\u012b mainot auti\u0146biks\u012btes un veicot higi\u0113nas proced\u016bras. Paladzi\u0146u aug&scaron;\u0113jais sl\u0101nis, kas atrodas tie&scaron;\u0101 saskar\u0113 ar \u0137erme\u0146a \u0101du, ir izgatavots no m\u012bksta, hidrofila neausta materi\u0101la, lai \u0101da b\u016btu [&#8230;]\n","protected":false},"featured_media":81362,"template":"","meta":[],"product_cat":[1810],"product_tag":[],"class_list":{"0":"post-34156","1":"product","2":"type-product","3":"status-publish","4":"has-post-thumbnail","6":"product_brand-modum_by","7":"product_cat-vates-izstradajumi","9":"first","10":"outofstock","11":"taxable","12":"shipping-taxable","13":"product-type-simple"},"_links":{"self":[{"href":"https:\/\/e.kosmolat.eu\/lv\/wp-json\/wp\/v2\/product\/34156","targetHints":{"allow":["GET"]}}],"collection":[{"href":"https:\/\/e.kosmolat.eu\/lv\/wp-json\/wp\/v2\/product"}],"about":[{"href":"https:\/\/e.kosmolat.eu\/lv\/wp-json\/wp\/v2\/types\/product"}],"wp:featuredmedia":[{"embeddable":true,"href":"https:\/\/e.kosmolat.eu\/lv\/wp-json\/wp\/v2\/media\/81362"}],"wp:attachment":[{"href":"https:\/\/e.kosmolat.eu\/lv\/wp-json\/wp\/v2\/media?parent=34156"}],"wp:term":[{"taxonomy":"product_cat","embeddable":true,"href":"https:\/\/e.kosmolat.eu\/lv\/wp-json\/wp\/v2\/product_cat?post=34156"},{"taxonomy":"product_tag","embeddable":true,"href":"https:\/\/e.kosmolat.eu\/lv\/wp-json\/wp\/v2\/product_tag?post=34156"}],"curies":[{"name":"wp","href":"https:\/\/api.w.org\/{rel}","templated":true}]}}