{"id":34123,"date":"2023-12-21T19:41:03","date_gmt":"2023-12-21T19:41:03","guid":{"rendered":"https:\/\/e.kosmolat.eu\/product\/dr-dent-zobu-pasta-caries-prevention-170-g\/"},"modified":"2025-09-03T05:51:04","modified_gmt":"2025-09-03T05:51:04","slug":"dr-dent-zobu-pasta-caries-prevention-170-g","status":"publish","type":"product","link":"https:\/\/e.kosmolat.eu\/lv\/product\/dr-dent-zobu-pasta-caries-prevention-170-g\/","title":{"rendered":"Dr.Dent Zobu pasta Caries prevention, 170 g"},"content":{"rendered":"<p>Zobu pasta Dr. Dent<br \/>\nKariesa profilakse<\/p>\n<p>Zobu emaljas atjauno\u0161ana. Zobu emaljas stiprin\u0101\u0161ana. Zobu aizsardz\u012bba pret kariesu.<\/p>\n<p>Nesatur fluoru.<\/p>\n<p>Lieto\u0161ana: Uzkl\u0101jiet nelielu daudzumu zobu pastas uz zobu birstes, ar viegl\u0101m kust\u012bb\u0101m not\u012briet zobus un m\u0113li. T\u012briet zobus 2-3 min\u016btes 2 reizes dien\u0101.<\/p>\n<p>Nelietot p\u0113c der\u012bguma termi\u0146a beig\u0101m.<br \/>\nUzglab\u0101t temperat\u016br\u0101 no 0C l\u012bdz +25C<br \/>\n&nbsp;<\/p>\n","protected":false},"excerpt":{"rendered":"<p>Zobu pasta Dr. Dent Kariesa profilakse Zobu emaljas atjauno\u0161ana. Zobu emaljas stiprin\u0101\u0161ana. Zobu aizsardz\u012bba pret kariesu. Nesatur fluoru. Lieto\u0161ana: Uzkl\u0101jiet nelielu daudzumu zobu pastas uz zobu birstes, ar viegl\u0101m kust\u012bb\u0101m not\u012briet zobus un m\u0113li. T\u012briet zobus 2-3 min\u016btes 2 reizes dien\u0101. Nelietot p\u0113c der\u012bguma termi\u0146a beig\u0101m. Uzglab\u0101t temperat\u016br\u0101 no 0C l\u012bdz +25C &nbsp;<\/p>\n","protected":false},"featured_media":0,"template":"","meta":[],"product_cat":[2181],"product_tag":[],"class_list":{"0":"post-34123","1":"product","2":"type-product","3":"status-publish","5":"product_brand-modum_by","6":"product_cat-bez-kategorijas-lt","8":"first","9":"outofstock","10":"taxable","11":"shipping-taxable","12":"product-type-simple"},"_links":{"self":[{"href":"https:\/\/e.kosmolat.eu\/lv\/wp-json\/wp\/v2\/product\/34123","targetHints":{"allow":["GET"]}}],"collection":[{"href":"https:\/\/e.kosmolat.eu\/lv\/wp-json\/wp\/v2\/product"}],"about":[{"href":"https:\/\/e.kosmolat.eu\/lv\/wp-json\/wp\/v2\/types\/product"}],"wp:attachment":[{"href":"https:\/\/e.kosmolat.eu\/lv\/wp-json\/wp\/v2\/media?parent=34123"}],"wp:term":[{"taxonomy":"product_cat","embeddable":true,"href":"https:\/\/e.kosmolat.eu\/lv\/wp-json\/wp\/v2\/product_cat?post=34123"},{"taxonomy":"product_tag","embeddable":true,"href":"https:\/\/e.kosmolat.eu\/lv\/wp-json\/wp\/v2\/product_tag?post=34123"}],"curies":[{"name":"wp","href":"https:\/\/api.w.org\/{rel}","templated":true}]}}