{"id":34103,"date":"2023-12-21T19:38:23","date_gmt":"2023-12-21T19:38:23","guid":{"rendered":"https:\/\/e.kosmolat.eu\/product\/milk-vannas-putas-sokolades-antistress-400-ml\/"},"modified":"2025-09-19T17:55:17","modified_gmt":"2025-09-19T17:55:17","slug":"milk-vannas-putas-sokolades-antistress-400-ml","status":"publish","type":"product","link":"https:\/\/e.kosmolat.eu\/lv\/product\/milk-vannas-putas-sokolades-antistress-400-ml\/","title":{"rendered":"Milk Vannas putas \u0160okol\u0101des Antistress, 400 ml"},"content":{"rendered":"<p>Vai v\u0113laties palutin\u0101t \u0101du ar greznu \u0101das kop&scaron;anu? \u012apa&scaron;i izv\u0113l\u0113tas sast\u0101vda\u013cas atst\u0101j \u0101du z\u012bdainu un m\u012bkstu, izl\u012bdzinot \u0101das pH l\u012bdzsvaru. Apburo&scaron;ie sald\u0101s vani\u013cas un smalk\u0101s &scaron;okol\u0101des arom\u0101ti rada patiesas grezn\u012bbas atmosf\u0113ru. &Scaron;okol\u0101des putas sniedz baudu un izgaisina visas r\u016bpes sniedzot patiesu labsaj\u016btu \u0137ermenim.<\/p>\n","protected":false},"excerpt":{"rendered":"<p>Vai v\u0113laties palutin\u0101t \u0101du ar greznu \u0101das kop&scaron;anu? \u012apa&scaron;i izv\u0113l\u0113tas sast\u0101vda\u013cas atst\u0101j \u0101du z\u012bdainu un m\u012bkstu, izl\u012bdzinot \u0101das pH l\u012bdzsvaru. Apburo&scaron;ie sald\u0101s vani\u013cas un smalk\u0101s &scaron;okol\u0101des arom\u0101ti rada patiesas grezn\u012bbas atmosf\u0113ru. &Scaron;okol\u0101des putas sniedz baudu un izgaisina visas r\u016bpes sniedzot patiesu labsaj\u016btu \u0137ermenim.<\/p>\n","protected":false},"featured_media":81250,"template":"","meta":[],"product_cat":[1610],"product_tag":[],"class_list":{"0":"post-34103","1":"product","2":"type-product","3":"status-publish","4":"has-post-thumbnail","6":"product_brand-vecie-kodi","7":"product_cat-vannas-putas-sali-bumbas","9":"first","10":"outofstock","11":"taxable","12":"shipping-taxable","13":"product-type-simple"},"_links":{"self":[{"href":"https:\/\/e.kosmolat.eu\/lv\/wp-json\/wp\/v2\/product\/34103","targetHints":{"allow":["GET"]}}],"collection":[{"href":"https:\/\/e.kosmolat.eu\/lv\/wp-json\/wp\/v2\/product"}],"about":[{"href":"https:\/\/e.kosmolat.eu\/lv\/wp-json\/wp\/v2\/types\/product"}],"wp:featuredmedia":[{"embeddable":true,"href":"https:\/\/e.kosmolat.eu\/lv\/wp-json\/wp\/v2\/media\/81250"}],"wp:attachment":[{"href":"https:\/\/e.kosmolat.eu\/lv\/wp-json\/wp\/v2\/media?parent=34103"}],"wp:term":[{"taxonomy":"product_cat","embeddable":true,"href":"https:\/\/e.kosmolat.eu\/lv\/wp-json\/wp\/v2\/product_cat?post=34103"},{"taxonomy":"product_tag","embeddable":true,"href":"https:\/\/e.kosmolat.eu\/lv\/wp-json\/wp\/v2\/product_tag?post=34103"}],"curies":[{"name":"wp","href":"https:\/\/api.w.org\/{rel}","templated":true}]}}