{"id":34099,"date":"2023-12-21T19:38:03","date_gmt":"2023-12-21T19:38:03","guid":{"rendered":"https:\/\/e.kosmolat.eu\/product\/milk-vannas-putas-sokolades-spa-kopsana-400-ml\/"},"modified":"2025-09-19T17:55:05","modified_gmt":"2025-09-19T17:55:05","slug":"milk-vannas-putas-sokolades-spa-kopsana-400-ml","status":"publish","type":"product","link":"https:\/\/e.kosmolat.eu\/lv\/product\/milk-vannas-putas-sokolades-spa-kopsana-400-ml\/","title":{"rendered":"Milk Vannas putas \u0160okol\u0101des SPA-kop\u0161ana, 400 ml"},"content":{"rendered":"<\/p>\n<p>Ienirstiet sv\u0113tlaimes atmosf\u0113r\u0101. \u0160okol\u0101des burbu\u013cvanna ar piena olbaltumviel\u0101m un kakao ekstraktiem &#8211; p\u0101rsteidzo\u0161s SPA \u0101dai. Vannas uz\u0146em\u0161ana ar \u0161okol\u0101des put\u0101m ir \u012bsts skaistumkop\u0161anas ritu\u0101ls, kas \u012bpa\u0161i paredz\u0113ts tiem, kam pat\u012bk iem\u0113rc putotos m\u0101ko\u0146us. Sniedz viegluma un nevainojamas t\u012br\u012bbas saj\u016btu!<\/p>\n","protected":false},"excerpt":{"rendered":"<p>Ienirstiet sv\u0113tlaimes atmosf\u0113r\u0101. \u0160okol\u0101des burbu\u013cvanna ar piena olbaltumviel\u0101m un kakao ekstraktiem &#8211; p\u0101rsteidzo\u0161s SPA \u0101dai. Vannas uz\u0146em\u0161ana ar \u0161okol\u0101des put\u0101m ir \u012bsts skaistumkop\u0161anas ritu\u0101ls, kas \u012bpa\u0161i paredz\u0113ts tiem, kam pat\u012bk iem\u0113rc putotos m\u0101ko\u0146us. Sniedz viegluma un nevainojamas t\u012br\u012bbas saj\u016btu!<\/p>\n","protected":false},"featured_media":81246,"template":"","meta":[],"product_cat":[1610],"product_tag":[],"class_list":{"0":"post-34099","1":"product","2":"type-product","3":"status-publish","4":"has-post-thumbnail","6":"product_brand-vecie-kodi","7":"product_cat-vannas-putas-sali-bumbas","9":"first","10":"outofstock","11":"taxable","12":"shipping-taxable","13":"product-type-simple"},"_links":{"self":[{"href":"https:\/\/e.kosmolat.eu\/lv\/wp-json\/wp\/v2\/product\/34099","targetHints":{"allow":["GET"]}}],"collection":[{"href":"https:\/\/e.kosmolat.eu\/lv\/wp-json\/wp\/v2\/product"}],"about":[{"href":"https:\/\/e.kosmolat.eu\/lv\/wp-json\/wp\/v2\/types\/product"}],"wp:featuredmedia":[{"embeddable":true,"href":"https:\/\/e.kosmolat.eu\/lv\/wp-json\/wp\/v2\/media\/81246"}],"wp:attachment":[{"href":"https:\/\/e.kosmolat.eu\/lv\/wp-json\/wp\/v2\/media?parent=34099"}],"wp:term":[{"taxonomy":"product_cat","embeddable":true,"href":"https:\/\/e.kosmolat.eu\/lv\/wp-json\/wp\/v2\/product_cat?post=34099"},{"taxonomy":"product_tag","embeddable":true,"href":"https:\/\/e.kosmolat.eu\/lv\/wp-json\/wp\/v2\/product_tag?post=34099"}],"curies":[{"name":"wp","href":"https:\/\/api.w.org\/{rel}","templated":true}]}}