{"id":34095,"date":"2023-12-21T19:37:42","date_gmt":"2023-12-21T19:37:42","guid":{"rendered":"https:\/\/e.kosmolat.eu\/product\/novita-delicate-kosmetiskie-vates-diski-100-gab\/"},"modified":"2025-09-19T17:54:07","modified_gmt":"2025-09-19T17:54:07","slug":"novita-delicate-kosmetiskie-vates-diski-100-gab","status":"publish","type":"product","link":"https:\/\/e.kosmolat.eu\/lv\/product\/novita-delicate-kosmetiskie-vates-diski-100-gab\/","title":{"rendered":"&#8220;Novita Delicate&#8221; Kosm\u0113tiskie vates diski, 100 gab."},"content":{"rendered":"<p>Paredz\u0113ti kosm\u0113tisk\u0101m un higi\u0113nisk\u0101m proced\u016br\u0101m.\n<\/p>\n<h4>\nLieto\u0161ana:\u00a0 \u00a0<\/h4>\n<p>\niz\u0146emiet disku no iepakojuma, lietojiet to p\u0113c nor\u0101d\u012bjuma.\u00a0<\/p>\n","protected":false},"excerpt":{"rendered":"<p>Paredz\u0113ti kosm\u0113tisk\u0101m un higi\u0113nisk\u0101m proced\u016br\u0101m. Lieto\u0161ana:\u00a0 \u00a0 iz\u0146emiet disku no iepakojuma, lietojiet to p\u0113c nor\u0101d\u012bjuma.\u00a0<\/p>\n","protected":false},"featured_media":81230,"template":"","meta":[],"product_cat":[1811],"product_tag":[],"class_list":{"0":"post-34095","1":"product","2":"type-product","3":"status-publish","4":"has-post-thumbnail","6":"product_brand-biosphere-corporation_ua","7":"product_cat-1811","9":"first","10":"outofstock","11":"taxable","12":"shipping-taxable","13":"product-type-simple"},"_links":{"self":[{"href":"https:\/\/e.kosmolat.eu\/lv\/wp-json\/wp\/v2\/product\/34095","targetHints":{"allow":["GET"]}}],"collection":[{"href":"https:\/\/e.kosmolat.eu\/lv\/wp-json\/wp\/v2\/product"}],"about":[{"href":"https:\/\/e.kosmolat.eu\/lv\/wp-json\/wp\/v2\/types\/product"}],"wp:featuredmedia":[{"embeddable":true,"href":"https:\/\/e.kosmolat.eu\/lv\/wp-json\/wp\/v2\/media\/81230"}],"wp:attachment":[{"href":"https:\/\/e.kosmolat.eu\/lv\/wp-json\/wp\/v2\/media?parent=34095"}],"wp:term":[{"taxonomy":"product_cat","embeddable":true,"href":"https:\/\/e.kosmolat.eu\/lv\/wp-json\/wp\/v2\/product_cat?post=34095"},{"taxonomy":"product_tag","embeddable":true,"href":"https:\/\/e.kosmolat.eu\/lv\/wp-json\/wp\/v2\/product_tag?post=34095"}],"curies":[{"name":"wp","href":"https:\/\/api.w.org\/{rel}","templated":true}]}}