{"id":34083,"date":"2023-12-21T19:36:20","date_gmt":"2023-12-21T19:36:20","guid":{"rendered":"https:\/\/e.kosmolat.eu\/product\/el-skin-mitrinosa-maska-hialuronskabe-15-g\/"},"modified":"2025-09-19T17:53:38","modified_gmt":"2025-09-19T17:53:38","slug":"el-skin-mitrinosa-maska-hialuronskabe-15-g","status":"publish","type":"product","link":"https:\/\/e.kosmolat.eu\/lv\/product\/el-skin-mitrinosa-maska-hialuronskabe-15-g\/","title":{"rendered":"EL&#8217; SKIN Mitrino\u0161a maska Hialuronsk\u0101be, 15 g"},"content":{"rendered":"<p>Maska paredz\u0113ta jebkura \u0101das tipa dzi\u013cai dzi\u013cai mitrin\u0101&scaron;anai, \u012bpa&scaron;i ieteicama dehidrat\u0113tas, sausas un zaud\u0113ju&scaron;as sp\u012bdumu \u0101das kop&scaron;anai. Pateicoties pl\u0101nai tekst\u016brai, kas nodro&scaron;ina cie&scaron;u piek\u013cau&scaron;anos, un augstai akt\u012bvo vielu koncentr\u0101cijai, maska sniedz gan tul\u012bt\u0113jo mitrino&scaron;u efektu, gan ilgtermi\u0146a hidrat\u0113jo&scaron;u iedarb\u012bbu, paaugstinot &scaron;\u016bnu aizsargfunkcijas un atjaunojot \u0101das dabiskos mitrin\u0101&scaron;anas meh\u0101nismus. Hialuronsk\u0101be veicina efekt\u012bvu \u0101das hidrobalansa uztur\u0113&scaron;anu, uzlabojot \u0101das toni un kori\u0123\u0113jot sejas \u0101das noveco&scaron;anas paz\u012bmes.<\/p>\n<p><strong>Lieto&scaron;ana:<\/strong> pirms lieto&scaron;anas masku var atv\u0113sin\u0101t, paturot to ledusskap\u012b ne maz\u0101k par div\u0101m stund\u0101m, vai uzsild\u012bt, ievietojot iepakojumu siltaj\u0101 \u016bden\u012b. Abos gad\u012bjumos maskas efekts pastiprin\u0101sies. 1. Atveriet iepakojumu un iz\u0146emiet masku. 2. Akur\u0101ti pielieciet to pie sejas un izl\u012bdziniet to ar pirkstu gali\u0146iem, atst\u0101jiet uz 15-20 min\u016bt\u0113m. 3. Tad no\u0146emiet masku, un maskas p\u0101rpalikumus iemas\u0113jiet \u0101d\u0101. Nenomazg\u0101jiet. *Lietojiet masku 2-3 reizes ned\u0113\u013c\u0101 vai pirms izie&scaron;anas no m\u0101j\u0101m.&nbsp;<\/p>\n<p><strong>Piesardz\u012bbas pas\u0101kumi:<\/strong> 1.Izvair\u012bties no lieto&scaron;anas uz boj\u0101tas, kairin\u0101tas un apdegu&scaron;\u0101s uz saules \u0101das. 2. Nelietot, ja ir paaugstin\u0101ta jut\u012bba pret k\u0101du no maskas sast\u0101vda\u013c\u0101m. Ja lieto&scaron;anas proces\u0101 uz \u0101das rodas aps\u0101rtums un kairin\u0101jums, p\u0101rtrauciet lieto&scaron;anu un v\u0113r&scaron;aties pie \u0101rsta. 3. Izvair\u012bties no iek\u013c\u016b&scaron;anas ac\u012bs, ja iek\u013c\u016bst ac\u012bs noskalojiet ar \u016bdeni. 4. Izvairieties no lieto&scaron;anas uz \u0101das, kas ir jut\u012bga pret p\u0101rs\u0113jiem, pl\u0101ksteriem vai p\u012blinga mask\u0101m. 5. Uzglab\u0101t b\u0113rniem nepieejam\u0101 viet\u0101, temperat\u016br\u0101 no no 0&deg;C l\u012bdz +25&deg;C, sarg\u0101jot no tie&scaron;iem saules stariem. 6. Tikai \u0101r\u012bgai lieto&scaron;anai! Nenor\u012bt!<br \/>\n&nbsp;<\/p>\n","protected":false},"excerpt":{"rendered":"<p>Maska paredz\u0113ta jebkura \u0101das tipa dzi\u013cai dzi\u013cai mitrin\u0101&scaron;anai, \u012bpa&scaron;i ieteicama dehidrat\u0113tas, sausas un zaud\u0113ju&scaron;as sp\u012bdumu \u0101das kop&scaron;anai. Pateicoties pl\u0101nai tekst\u016brai, kas nodro&scaron;ina cie&scaron;u piek\u013cau&scaron;anos, un augstai akt\u012bvo vielu koncentr\u0101cijai, maska sniedz gan tul\u012bt\u0113jo mitrino&scaron;u efektu, gan ilgtermi\u0146a hidrat\u0113jo&scaron;u iedarb\u012bbu, paaugstinot &scaron;\u016bnu aizsargfunkcijas un atjaunojot \u0101das dabiskos mitrin\u0101&scaron;anas meh\u0101nismus. Hialuronsk\u0101be veicina efekt\u012bvu \u0101das hidrobalansa uztur\u0113&scaron;anu, uzlabojot [&#8230;]\n","protected":false},"featured_media":81222,"template":"","meta":[],"product_cat":[1367],"product_tag":[],"class_list":{"0":"post-34083","1":"product","2":"type-product","3":"status-publish","4":"has-post-thumbnail","6":"product_brand-skinlite","7":"product_cat-sejas-maskas","9":"first","10":"outofstock","11":"taxable","12":"shipping-taxable","13":"product-type-simple"},"_links":{"self":[{"href":"https:\/\/e.kosmolat.eu\/lv\/wp-json\/wp\/v2\/product\/34083","targetHints":{"allow":["GET"]}}],"collection":[{"href":"https:\/\/e.kosmolat.eu\/lv\/wp-json\/wp\/v2\/product"}],"about":[{"href":"https:\/\/e.kosmolat.eu\/lv\/wp-json\/wp\/v2\/types\/product"}],"wp:featuredmedia":[{"embeddable":true,"href":"https:\/\/e.kosmolat.eu\/lv\/wp-json\/wp\/v2\/media\/81222"}],"wp:attachment":[{"href":"https:\/\/e.kosmolat.eu\/lv\/wp-json\/wp\/v2\/media?parent=34083"}],"wp:term":[{"taxonomy":"product_cat","embeddable":true,"href":"https:\/\/e.kosmolat.eu\/lv\/wp-json\/wp\/v2\/product_cat?post=34083"},{"taxonomy":"product_tag","embeddable":true,"href":"https:\/\/e.kosmolat.eu\/lv\/wp-json\/wp\/v2\/product_tag?post=34083"}],"curies":[{"name":"wp","href":"https:\/\/api.w.org\/{rel}","templated":true}]}}