{"id":34079,"date":"2023-12-21T19:35:48","date_gmt":"2023-12-21T19:35:48","guid":{"rendered":"https:\/\/e.kosmolat.eu\/product\/elskin-liftinga-auduma-maska-kolagens-15-g\/"},"modified":"2026-04-07T14:12:03","modified_gmt":"2026-04-07T14:12:03","slug":"elskin-liftinga-auduma-maska-kolagens-15-g","status":"publish","type":"product","link":"https:\/\/e.kosmolat.eu\/lv\/product\/elskin-liftinga-auduma-maska-kolagens-15-g\/","title":{"rendered":"El`Skin Liftinga auduma maska Kolag\u0113ns, 15 g"},"content":{"rendered":"<p>Maska jebkura tipa \u0101das pretnoveco&scaron;an\u0101s kop&scaron;anai, \u012bpa&scaron;i \u0101dai ar priek&scaron;laic\u012bgas noveco&scaron;an\u0101s paz\u012bm\u0113m, kas zaud\u0113jusi savu mirdzumu un vesel\u012bgu izskatu. Kolag\u0113ns stimul\u0113 \u0101das strukt\u016bras pa&scaron;atjauno&scaron;anos, paaugstinot t\u0101s elast\u012bbu un tvirtumu, m\u012bkstina virspus\u0113j\u0101s un dzi\u013c\u0101s vecuma krunci\u0146as, padara sejas kont\u016bru izteiksm\u012bg\u0101ku un uztur dabisko \u0101das imunit\u0101ti. Pateicoties smalkai tekst\u016brai, kas \u013cauj maskai cie&scaron;i piegul\u0113t \u0101dai, un augstai akt\u012bvo sast\u0101vda\u013cu koncentr\u0101cijai, tiek nodro&scaron;in\u0101ts model\u0113jo&scaron;s efekts, uztur\u0113ts saus\u0101s un nov\u012btu&scaron;as \u0101das \u016bdens l\u012bdzsvars, mazinot grumbu dzi\u013cumu un sejas \u0101das kr\u0101su, sniedzot liftinga efektu.<\/p>\n<p><strong>Piesardz\u012bbas pas\u0101kumi: <\/strong>1) Nelietot uz boj\u0101tas, iekaisu&scaron;as un saul\u0113 apdegu&scaron;as \u0101das. 2) Nelietot, ja ir paaugstin\u0101ta jut\u012bba pret k\u0101du no maskas sast\u0101vda\u013c\u0101m. Ja lieto&scaron;anas laik\u0101 par\u0101d\u0101s \u0101das aps\u0101rtums vai kairin\u0101jums, p\u0101rtrauciet lieto&scaron;anu un konsult\u0113jieties ar \u0101rstu. 3) Izvairieties no saskares ar ac\u012bm. Ja iek\u013c\u016bst ac\u012bs, r\u016bp\u012bgi izskalojiet ar \u016bdeni. 4) Nelietojiet, ja \u0101da ir jut\u012bga pret p\u0101rs\u0113jiem, elast\u012bg\u0101m un adhez\u012bv\u0101m sait\u0113m un mask\u0101m. 5) Uzglab\u0101t b\u0113rniem nepieejam\u0101 viet\u0101, temperat\u016br\u0101 no 0 &deg;C l\u012bdz 25 &deg;C, sarg\u0101jot no tie&scaron;iem saules stariem. 6) Tikai \u0101r\u012bgai lieto&scaron;anai. Nenor\u012bt!<\/p>\n<p><strong>Lieto&scaron;ana:<\/strong> 1) Atveriet iepakojumu un iz\u0146emiet masku. 2) Uzman\u012bgi uzkl\u0101jiet masku uz sejas un izl\u012bdziniet ar pirkstu gali\u0146iem, atst\u0101jiet uz 15-20 min\u016bt\u0113m. 3) P\u0113c tam no\u0146emiet masku, paplik&scaron;\u0137\u0113jot ar pirkstu gali\u0146iem maskas paliekas vai veiciet vieglu mas\u0101\u017eu. Neskalojiet.&nbsp;Pirms lieto&scaron;anas masku var atdzes\u0113t, vismaz divas stundas paturot to ledusskap\u012b, vai uzsild\u012bt, ievietojot iepakojumu silt\u0101 \u016bden\u012b. Abos gad\u012bjumos maskas iedarb\u012bba paaugstin\u0101sies. Lietojiet masku 2-3 reizes ned\u0113\u013c\u0101 vai pirms izie&scaron;anas \u0101r\u0101.<\/p>\n<p><strong>Der\u012bguma termi\u0146&scaron;: <\/strong>3 gadi no izgatavo&scaron;anas datuma.<br \/>\n&nbsp;<\/p>\n","protected":false},"excerpt":{"rendered":"<p>Maska jebkura tipa \u0101das pretnoveco&scaron;an\u0101s kop&scaron;anai, \u012bpa&scaron;i \u0101dai ar priek&scaron;laic\u012bgas noveco&scaron;an\u0101s paz\u012bm\u0113m, kas zaud\u0113jusi savu mirdzumu un vesel\u012bgu izskatu. Kolag\u0113ns stimul\u0113 \u0101das strukt\u016bras pa&scaron;atjauno&scaron;anos, paaugstinot t\u0101s elast\u012bbu un tvirtumu, m\u012bkstina virspus\u0113j\u0101s un dzi\u013c\u0101s vecuma krunci\u0146as, padara sejas kont\u016bru izteiksm\u012bg\u0101ku un uztur dabisko \u0101das imunit\u0101ti. Pateicoties smalkai tekst\u016brai, kas \u013cauj maskai cie&scaron;i piegul\u0113t \u0101dai, un augstai [&#8230;]\n","protected":false},"featured_media":81218,"template":"","meta":[],"product_cat":[1367],"product_tag":[],"class_list":{"0":"post-34079","1":"product","2":"type-product","3":"status-publish","4":"has-post-thumbnail","6":"product_brand-skinlite","7":"product_cat-sejas-maskas","9":"first","10":"outofstock","11":"taxable","12":"shipping-taxable","13":"product-type-simple"},"_links":{"self":[{"href":"https:\/\/e.kosmolat.eu\/lv\/wp-json\/wp\/v2\/product\/34079","targetHints":{"allow":["GET"]}}],"collection":[{"href":"https:\/\/e.kosmolat.eu\/lv\/wp-json\/wp\/v2\/product"}],"about":[{"href":"https:\/\/e.kosmolat.eu\/lv\/wp-json\/wp\/v2\/types\/product"}],"wp:featuredmedia":[{"embeddable":true,"href":"https:\/\/e.kosmolat.eu\/lv\/wp-json\/wp\/v2\/media\/81218"}],"wp:attachment":[{"href":"https:\/\/e.kosmolat.eu\/lv\/wp-json\/wp\/v2\/media?parent=34079"}],"wp:term":[{"taxonomy":"product_cat","embeddable":true,"href":"https:\/\/e.kosmolat.eu\/lv\/wp-json\/wp\/v2\/product_cat?post=34079"},{"taxonomy":"product_tag","embeddable":true,"href":"https:\/\/e.kosmolat.eu\/lv\/wp-json\/wp\/v2\/product_tag?post=34079"}],"curies":[{"name":"wp","href":"https:\/\/api.w.org\/{rel}","templated":true}]}}