{"id":34075,"date":"2023-12-21T19:35:18","date_gmt":"2023-12-21T19:35:18","guid":{"rendered":"https:\/\/e.kosmolat.eu\/product\/el-skin-pretnovecosanas-maska-peptidi-15-g\/"},"modified":"2026-04-22T07:51:23","modified_gmt":"2026-04-22T07:51:23","slug":"el-skin-pretnovecosanas-maska-peptidi-15-g","status":"publish","type":"product","link":"https:\/\/e.kosmolat.eu\/lv\/product\/el-skin-pretnovecosanas-maska-peptidi-15-g\/","title":{"rendered":"EL.SKIN Pretnoveco\u0161an\u0101s maska Pept\u012bdi, 15 g"},"content":{"rendered":"<p>Maska visiem \u0101das tipiem ir piem\u0113rota vecuma izmai\u0146u korekcijai. Pateicoties savai pl\u0101nai tekst\u016brai, kas nodro&scaron;ina cie&scaron;u piel\u0101go&scaron;anos, un augstai akt\u012bvo vielu koncentr\u0101cijai, maska akt\u012bvi atjauno \u0101das tonusu, pie&scaron;\u0137irot tai elast\u012bbu un svaigu izskatu. Pept\u012bdu komplekss paaugstina &scaron;\u016bnu aizsargfunkcijas, stimul\u0113jot dabisko kolag\u0113na izstr\u0101di, kas atbild par \u0101das elast\u012bbu un tvirtumu, palielinot turgoru un nodro&scaron;inot lielisku liftinga efektu.<\/p>\n<p><strong>Lieto&scaron;ana: <\/strong>Pirms lieto&scaron;anas masku var atv\u0113sin\u0101t, paturot to ledusskap\u012b ne maz\u0101k par div\u0101m stund\u0101m, vai uzsild\u012bt, ievietojot iepakojumu siltaj\u0101 \u016bden\u012b. Abos gad\u012bjumos maskas efekts pastiprin\u0101sies. 1. Atveriet iepakojumu un iz\u0146emiet masku. 2. Akur\u0101ti pielieciet to pie sejas un izl\u012bdziniet to ar pirkstu gali\u0146iem, atst\u0101jiet uz 15-20 min\u016bt\u0113m. 3. Tad no\u0146emiet masku, un maskas p\u0101rpalikumus iemas\u0113jiet \u0101d\u0101. Nenomazg\u0101jiet. *Lietojiet masku 2-3 reizes ned\u0113\u013c\u0101 vai pirms izie&scaron;anas no m\u0101j\u0101m.&nbsp;<\/p>\n<p><strong>Piesardz\u012bbas pas\u0101kumi:<\/strong> 1. Izvair\u012bties no lieto&scaron;anas uz boj\u0101tas, kairin\u0101tas un apdegu&scaron;\u0101s uz saules \u0101das. 2. Nelietot, ja ir paaugstin\u0101ta jut\u012bba pret k\u0101du no maskas sast\u0101vda\u013c\u0101m. Ja lieto&scaron;anas proces\u0101 uz \u0101das rodas aps\u0101rtums un kairin\u0101jums, p\u0101rtrauciet lieto&scaron;anu un v\u0113r&scaron;aties pie \u0101rsta. 3. Izvair\u012bties no iek\u013c\u016b&scaron;anas ac\u012bs, ja iek\u013c\u016bst ac\u012bs noskalojiet ar \u016bdeni. 4. Izvairieties no lieto&scaron;anas uz \u0101das, kas ir jut\u012bga pret p\u0101rs\u0113jiem, pl\u0101ksteriem vai p\u012blinga mask\u0101m. 5. Uzglab\u0101t b\u0113rniem nepieejam\u0101 viet\u0101, temperat\u016br\u0101 no no 0&deg;C l\u012bdz +25&deg;C, sarg\u0101jot no tie&scaron;iem saules stariem. 6. Tikai \u0101r\u012bgai lieto&scaron;anai! Nenor\u012bt!<br \/>\n&nbsp;<\/p>\n","protected":false},"excerpt":{"rendered":"<p>Maska visiem \u0101das tipiem ir piem\u0113rota vecuma izmai\u0146u korekcijai. Pateicoties savai pl\u0101nai tekst\u016brai, kas nodro&scaron;ina cie&scaron;u piel\u0101go&scaron;anos, un augstai akt\u012bvo vielu koncentr\u0101cijai, maska akt\u012bvi atjauno \u0101das tonusu, pie&scaron;\u0137irot tai elast\u012bbu un svaigu izskatu. Pept\u012bdu komplekss paaugstina &scaron;\u016bnu aizsargfunkcijas, stimul\u0113jot dabisko kolag\u0113na izstr\u0101di, kas atbild par \u0101das elast\u012bbu un tvirtumu, palielinot turgoru un nodro&scaron;inot lielisku liftinga [&#8230;]\n","protected":false},"featured_media":81214,"template":"","meta":[],"product_cat":[2181],"product_tag":[],"class_list":{"0":"post-34075","1":"product","2":"type-product","3":"status-publish","4":"has-post-thumbnail","6":"product_brand-skinlite","7":"product_cat-bez-kategorijas-lt","9":"first","10":"instock","11":"taxable","12":"shipping-taxable","13":"product-type-simple"},"_links":{"self":[{"href":"https:\/\/e.kosmolat.eu\/lv\/wp-json\/wp\/v2\/product\/34075","targetHints":{"allow":["GET"]}}],"collection":[{"href":"https:\/\/e.kosmolat.eu\/lv\/wp-json\/wp\/v2\/product"}],"about":[{"href":"https:\/\/e.kosmolat.eu\/lv\/wp-json\/wp\/v2\/types\/product"}],"wp:featuredmedia":[{"embeddable":true,"href":"https:\/\/e.kosmolat.eu\/lv\/wp-json\/wp\/v2\/media\/81214"}],"wp:attachment":[{"href":"https:\/\/e.kosmolat.eu\/lv\/wp-json\/wp\/v2\/media?parent=34075"}],"wp:term":[{"taxonomy":"product_cat","embeddable":true,"href":"https:\/\/e.kosmolat.eu\/lv\/wp-json\/wp\/v2\/product_cat?post=34075"},{"taxonomy":"product_tag","embeddable":true,"href":"https:\/\/e.kosmolat.eu\/lv\/wp-json\/wp\/v2\/product_tag?post=34075"}],"curies":[{"name":"wp","href":"https:\/\/api.w.org\/{rel}","templated":true}]}}