{"id":34067,"date":"2023-12-21T19:34:36","date_gmt":"2023-12-21T19:34:36","guid":{"rendered":"https:\/\/e.kosmolat.eu\/product\/skinlite-sejas-maska-ar-kolagenu-un-juras-algu-ekstraktu-1-gb-23-ml\/"},"modified":"2025-09-19T17:52:33","modified_gmt":"2025-09-19T17:52:33","slug":"skinlite-sejas-maska-ar-kolagenu-un-juras-algu-ekstraktu-1-gb-23-ml","status":"publish","type":"product","link":"https:\/\/e.kosmolat.eu\/lv\/product\/skinlite-sejas-maska-ar-kolagenu-un-juras-algu-ekstraktu-1-gb-23-ml\/","title":{"rendered":"&#8220;Skinlite&#8221; Sejas maska ar kolag\u0113nu un j\u016bras a\u013c\u0123u ekstraktu, 1 gb.\/23 ml"},"content":{"rendered":"<p>Visiem \u0101das tipiem. J\u016bras a\u013c\u0123u ekstrakts \u2013 tas ir biolo\u0123iski akt\u012bvu v\u0113rt\u012bgu vielu komplekss, kas atjauno aizsargmeh\u0101nismus, stimul\u0113 asinsriti un \u0101das \u0161\u016bnu atjauno\u0161anas procesu, regul\u0113 sk\u0101bju, s\u0101rmu un \u016bdens l\u012bdzsvaru, kas iev\u0113rojami uzlabo \u0101das st\u0101vokli.\n<\/p>\n<p>Lieto\u0161ana: Atveriet iepakojumu un attiniet masku, pavelkot aiz mali\u0146\u0101m. R\u016bp\u012bgi uzlieciet masku uz sejas un izl\u012bdziniet to ar pirkstu spilventi\u0146iem. Atst\u0101jiet uz 15-20 min\u016bt\u0113m. No\u0146emiet masku, mas\u0113jiet \u0101du, kam\u0113r maska piln\u012bgi uzs\u016bksies.\n<\/p>\n<p>Piesardz\u012bbas pas\u0101kumi: Neizmantot masku uz boj\u0101tas, sakairin\u0101tas vai saul\u0113 apdegu\u0161as \u0101das, nelietot p\u016bt\u012b\u0161u \u0101rst\u0113\u0161anai. Neizmantot produktu, ja ir paaugstin\u0101ts jut\u012bgums pret k\u0101du no sast\u0101va komponentiem. Ja lieto\u0161anas proces\u0101 uz \u0101das par\u0101d\u0101s aps\u0101rtums vai kairin\u0101jums, p\u0101rtraukt lieto\u0161anu un v\u0113rsties pie \u0101rsta. Nepie\u013caut iek\u013c\u016b\u0161anu ac\u012bs. Ja tas ir noticis \u2013 r\u016bp\u012bgi mazg\u0101t ar \u016bdeni. Nelietot uz \u0101das, kura ir jut\u012bga pret band\u0101\u017e\u0101m, aps\u0113jiem un l\u012bm\u0113jo\u0161\u0101m mask\u0101m. Tikai \u0101r\u012bgai lieto\u0161anai! Nenor\u012bt! Glab\u0101t b\u0113rniem nepieejam\u0101 viet\u0101. Izvair\u012bties no tie\u0161ajiem saules stariem. Lai maska neiz\u017e\u016btu, izmantot to uzreiz p\u0113c atv\u0113r\u0161anas.<\/p>\n<p><\/p>\n","protected":false},"excerpt":{"rendered":"<p>Visiem \u0101das tipiem. J\u016bras a\u013c\u0123u ekstrakts \u2013 tas ir biolo\u0123iski akt\u012bvu v\u0113rt\u012bgu vielu komplekss, kas atjauno aizsargmeh\u0101nismus, stimul\u0113 asinsriti un \u0101das \u0161\u016bnu atjauno\u0161anas procesu, regul\u0113 sk\u0101bju, s\u0101rmu un \u016bdens l\u012bdzsvaru, kas iev\u0113rojami uzlabo \u0101das st\u0101vokli. Lieto\u0161ana: Atveriet iepakojumu un attiniet masku, pavelkot aiz mali\u0146\u0101m. R\u016bp\u012bgi uzlieciet masku uz sejas un izl\u012bdziniet to ar pirkstu spilventi\u0146iem. [&#8230;]\n","protected":false},"featured_media":81206,"template":"","meta":[],"product_cat":[1369],"product_tag":[],"class_list":{"0":"post-34067","1":"product","2":"type-product","3":"status-publish","4":"has-post-thumbnail","6":"product_brand-skinlite","7":"product_cat-veido-kaukes","9":"first","10":"outofstock","11":"taxable","12":"shipping-taxable","13":"product-type-simple"},"_links":{"self":[{"href":"https:\/\/e.kosmolat.eu\/lv\/wp-json\/wp\/v2\/product\/34067","targetHints":{"allow":["GET"]}}],"collection":[{"href":"https:\/\/e.kosmolat.eu\/lv\/wp-json\/wp\/v2\/product"}],"about":[{"href":"https:\/\/e.kosmolat.eu\/lv\/wp-json\/wp\/v2\/types\/product"}],"wp:featuredmedia":[{"embeddable":true,"href":"https:\/\/e.kosmolat.eu\/lv\/wp-json\/wp\/v2\/media\/81206"}],"wp:attachment":[{"href":"https:\/\/e.kosmolat.eu\/lv\/wp-json\/wp\/v2\/media?parent=34067"}],"wp:term":[{"taxonomy":"product_cat","embeddable":true,"href":"https:\/\/e.kosmolat.eu\/lv\/wp-json\/wp\/v2\/product_cat?post=34067"},{"taxonomy":"product_tag","embeddable":true,"href":"https:\/\/e.kosmolat.eu\/lv\/wp-json\/wp\/v2\/product_tag?post=34067"}],"curies":[{"name":"wp","href":"https:\/\/api.w.org\/{rel}","templated":true}]}}