{"id":34063,"date":"2023-12-21T19:34:12","date_gmt":"2023-12-21T19:34:12","guid":{"rendered":"https:\/\/e.kosmolat.eu\/product\/skinlite-intensivi-mitrinosa-sejas-maska-ar-austrumu-zalaugiem-1-gb-19-ml\/"},"modified":"2025-09-19T17:52:18","modified_gmt":"2025-09-19T17:52:18","slug":"i_skinlite-intensivi-mitrinosa-sejas-maska-ar-austrumu-zalaugiem-1-gb-19-ml","status":"publish","type":"product","link":"https:\/\/e.kosmolat.eu\/lv\/product\/i_skinlite-intensivi-mitrinosa-sejas-maska-ar-austrumu-zalaugiem-1-gb-19-ml\/","title":{"rendered":"I_&#8221;Skinlite&#8221; Intens\u012bvi mitrino\u0161a sejas maska ar austrumu z\u0101\u013caugiem, 1 gb.\/19 ml"},"content":{"rendered":"<p>Intens\u012bvi mitrino\u0161a sejas maska ar austrumu z\u0101\u013caugiem.\n<\/p>\n<p>Maska sausas \u0101das audiem. \u0160\u012b unik\u0101l\u0101 maska pal\u012bdz uztur\u0113t ide\u0101lu \u0101das mitruma l\u012bmeni, nodro\u0161inot past\u0101v\u012bgu mitruma un bar\u012bbas vielu pieg\u0101di. P\u0113c sava sast\u0101va bag\u0101t\u012bgi komponenti aktiviz\u0113 asinsriti, atjauno \u0101das dabiskas re\u0123enerat\u012bvas un aizsargfunkcijas, m\u012bkstina un baro \u0101du.\n<\/p>\n<p>Lieto\u0161ana: Atveriet iepakojumu un attiniet masku, pavelkot aiz mali\u0146\u0101m. R\u016bp\u012bgi uzlieciet masku uz sejas un izl\u012bdziniet to ar pirkstu spilventi\u0146iem. Atst\u0101jiet uz 15-20 min\u016bt\u0113m. No\u0146emiet masku, mas\u0113jiet \u0101du, kam\u0113r maska piln\u012bgi uzs\u016bksies.\n<\/p>\n<p>Piesardz\u012bbas pas\u0101kumi: Neizmantot masku uz boj\u0101tas, sakairin\u0101tas vai saul\u0113 apdegu\u0161as \u0101das, nelietot p\u016bt\u012b\u0161u \u0101rst\u0113\u0161anai. Neizmantot produktu, ja ir paaugstin\u0101ts jut\u012bgums pret k\u0101du no sast\u0101va komponentiem. Ja lieto\u0161anas proces\u0101 uz \u0101das par\u0101d\u0101s aps\u0101rtums vai kairin\u0101jums, p\u0101rtraukt lieto\u0161anu un v\u0113rsties pie \u0101rsta. Nepie\u013caut iek\u013c\u016b\u0161anu ac\u012bs. Ja tas ir noticis \u2013 r\u016bp\u012bgi mazg\u0101t ar \u016bdeni. Nelietot uz \u0101das, kura ir jut\u012bga pret band\u0101\u017e\u0101m, aps\u0113jiem un l\u012bm\u0113jo\u0161\u0101m mask\u0101m. Tikai \u0101r\u012bgai lieto\u0161anai! Nenor\u012bt! Glab\u0101t b\u0113rniem nepieejam\u0101 viet\u0101. Izvair\u012bties no tie\u0161ajiem saules stariem. Lai maska neiz\u017e\u016btu, izmantot to uzreiz p\u0113c atv\u0113r\u0161anas.<\/p>\n<p><\/p>\n","protected":false},"excerpt":{"rendered":"<p>Intens\u012bvi mitrino\u0161a sejas maska ar austrumu z\u0101\u013caugiem. Maska sausas \u0101das audiem. \u0160\u012b unik\u0101l\u0101 maska pal\u012bdz uztur\u0113t ide\u0101lu \u0101das mitruma l\u012bmeni, nodro\u0161inot past\u0101v\u012bgu mitruma un bar\u012bbas vielu pieg\u0101di. P\u0113c sava sast\u0101va bag\u0101t\u012bgi komponenti aktiviz\u0113 asinsriti, atjauno \u0101das dabiskas re\u0123enerat\u012bvas un aizsargfunkcijas, m\u012bkstina un baro \u0101du. Lieto\u0161ana: Atveriet iepakojumu un attiniet masku, pavelkot aiz mali\u0146\u0101m. R\u016bp\u012bgi uzlieciet [&#8230;]\n","protected":false},"featured_media":81202,"template":"","meta":[],"product_cat":[1367],"product_tag":[],"class_list":{"0":"post-34063","1":"product","2":"type-product","3":"status-publish","4":"has-post-thumbnail","6":"product_brand-skinlite","7":"product_cat-sejas-maskas","9":"first","10":"outofstock","11":"taxable","12":"shipping-taxable","13":"product-type-simple"},"_links":{"self":[{"href":"https:\/\/e.kosmolat.eu\/lv\/wp-json\/wp\/v2\/product\/34063","targetHints":{"allow":["GET"]}}],"collection":[{"href":"https:\/\/e.kosmolat.eu\/lv\/wp-json\/wp\/v2\/product"}],"about":[{"href":"https:\/\/e.kosmolat.eu\/lv\/wp-json\/wp\/v2\/types\/product"}],"wp:featuredmedia":[{"embeddable":true,"href":"https:\/\/e.kosmolat.eu\/lv\/wp-json\/wp\/v2\/media\/81202"}],"wp:attachment":[{"href":"https:\/\/e.kosmolat.eu\/lv\/wp-json\/wp\/v2\/media?parent=34063"}],"wp:term":[{"taxonomy":"product_cat","embeddable":true,"href":"https:\/\/e.kosmolat.eu\/lv\/wp-json\/wp\/v2\/product_cat?post=34063"},{"taxonomy":"product_tag","embeddable":true,"href":"https:\/\/e.kosmolat.eu\/lv\/wp-json\/wp\/v2\/product_tag?post=34063"}],"curies":[{"name":"wp","href":"https:\/\/api.w.org\/{rel}","templated":true}]}}