{"id":34059,"date":"2023-12-21T19:33:48","date_gmt":"2023-12-21T19:33:48","guid":{"rendered":"https:\/\/e.kosmolat.eu\/product\/skinlite-atjauninosa-sejas-maska-ar-kolagenu-un-tropiskajiem-augliem-1-gb-19-ml\/"},"modified":"2026-03-31T20:03:45","modified_gmt":"2026-03-31T20:03:45","slug":"skinlite-atjauninosa-sejas-maska-ar-kolagenu-un-tropiskajiem-augliem-1-gb-19-ml","status":"publish","type":"product","link":"https:\/\/e.kosmolat.eu\/lv\/product\/skinlite-atjauninosa-sejas-maska-ar-kolagenu-un-tropiskajiem-augliem-1-gb-19-ml\/","title":{"rendered":"&#8220;Skinlite&#8221; Atjaunino\u0161a sejas maska ar kolag\u0113nu un tropiskajiem aug\u013ciem, 1 gb.\/19 ml"},"content":{"rendered":"<p>Kolag\u0113ns veicina grumbu izl\u012bdzin\u0101\u0161anos, pal\u0113nina \u0101das noveco\u0161an\u0101s procesu, padara to gludu un elast\u012bgu. E vitam\u012bns un za\u013c\u0101s t\u0113jas ekstrakts uzlabo asins mikrocirkul\u0101ciju, samazina \u0101das piet\u016bkumu. Tropisko aug\u013cu ekstrakts veicina piln\u012bg\u0101ku \u0101das att\u012br\u012b\u0161anu no atmiru\u0161aj\u0101m \u0161\u016bn\u0101m, tam piem\u012bt balino\u0161s efekts.\n<\/p>\n<p>Lieto\u0161ana: Atveriet iepakojumu un attiniet masku, pavelkot aiz mali\u0146\u0101m. R\u016bp\u012bgi uzlieciet masku uz sejas un izl\u012bdziniet to ar pirkstu spilventi\u0146iem. Atst\u0101jiet uz 15-20 min\u016bt\u0113m. No\u0146emiet masku, mas\u0113jiet \u0101du, kam\u0113r maska piln\u012bgi uzs\u016bksies.\n<\/p>\n<p>Piesardz\u012bbas pas\u0101kumi: Neizmantot masku uz boj\u0101tas, sakairin\u0101tas vai saul\u0113 apdegu\u0161as \u0101das, nelietot p\u016bt\u012b\u0161u \u0101rst\u0113\u0161anai. Neizmantot produktu, ja ir paaugstin\u0101ts jut\u012bgums pret k\u0101du no sast\u0101va komponentiem. Ja lieto\u0161anas proces\u0101 uz \u0101das par\u0101d\u0101s aps\u0101rtums vai kairin\u0101jums, p\u0101rtraukt lieto\u0161anu un v\u0113rsties pie \u0101rsta. Nepie\u013caut iek\u013c\u016b\u0161anu ac\u012bs. Ja tas ir noticis \u2013 r\u016bp\u012bgi mazg\u0101t ar \u016bdeni. Nelietot uz \u0101das, kura ir jut\u012bga pret band\u0101\u017e\u0101m, aps\u0113jiem un l\u012bm\u0113jo\u0161\u0101m mask\u0101m. Tikai \u0101r\u012bgai lieto\u0161anai! Nenor\u012bt! Glab\u0101t b\u0113rniem nepieejam\u0101 viet\u0101. Izvair\u012bties no tie\u0161ajiem saules stariem. Lai maska neiz\u017e\u016btu, izmantot to uzreiz p\u0113c atv\u0113r\u0161anas.<\/p>\n<p><\/p>\n","protected":false},"excerpt":{"rendered":"<p>Kolag\u0113ns veicina grumbu izl\u012bdzin\u0101\u0161anos, pal\u0113nina \u0101das noveco\u0161an\u0101s procesu, padara to gludu un elast\u012bgu. E vitam\u012bns un za\u013c\u0101s t\u0113jas ekstrakts uzlabo asins mikrocirkul\u0101ciju, samazina \u0101das piet\u016bkumu. Tropisko aug\u013cu ekstrakts veicina piln\u012bg\u0101ku \u0101das att\u012br\u012b\u0161anu no atmiru\u0161aj\u0101m \u0161\u016bn\u0101m, tam piem\u012bt balino\u0161s efekts. Lieto\u0161ana: Atveriet iepakojumu un attiniet masku, pavelkot aiz mali\u0146\u0101m. R\u016bp\u012bgi uzlieciet masku uz sejas un izl\u012bdziniet [&#8230;]\n","protected":false},"featured_media":81198,"template":"","meta":[],"product_cat":[1367],"product_tag":[],"class_list":{"0":"post-34059","1":"product","2":"type-product","3":"status-publish","4":"has-post-thumbnail","6":"product_brand-skinlite","7":"product_cat-sejas-maskas","9":"first","10":"outofstock","11":"taxable","12":"shipping-taxable","13":"product-type-simple"},"_links":{"self":[{"href":"https:\/\/e.kosmolat.eu\/lv\/wp-json\/wp\/v2\/product\/34059","targetHints":{"allow":["GET"]}}],"collection":[{"href":"https:\/\/e.kosmolat.eu\/lv\/wp-json\/wp\/v2\/product"}],"about":[{"href":"https:\/\/e.kosmolat.eu\/lv\/wp-json\/wp\/v2\/types\/product"}],"wp:featuredmedia":[{"embeddable":true,"href":"https:\/\/e.kosmolat.eu\/lv\/wp-json\/wp\/v2\/media\/81198"}],"wp:attachment":[{"href":"https:\/\/e.kosmolat.eu\/lv\/wp-json\/wp\/v2\/media?parent=34059"}],"wp:term":[{"taxonomy":"product_cat","embeddable":true,"href":"https:\/\/e.kosmolat.eu\/lv\/wp-json\/wp\/v2\/product_cat?post=34059"},{"taxonomy":"product_tag","embeddable":true,"href":"https:\/\/e.kosmolat.eu\/lv\/wp-json\/wp\/v2\/product_tag?post=34059"}],"curies":[{"name":"wp","href":"https:\/\/api.w.org\/{rel}","templated":true}]}}