{"id":34051,"date":"2023-12-21T19:32:52","date_gmt":"2023-12-21T19:32:52","guid":{"rendered":"https:\/\/e.kosmolat.eu\/product\/skinlite-sejas-maska-starojosa-ada-ar-kolagenu-un-%d0%b2-un-a-vitaminiem-1-gb-23-ml\/"},"modified":"2025-08-14T13:07:29","modified_gmt":"2025-08-14T13:07:29","slug":"i_skinlite-sejas-maska-starojosa-ada-ar-kolagenu-un-%d0%b2-un-a-vitaminiem-1-gb-23-ml","status":"publish","type":"product","link":"https:\/\/e.kosmolat.eu\/lv\/product\/i_skinlite-sejas-maska-starojosa-ada-ar-kolagenu-un-%d0%b2-un-a-vitaminiem-1-gb-23-ml\/","title":{"rendered":"I_&#8221;Skinlite&#8221; Sejas maska &#8220;Starojo\u0161a \u0101da&#8221; ar kolag\u0113nu un \u0412 un A vitam\u012bniem, 1 gb.\/23 ml"},"content":{"rendered":"<p>Auduma maska ar augstu dab\u012bgu ekstraktu un kolag\u0113na koncentr\u0101ciju nodro\u0161in\u0101s pilnv\u0113rt\u012bgu kop\u0161anu, baro\u0161anu un r\u016bpes par sejas \u0101du.&nbsp;<\/p>\n<p>Tikai 15-20 min\u016bt\u0113s maska pal\u012bdz\u0113s atsvaidzin\u0101t, dzi\u013ci mitrin\u0101t un atgriezt tai vesel\u012bgu mirdzumu.&nbsp;<\/p>\n<p>Vitam\u012bniem ir noteico\u0161a loma kolag\u0113na sint\u0113zes proces\u0101, ar to dal\u012bbu \u0101da k\u013c\u016bst labi mitrin\u0101ta un tvirta, aizsarg\u0101ta no apk\u0101rt\u0113j\u0101s vides \u0101r\u0113jiem faktoriem.&nbsp;<\/p>\n<p>Augu izcelsmes kolag\u0113ns (Natto Gum), kas ir ieg\u016bts no ferment\u0113t\u0101m sojas pup\u0101m, ir pept\u012bdu un m\u016bsdienu kosmetolo\u0123ij\u0101 lietojamo sast\u0101vda\u013cu savienojums.&nbsp;<\/p>\n<p>Za\u013c\u0101s t\u0113jas, burvju lazdas un an\u012bsa ekstrakti iedarbojas uz visiem \u0101das sl\u0101\u0146iem, uzs\u0101k atjaunin\u0101\u0161anas procesu \u0161\u016bnu l\u012bmen\u012b: stimul\u0113 vielmai\u0146u, uzlabo asinsapg\u0101di, regul\u0113 metaboliskos procesus, veicina person\u012bg\u0101 kolag\u0113na un elast\u012bna veido\u0161anu, kas ir neaizvietojami skaistumam un jaun\u012bbai. &nbsp;<\/p>\n<p><strong>Lieto\u0161ana:<\/strong><\/p>\n<p>uzkl\u0101jiet masku uz att\u012br\u012btas sejas \u0101das, atst\u0101jiet uz 15-20 min\u016bt\u0113m, tad no\u0146emiet. Plauk\u0161\u0137\u0113jo\u0161\u0101m kust\u012bb\u0101m maigi iebungojiet akt\u012bva seruma p\u0101rpalikumus \u0101d\u0101. Nenomazg\u0101jiet. Masku var lietot jebkur\u0101 laik\u0101: no r\u012bta &ndash; p\u0113c miega, pa dienu &ndash; pirms svar\u012bga pas\u0101kuma; vakar\u0101 &ndash; pirms randi\u0146a.&nbsp;<\/p>\n<p><strong>Piesardz\u012bbas pas\u0101kumi: <\/strong><\/p>\n<p>1. Izvair\u012bties no lieto\u0161anas uz boj\u0101tas, kairin\u0101tas un apdegu\u0161\u0101s saul\u0113 \u0101das, nelietojiet pin\u0146u \u0101rst\u0113\u0161anai.<\/p>\n<p>2. Nelietojiet produktu, ja ir jut\u012bba pret k\u0101du no sast\u0101vda\u013c\u0101m. Ja lieto\u0161anas proces\u0101 uz \u0101das rodas aps\u0101rtums vai kairin\u0101jums, izbeidziet lieto\u0161anu un v\u0113r\u0161aties pie \u0101rsta.<\/p>\n<p>3. Izvair\u012bties no iek\u013c\u016b\u0161anas uz acu g\u013cot\u0101das. Ja iek\u013c\u016bst ac\u012bs &ndash; r\u016bp\u012bgi nomazg\u0101jiet ar \u016bdeni.<\/p>\n<p>4. Tikai \u0101r\u012bgai lieto\u0161anai. Nenor\u012bt!<\/p>\n<p>5. Uzglab\u0101t produktu b\u0113rniem nepieejam\u0101 viet\u0101, temperat\u016br\u0101 no 0 l\u012bdz 25&deg;C.&nbsp;<\/p>\n","protected":false},"excerpt":{"rendered":"<p>Auduma maska ar augstu dab\u012bgu ekstraktu un kolag\u0113na koncentr\u0101ciju nodro\u0161in\u0101s pilnv\u0113rt\u012bgu kop\u0161anu, baro\u0161anu un r\u016bpes par sejas \u0101du.&nbsp; Tikai 15-20 min\u016bt\u0113s maska pal\u012bdz\u0113s atsvaidzin\u0101t, dzi\u013ci mitrin\u0101t un atgriezt tai vesel\u012bgu mirdzumu.&nbsp; Vitam\u012bniem ir noteico\u0161a loma kolag\u0113na sint\u0113zes proces\u0101, ar to dal\u012bbu \u0101da k\u013c\u016bst labi mitrin\u0101ta un tvirta, aizsarg\u0101ta no apk\u0101rt\u0113j\u0101s vides \u0101r\u0113jiem faktoriem.&nbsp; Augu izcelsmes [&#8230;]\n","protected":false},"featured_media":7950,"template":"","meta":[],"product_cat":[1367],"product_tag":[],"class_list":{"0":"post-34051","1":"product","2":"type-product","3":"status-publish","4":"has-post-thumbnail","6":"product_brand-skinlite","7":"product_cat-sejas-maskas","9":"first","10":"outofstock","11":"taxable","12":"shipping-taxable","13":"product-type-simple"},"_links":{"self":[{"href":"https:\/\/e.kosmolat.eu\/lv\/wp-json\/wp\/v2\/product\/34051","targetHints":{"allow":["GET"]}}],"collection":[{"href":"https:\/\/e.kosmolat.eu\/lv\/wp-json\/wp\/v2\/product"}],"about":[{"href":"https:\/\/e.kosmolat.eu\/lv\/wp-json\/wp\/v2\/types\/product"}],"wp:featuredmedia":[{"embeddable":true,"href":"https:\/\/e.kosmolat.eu\/lv\/wp-json\/wp\/v2\/media\/7950"}],"wp:attachment":[{"href":"https:\/\/e.kosmolat.eu\/lv\/wp-json\/wp\/v2\/media?parent=34051"}],"wp:term":[{"taxonomy":"product_cat","embeddable":true,"href":"https:\/\/e.kosmolat.eu\/lv\/wp-json\/wp\/v2\/product_cat?post=34051"},{"taxonomy":"product_tag","embeddable":true,"href":"https:\/\/e.kosmolat.eu\/lv\/wp-json\/wp\/v2\/product_tag?post=34051"}],"curies":[{"name":"wp","href":"https:\/\/api.w.org\/{rel}","templated":true}]}}