{"id":34031,"date":"2023-12-21T19:30:49","date_gmt":"2023-12-21T19:30:49","guid":{"rendered":"https:\/\/e.kosmolat.eu\/product\/skinlite-maska-atjauninosa-zonai-ap-acim-intensivais-kolagens-30-gb\/"},"modified":"2026-03-31T20:01:34","modified_gmt":"2026-03-31T20:01:34","slug":"skinlite-maska-atjauninosa-zonai-ap-acim-intensivais-kolagens-30-gb","status":"publish","type":"product","link":"https:\/\/e.kosmolat.eu\/lv\/product\/skinlite-maska-atjauninosa-zonai-ap-acim-intensivais-kolagens-30-gb\/","title":{"rendered":"&#8220;Skinlite&#8221; Maska atjaunino\u0161a zonai ap ac\u012bm &#8220;Intens\u012bvais kolag\u0113ns&#8221;, 30 gb."},"content":{"rendered":"<p>Intens\u012bvi mitrina un samazina noveco\u0161an\u0101s paz\u012bmes. No\u0146em piet\u016bkumu un tum\u0161us lokus zem ac\u012bm. Piem\u0113rota lieto\u0161anai \u0101dai deguna un l\u016bpu zon\u0101. Bag\u0101tin\u0101ta ar kollag\u0113nu, vitam\u012bnu E un za\u013c\u0101s t\u0113jas ekstraktu. Piem\u0113rota \u0101das apk\u0101rt ac\u012bm intens\u012bvai atjauno\u0161anai un kop\u0161anai, veicina \u0101das \u016bdens l\u012bdzsvara uzlabo\u0161anu, elast\u012bbas paaugstin\u0101\u0161anu.  Ide\u0101li piem\u0113rota plaksti\u0146u j\u016bt\u012bgai \u0101dai.\n<\/p>\n<p>Lieto\u0161ana: Att\u012briet un iz\u017e\u0101v\u0113jiet seju. Pielieciet masku zon\u0101 zem ac\u012bm un zon\u0101 starp degunu un l\u016bp\u0101m, p\u0101rliecinoties, ka t\u0101 cie\u0161i piegu\u013c pie \u0101das. Atst\u0101jiet masku uz 15-20 min\u016bt\u0113m, tad no\u0146emiet. P\u0101rliecinieties, ka iepakojums ir cie\u0161i aizv\u0113rts. Lab\u0101kam efektam pirms lieto\u0161anas ievietojiet masku ledusskap\u012b uz 15 min\u016bt\u0113m.<\/p>\n","protected":false},"excerpt":{"rendered":"<p>Intens\u012bvi mitrina un samazina noveco\u0161an\u0101s paz\u012bmes. No\u0146em piet\u016bkumu un tum\u0161us lokus zem ac\u012bm. Piem\u0113rota lieto\u0161anai \u0101dai deguna un l\u016bpu zon\u0101. Bag\u0101tin\u0101ta ar kollag\u0113nu, vitam\u012bnu E un za\u013c\u0101s t\u0113jas ekstraktu. Piem\u0113rota \u0101das apk\u0101rt ac\u012bm intens\u012bvai atjauno\u0161anai un kop\u0161anai, veicina \u0101das \u016bdens l\u012bdzsvara uzlabo\u0161anu, elast\u012bbas paaugstin\u0101\u0161anu. Ide\u0101li piem\u0113rota plaksti\u0146u j\u016bt\u012bgai \u0101dai. Lieto\u0161ana: Att\u012briet un iz\u017e\u0101v\u0113jiet seju. Pielieciet [&#8230;]\n","protected":false},"featured_media":81194,"template":"","meta":[],"product_cat":[1369],"product_tag":[],"class_list":{"0":"post-34031","1":"product","2":"type-product","3":"status-publish","4":"has-post-thumbnail","6":"product_brand-skinlite","7":"product_cat-veido-kaukes","9":"first","10":"outofstock","11":"taxable","12":"shipping-taxable","13":"product-type-simple"},"_links":{"self":[{"href":"https:\/\/e.kosmolat.eu\/lv\/wp-json\/wp\/v2\/product\/34031","targetHints":{"allow":["GET"]}}],"collection":[{"href":"https:\/\/e.kosmolat.eu\/lv\/wp-json\/wp\/v2\/product"}],"about":[{"href":"https:\/\/e.kosmolat.eu\/lv\/wp-json\/wp\/v2\/types\/product"}],"wp:featuredmedia":[{"embeddable":true,"href":"https:\/\/e.kosmolat.eu\/lv\/wp-json\/wp\/v2\/media\/81194"}],"wp:attachment":[{"href":"https:\/\/e.kosmolat.eu\/lv\/wp-json\/wp\/v2\/media?parent=34031"}],"wp:term":[{"taxonomy":"product_cat","embeddable":true,"href":"https:\/\/e.kosmolat.eu\/lv\/wp-json\/wp\/v2\/product_cat?post=34031"},{"taxonomy":"product_tag","embeddable":true,"href":"https:\/\/e.kosmolat.eu\/lv\/wp-json\/wp\/v2\/product_tag?post=34031"}],"curies":[{"name":"wp","href":"https:\/\/api.w.org\/{rel}","templated":true}]}}