{"id":34027,"date":"2023-12-21T19:30:18","date_gmt":"2023-12-21T19:30:18","guid":{"rendered":"https:\/\/e.kosmolat.eu\/product\/skinlite-serums-peptidi-42-ml\/"},"modified":"2026-04-20T06:14:57","modified_gmt":"2026-04-20T06:14:57","slug":"skinlite-serums-peptidi-42-ml","status":"publish","type":"product","link":"https:\/\/e.kosmolat.eu\/lv\/product\/skinlite-serums-peptidi-42-ml\/","title":{"rendered":"&#8220;Skinlite&#8221; Serums &#8220;Pept\u012bdi&#8221;, 4*2 ml"},"content":{"rendered":"<p>Dzi\u013ca mitrin\u0101\u0161ana un liftings. Sejai, kaklam un dekolt\u0113 zonai. Sniedz intens\u012bvu atjaunojo\u0161u un savelko\u0161u iedarb\u012bbu uz sejas, kakla un dekolt\u0113 zonas \u0101du. Serums akt\u012bvi iedarbojas uz pretnoveco\u0161anas procesiem, efekt\u012bvi atjauno \u0101das tonusu un elast\u012bbu, pie\u0161\u0137ir tai jaunu un svaigu izskatu. Nodro\u0161ina lielisku liftinga efektu. Seruma pretnoveco\u0161anas iedarb\u012bbas pamat\u0101 ir pept\u012bda iedarb\u012bba, kas ir sp\u0113c\u012bga atjaunino\u0161a sast\u0101vda\u013ca, kas veicina \u0101das tonusa paaugstin\u0101\u0161anu un \u0101das atjauno\u0161anas procesa pa\u0101trin\u0101\u0161anu. Pept\u012bdi \u2013 viena no lab\u0101k\u0101m sast\u0101vda\u013c\u0101m m\u016bsdienu kosm\u0113tikas produkcij\u0101. Pept\u012bdu sast\u0101v\u0101 ir simti aminosk\u0101bju, kuri stimul\u0113 person\u012bg\u0101 kolag\u0113na izstr\u0101di, kur\u0161 atbild par \u0101das tvirtumu un elast\u012bbu.\n<\/p>\n<p>Serums acumirkl\u012b ies\u016bcas, intens\u012bvi bag\u0101tina \u0101du, sagatavojot to t\u0101l\u0101kai kop\u0161anai. Pateicoties vieglai tekst\u016brai serums iek\u013c\u016bst dzi\u013ci epiderm\u0101 un notur mitrumu vis\u0101 dienas garum\u0101.\n<\/p>\n<p>Lieto\u0161ana: R\u016bp\u012bgi nomazg\u0101jiet un nosausiniet seju ar dvieli. Viegl\u0101m kust\u012bb\u0101m uzkl\u0101t serumu uz sejas, kakla un dekolt\u0113 \u0101das. Atst\u0101jiet l\u012bdz piln\u012bgi ies\u016bcas. Tiek rekomend\u0113ts uzkl\u0101t k\u0101 b\u0101zes l\u012bdzekli pirms kr\u0113ma vai maskas uzkl\u0101\u0161anas, k\u0101 ar\u012b pievienot kr\u0113miem (mask\u0101m). Serums papildina un pastiprina sejas kop\u0161anas uzkl\u0101jamo l\u012bdzek\u013cu efektu.\n<\/p>\n<p>Lietojiet serumu kursos: pirmais kurss 30 dienas, tad 15 dienu p\u0101rtraukums, tad atk\u0101rtojiet 30 dienu kursu,\n<\/p>\n<p>Piesardz\u012bbas pas\u0101kumi:\n<\/p>\n<p>Izvair\u012bties no lieto\u0161anas uz boj\u0101tas, kairin\u0101tas un apdegu\u0161\u0101s uz saules \u0101das.\n<\/p>\n<p>Nelietot produktu, ja ir jut\u012bba uz k\u0101du no maskas sast\u0101vda\u013c\u0101m. Ja lieto\u0161anas proces\u0101 uz \u0101das rodas aps\u0101rtums un kairin\u0101jums, p\u0101rtrauciet lieto\u0161anu un v\u0113r\u0161aties pie \u0101rsta.\n<\/p>\n<p>Izvair\u012bties no iek\u013c\u016b\u0161anas ac\u012bs, ja iek\u013c\u016bst ac\u012bs noskalojiet ar \u016bdeni.\n<\/p>\n<p>Uzglab\u0101t b\u0113rniem nepieejam\u0101 viet\u0101 temperat\u016br\u0101 no 0 l\u012bdz 25C. Izvair\u0101ties no tie\u0161u saules staru iedarb\u012bbas. Tikai \u0101r\u012bgai lieto\u0161anai! Nenor\u012bt!<\/p>\n","protected":false},"excerpt":{"rendered":"<p>Dzi\u013ca mitrin\u0101\u0161ana un liftings. Sejai, kaklam un dekolt\u0113 zonai. Sniedz intens\u012bvu atjaunojo\u0161u un savelko\u0161u iedarb\u012bbu uz sejas, kakla un dekolt\u0113 zonas \u0101du. Serums akt\u012bvi iedarbojas uz pretnoveco\u0161anas procesiem, efekt\u012bvi atjauno \u0101das tonusu un elast\u012bbu, pie\u0161\u0137ir tai jaunu un svaigu izskatu. Nodro\u0161ina lielisku liftinga efektu. Seruma pretnoveco\u0161anas iedarb\u012bbas pamat\u0101 ir pept\u012bda iedarb\u012bba, kas ir sp\u0113c\u012bga atjaunino\u0161a [&#8230;]\n","protected":false},"featured_media":81190,"template":"","meta":[],"product_cat":[1327],"product_tag":[],"class_list":{"0":"post-34027","1":"product","2":"type-product","3":"status-publish","4":"has-post-thumbnail","6":"product_brand-skinlite","7":"product_cat-serumai","9":"first","10":"outofstock","11":"taxable","12":"shipping-taxable","13":"product-type-simple"},"_links":{"self":[{"href":"https:\/\/e.kosmolat.eu\/lv\/wp-json\/wp\/v2\/product\/34027","targetHints":{"allow":["GET"]}}],"collection":[{"href":"https:\/\/e.kosmolat.eu\/lv\/wp-json\/wp\/v2\/product"}],"about":[{"href":"https:\/\/e.kosmolat.eu\/lv\/wp-json\/wp\/v2\/types\/product"}],"wp:featuredmedia":[{"embeddable":true,"href":"https:\/\/e.kosmolat.eu\/lv\/wp-json\/wp\/v2\/media\/81190"}],"wp:attachment":[{"href":"https:\/\/e.kosmolat.eu\/lv\/wp-json\/wp\/v2\/media?parent=34027"}],"wp:term":[{"taxonomy":"product_cat","embeddable":true,"href":"https:\/\/e.kosmolat.eu\/lv\/wp-json\/wp\/v2\/product_cat?post=34027"},{"taxonomy":"product_tag","embeddable":true,"href":"https:\/\/e.kosmolat.eu\/lv\/wp-json\/wp\/v2\/product_tag?post=34027"}],"curies":[{"name":"wp","href":"https:\/\/api.w.org\/{rel}","templated":true}]}}