{"id":34019,"date":"2023-12-21T19:29:25","date_gmt":"2023-12-21T19:29:25","guid":{"rendered":"https:\/\/e.kosmolat.eu\/product\/skinlite-serums-kolagens-42-ml\/"},"modified":"2026-04-20T12:12:23","modified_gmt":"2026-04-20T12:12:23","slug":"skinlite-serums-kolagens-42-ml","status":"publish","type":"product","link":"https:\/\/e.kosmolat.eu\/lv\/product\/skinlite-serums-kolagens-42-ml\/","title":{"rendered":"&#8220;Skinlite&#8221; Serums &#8220;Kolag\u0113ns&#8221;, 4*2 ml"},"content":{"rendered":"<p>Dzi\u013c\u0101 mitrin\u0101\u0161ana un liftings. Sejai, kaklam un dekolt\u0113. Sniedz intens\u012bvu savelko\u0161u un pretnoveco\u0161an\u0101s iedarb\u012bbu uz sejas, kakla un dekolt\u0113 zonas \u0101du. Iek\u013c\u016bstot \u0101das iek\u0161\u0113jos sl\u0101\u0146us, kolag\u0113ns akt\u012bvi stimul\u0113 \u0161\u016bnu atjauno\u0161anu. Uztur \u016bdens l\u012bdzsvaru sausai un v\u012bsto\u0161ai \u0101dai, izl\u012bdzina krokas un samazina grumbu dzi\u013cumu, uzlabo kr\u0101su un stiprina sejas ov\u0101lu, piem\u012bt izteikts liftinga efekts. Unik\u0101ls atjaunino\u0161s komplekss paaugstina tvirtumu un uzlabo \u0101das tekst\u016bru, padarot to glud\u0101ku un elast\u012bg\u0101ku.\n<\/p>\n<p>Seruma regul\u0101r\u0101 lieto\u0161ana veicina kolag\u0113na saturu paaugstin\u0101\u0161anu \u0101da un akt\u012bvi iedarbojas uz pretnoveco\u0161anas procesiem. Pateicoties seruma vieglai tekst\u016brai t\u016bl\u012bt\u0113ju izs\u016bk\u0161anu, iek\u013c\u016bst dzi\u013cos \u0101das sl\u0101\u0146os, sniedzot atjaunino\u0161u iedarb\u012bbu visas dienas laik\u0101.\n<\/p>\n<p>Lieto\u0161ana: R\u016bp\u012bgi nomazg\u0101jiet un nosausiniet seju ar dvieli. Viegl\u0101m kust\u012bb\u0101m uzkl\u0101t serumu uz sejas, kakla un dekolt\u0113 \u0101das. Atst\u0101jiet l\u012bdz piln\u012bgi ies\u016bcas. Tiek rekomend\u0113ts uzkl\u0101t k\u0101 b\u0101zes l\u012bdzekli pirms kr\u0113ma vai maskas uzkl\u0101\u0161anas, k\u0101 ar\u012b pievienot kr\u0113miem(mask\u0101m). Serums papildina un pastiprina sejas kop\u0161anas uzkl\u0101jamo l\u012bdzek\u013cu efektu.\n<\/p>\n<p>Lietojiet serumu kursos: pirmais kurss 30 dienas, tad 15 dienu p\u0101rtraukums, tad atk\u0101rtojiet 30 dienu kursu,\n<\/p>\n<p>Piesardz\u012bbas pas\u0101kumi:\n<\/p>\n<p>Izvair\u012bties no lieto\u0161anas uz boj\u0101tas, kairin\u0101tas un apdegu\u0161\u0101s uz saules \u0101das.\n<\/p>\n<p>Nelietot produktu, ja ir jut\u012bba uz k\u0101du no maskas sast\u0101vda\u013c\u0101m. Ja lieto\u0161anas proces\u0101 uz \u0101das rodas aps\u0101rtums un kairin\u0101jums, p\u0101rtrauciet lieto\u0161anu un v\u0113r\u0161aties pie \u0101rsta.\n<\/p>\n<p>Izvair\u012bties no iek\u013c\u016b\u0161anas ac\u012bs, ja iek\u013c\u016bst ac\u012bs noskalojiet ar \u016bdeni.\n<\/p>\n<p>Uzglab\u0101t b\u0113rniem nepieejam\u0101 viet\u0101 temperat\u016br\u0101 no 0 l\u012bdz 25C. Izvair\u0101ties no tie\u0161u saules staru iedarb\u012bbas.\n<\/p>\n<p>Tikai \u0101r\u012bgai lieto\u0161anai! Nenor\u012bt!<\/p>\n","protected":false},"excerpt":{"rendered":"<p>Dzi\u013c\u0101 mitrin\u0101\u0161ana un liftings. Sejai, kaklam un dekolt\u0113. Sniedz intens\u012bvu savelko\u0161u un pretnoveco\u0161an\u0101s iedarb\u012bbu uz sejas, kakla un dekolt\u0113 zonas \u0101du. Iek\u013c\u016bstot \u0101das iek\u0161\u0113jos sl\u0101\u0146us, kolag\u0113ns akt\u012bvi stimul\u0113 \u0161\u016bnu atjauno\u0161anu. Uztur \u016bdens l\u012bdzsvaru sausai un v\u012bsto\u0161ai \u0101dai, izl\u012bdzina krokas un samazina grumbu dzi\u013cumu, uzlabo kr\u0101su un stiprina sejas ov\u0101lu, piem\u012bt izteikts liftinga efekts. Unik\u0101ls atjaunino\u0161s [&#8230;]\n","protected":false},"featured_media":81182,"template":"","meta":[],"product_cat":[1327],"product_tag":[],"class_list":{"0":"post-34019","1":"product","2":"type-product","3":"status-publish","4":"has-post-thumbnail","6":"product_brand-skinlite","7":"product_cat-serumai","9":"first","10":"outofstock","11":"taxable","12":"shipping-taxable","13":"product-type-simple"},"_links":{"self":[{"href":"https:\/\/e.kosmolat.eu\/lv\/wp-json\/wp\/v2\/product\/34019","targetHints":{"allow":["GET"]}}],"collection":[{"href":"https:\/\/e.kosmolat.eu\/lv\/wp-json\/wp\/v2\/product"}],"about":[{"href":"https:\/\/e.kosmolat.eu\/lv\/wp-json\/wp\/v2\/types\/product"}],"wp:featuredmedia":[{"embeddable":true,"href":"https:\/\/e.kosmolat.eu\/lv\/wp-json\/wp\/v2\/media\/81182"}],"wp:attachment":[{"href":"https:\/\/e.kosmolat.eu\/lv\/wp-json\/wp\/v2\/media?parent=34019"}],"wp:term":[{"taxonomy":"product_cat","embeddable":true,"href":"https:\/\/e.kosmolat.eu\/lv\/wp-json\/wp\/v2\/product_cat?post=34019"},{"taxonomy":"product_tag","embeddable":true,"href":"https:\/\/e.kosmolat.eu\/lv\/wp-json\/wp\/v2\/product_tag?post=34019"}],"curies":[{"name":"wp","href":"https:\/\/api.w.org\/{rel}","templated":true}]}}