{"id":33971,"date":"2023-12-21T19:25:25","date_gmt":"2023-12-21T19:25:25","guid":{"rendered":"https:\/\/e.kosmolat.eu\/product\/nagu-nazitis-ar-vili-12-7-cm-2134\/"},"modified":"2026-04-10T09:04:50","modified_gmt":"2026-04-10T09:04:50","slug":"divpusejs-kutikulas-nonemsanas-riks-12-7-cm-2134","status":"publish","type":"product","link":"https:\/\/e.kosmolat.eu\/lv\/product\/divpusejs-kutikulas-nonemsanas-riks-12-7-cm-2134\/","title":{"rendered":"Divpus\u0113js kutikulas no\u0146em\u0161anas r\u012bks, 12.7 cm, 2134"},"content":{"rendered":"<\/p>\n","protected":false},"excerpt":{"rendered":"","protected":false},"featured_media":81274,"template":"","meta":[],"product_cat":[1539],"product_tag":[],"class_list":{"0":"post-33971","1":"product","2":"type-product","3":"status-publish","4":"has-post-thumbnail","6":"product_brand-donegal-sp-zo-o-_pl","7":"product_cat-instrumenti-manikiram-un-pedikiram","9":"first","10":"instock","11":"taxable","12":"shipping-taxable","13":"product-type-simple"},"_links":{"self":[{"href":"https:\/\/e.kosmolat.eu\/lv\/wp-json\/wp\/v2\/product\/33971","targetHints":{"allow":["GET"]}}],"collection":[{"href":"https:\/\/e.kosmolat.eu\/lv\/wp-json\/wp\/v2\/product"}],"about":[{"href":"https:\/\/e.kosmolat.eu\/lv\/wp-json\/wp\/v2\/types\/product"}],"wp:featuredmedia":[{"embeddable":true,"href":"https:\/\/e.kosmolat.eu\/lv\/wp-json\/wp\/v2\/media\/81274"}],"wp:attachment":[{"href":"https:\/\/e.kosmolat.eu\/lv\/wp-json\/wp\/v2\/media?parent=33971"}],"wp:term":[{"taxonomy":"product_cat","embeddable":true,"href":"https:\/\/e.kosmolat.eu\/lv\/wp-json\/wp\/v2\/product_cat?post=33971"},{"taxonomy":"product_tag","embeddable":true,"href":"https:\/\/e.kosmolat.eu\/lv\/wp-json\/wp\/v2\/product_tag?post=33971"}],"curies":[{"name":"wp","href":"https:\/\/api.w.org\/{rel}","templated":true}]}}