{"id":33951,"date":"2023-12-21T19:24:07","date_gmt":"2023-12-21T19:24:07","guid":{"rendered":"https:\/\/e.kosmolat.eu\/product\/party-kosmetiskais-konturzimulis-29\/"},"modified":"2025-09-19T17:43:40","modified_gmt":"2025-09-19T17:43:40","slug":"bd-party-kosmetiskais-konturzimulis-29-tonis","status":"publish","type":"product","link":"https:\/\/e.kosmolat.eu\/lv\/product\/bd-party-kosmetiskais-konturzimulis-29-tonis\/","title":{"rendered":"BD Party Kosm\u0113tiskais konturz\u012bmulis, 29 tonis"},"content":{"rendered":"<p>Uzglab\u0101t temperat\u016br\u0101 no -5 &ordm;C l\u012bdz +35 &ordm;C, prom no apkures ier\u012bc\u0113m, sarg\u0101jot no tie&scaron;iem saules stariem.<\/p>\n","protected":false},"excerpt":{"rendered":"<p>Uzglab\u0101t temperat\u016br\u0101 no -5 &ordm;C l\u012bdz +35 &ordm;C, prom no apkures ier\u012bc\u0113m, sarg\u0101jot no tie&scaron;iem saules stariem.<\/p>\n","protected":false},"featured_media":81050,"template":"","meta":[],"product_cat":[1287],"product_tag":[],"class_list":{"0":"post-33951","1":"product","2":"type-product","3":"status-publish","4":"has-post-thumbnail","6":"product_brand-belordizain_by","7":"product_cat-lupu-piestukai","9":"first","10":"outofstock","11":"taxable","12":"shipping-taxable","13":"product-type-simple"},"_links":{"self":[{"href":"https:\/\/e.kosmolat.eu\/lv\/wp-json\/wp\/v2\/product\/33951","targetHints":{"allow":["GET"]}}],"collection":[{"href":"https:\/\/e.kosmolat.eu\/lv\/wp-json\/wp\/v2\/product"}],"about":[{"href":"https:\/\/e.kosmolat.eu\/lv\/wp-json\/wp\/v2\/types\/product"}],"wp:featuredmedia":[{"embeddable":true,"href":"https:\/\/e.kosmolat.eu\/lv\/wp-json\/wp\/v2\/media\/81050"}],"wp:attachment":[{"href":"https:\/\/e.kosmolat.eu\/lv\/wp-json\/wp\/v2\/media?parent=33951"}],"wp:term":[{"taxonomy":"product_cat","embeddable":true,"href":"https:\/\/e.kosmolat.eu\/lv\/wp-json\/wp\/v2\/product_cat?post=33951"},{"taxonomy":"product_tag","embeddable":true,"href":"https:\/\/e.kosmolat.eu\/lv\/wp-json\/wp\/v2\/product_tag?post=33951"}],"curies":[{"name":"wp","href":"https:\/\/api.w.org\/{rel}","templated":true}]}}