{"id":33947,"date":"2023-12-21T19:23:50","date_gmt":"2023-12-21T19:23:50","guid":{"rendered":"https:\/\/e.kosmolat.eu\/product\/lupu-balzams-lip-control-spf\/"},"modified":"2025-09-19T17:43:26","modified_gmt":"2025-09-19T17:43:26","slug":"lupu-balzams-lip-control-spf","status":"publish","type":"product","link":"https:\/\/e.kosmolat.eu\/lv\/product\/lupu-balzams-lip-control-spf\/","title":{"rendered":"L\u016bpu balzams &#8220;Lip control&#8221; SPF"},"content":{"rendered":"<p>Aizsardz\u012bba un mitrin\u0101\u0161ana. L\u016bpu balzams visai \u0123imenei.&nbsp;<br \/>\n&#8211; &Scaron;\u012b sviests<br \/>\n&#8211; Bi\u0161u vasks<br \/>\n&#8211; R\u012bcine\u013c\u013ca<br \/>\nUV-aizsardz\u012bba.<\/p>\n<p>Akt\u012bvo sast\u0101vda\u013cu komplekss baro \u0101du ar vitam\u012bniem, atjauno \u0101das dabisko mitruma l\u012bdzsvaru un aizsarg\u0101 no \u0101r\u0113jo faktoru ietekmes. Acumirkl\u012b m\u012bkstina un baro l\u016bpu maigo \u0101du. SPF faktors aizsarg\u0101 pret saules staru kait\u012bgo ietekmi.<br \/>\n&nbsp;<\/p>\n","protected":false},"excerpt":{"rendered":"<p>Aizsardz\u012bba un mitrin\u0101\u0161ana. L\u016bpu balzams visai \u0123imenei.&nbsp; &#8211; &Scaron;\u012b sviests &#8211; Bi\u0161u vasks &#8211; R\u012bcine\u013c\u013ca UV-aizsardz\u012bba. Akt\u012bvo sast\u0101vda\u013cu komplekss baro \u0101du ar vitam\u012bniem, atjauno \u0101das dabisko mitruma l\u012bdzsvaru un aizsarg\u0101 no \u0101r\u0113jo faktoru ietekmes. Acumirkl\u012b m\u012bkstina un baro l\u016bpu maigo \u0101du. SPF faktors aizsarg\u0101 pret saules staru kait\u012bgo ietekmi. &nbsp;<\/p>\n","protected":false},"featured_media":81046,"template":"","meta":[],"product_cat":[1384],"product_tag":[],"class_list":{"0":"post-33947","1":"product","2":"type-product","3":"status-publish","4":"has-post-thumbnail","6":"product_brand-belordizain_by","7":"product_cat-lupu-balzams","9":"first","10":"outofstock","11":"taxable","12":"shipping-taxable","13":"product-type-simple"},"_links":{"self":[{"href":"https:\/\/e.kosmolat.eu\/lv\/wp-json\/wp\/v2\/product\/33947","targetHints":{"allow":["GET"]}}],"collection":[{"href":"https:\/\/e.kosmolat.eu\/lv\/wp-json\/wp\/v2\/product"}],"about":[{"href":"https:\/\/e.kosmolat.eu\/lv\/wp-json\/wp\/v2\/types\/product"}],"wp:featuredmedia":[{"embeddable":true,"href":"https:\/\/e.kosmolat.eu\/lv\/wp-json\/wp\/v2\/media\/81046"}],"wp:attachment":[{"href":"https:\/\/e.kosmolat.eu\/lv\/wp-json\/wp\/v2\/media?parent=33947"}],"wp:term":[{"taxonomy":"product_cat","embeddable":true,"href":"https:\/\/e.kosmolat.eu\/lv\/wp-json\/wp\/v2\/product_cat?post=33947"},{"taxonomy":"product_tag","embeddable":true,"href":"https:\/\/e.kosmolat.eu\/lv\/wp-json\/wp\/v2\/product_tag?post=33947"}],"curies":[{"name":"wp","href":"https:\/\/api.w.org\/{rel}","templated":true}]}}