{"id":33931,"date":"2023-12-21T19:22:24","date_gmt":"2023-12-21T19:22:24","guid":{"rendered":"https:\/\/e.kosmolat.eu\/product\/dr-s-coconut-hair-maska-300-ml\/"},"modified":"2026-04-23T09:24:17","modified_gmt":"2026-04-23T09:24:17","slug":"dr-s-coconut-hair-maska-300-ml","status":"publish","type":"product","link":"https:\/\/e.kosmolat.eu\/lv\/product\/dr-s-coconut-hair-maska-300-ml\/","title":{"rendered":"&#8220;Dr.S Coconut Hair&#8221; Maska, 300 ml"},"content":{"rendered":"<p>Sausiem un l\u016bsto&scaron;iem matiem.&nbsp;Ekstra mitrin\u0101&scaron;ana.&nbsp;Atjauno&scaron;ana un sp\u012bdums.&nbsp;\u016adens l\u012bdzsvara atjauno&scaron;ana mata iek&scaron;pus\u0113. &Scaron;\u0137elto matu gali\u0146u &ldquo;sal\u012bm\u0113&scaron;ana&rdquo;. Glanc\u0113ts sp\u012bdums.<\/p>\n<p>Uzlabo nov\u0101jin\u0101tu, boj\u0101tu, p\u0101rm\u0113r\u012bgi sausu matu strukt\u016bru un nodro&scaron;ina dzi\u013cu baro&scaron;anu. Pie&scaron;\u0137ir matiem vesel\u012bgu izskatu. Pateicoties kokosriekstu sviesta saturam, efekt\u012bvi kopj galvas \u0101du. Regul\u0101ra maskas lieto&scaron;ana veicina matu stumbra atjauno&scaron;anos.<\/p>\n<p><strong>Lieto&scaron;ana:<\/strong>&nbsp;uzkl\u0101t uz mitriem vai sausiem matiem, atst\u0101t uz 2-3 min\u016bt\u0113m, tad r\u016bp\u012bgi noskalot. Lietot 1-2 reizes ned\u0113\u013c\u0101. \u012apa&scaron;i boj\u0101tiem, nov\u0101jin\u0101tiem matiem ieteicams lietot katr\u0101 galvas mazg\u0101&scaron;anas reiz\u0113.<\/p>\n<p><strong>Piesardz\u012bbas pas\u0101kumi:<\/strong> ja iek\u013c\u016bst ac\u012bs, izskalot ar \u016bdeni. Iesp\u0113jama paaugstin\u0101ta individu\u0101l\u0101 jut\u012bba pret atsevi&scaron;\u0137\u0101m sast\u0101vda\u013c\u0101m.&nbsp;<\/p>\n","protected":false},"excerpt":{"rendered":"<p>Sausiem un l\u016bsto&scaron;iem matiem.&nbsp;Ekstra mitrin\u0101&scaron;ana.&nbsp;Atjauno&scaron;ana un sp\u012bdums.&nbsp;\u016adens l\u012bdzsvara atjauno&scaron;ana mata iek&scaron;pus\u0113. &Scaron;\u0137elto matu gali\u0146u &ldquo;sal\u012bm\u0113&scaron;ana&rdquo;. Glanc\u0113ts sp\u012bdums. Uzlabo nov\u0101jin\u0101tu, boj\u0101tu, p\u0101rm\u0113r\u012bgi sausu matu strukt\u016bru un nodro&scaron;ina dzi\u013cu baro&scaron;anu. Pie&scaron;\u0137ir matiem vesel\u012bgu izskatu. Pateicoties kokosriekstu sviesta saturam, efekt\u012bvi kopj galvas \u0101du. Regul\u0101ra maskas lieto&scaron;ana veicina matu stumbra atjauno&scaron;anos. Lieto&scaron;ana:&nbsp;uzkl\u0101t uz mitriem vai sausiem matiem, atst\u0101t uz [&#8230;]\n","protected":false},"featured_media":80922,"template":"","meta":[],"product_cat":[2181],"product_tag":[],"class_list":{"0":"post-33931","1":"product","2":"type-product","3":"status-publish","4":"has-post-thumbnail","6":"product_brand-elfa_ua","7":"product_cat-bez-kategorijas-lt","9":"first","10":"instock","11":"taxable","12":"shipping-taxable","13":"product-type-simple"},"_links":{"self":[{"href":"https:\/\/e.kosmolat.eu\/lv\/wp-json\/wp\/v2\/product\/33931","targetHints":{"allow":["GET"]}}],"collection":[{"href":"https:\/\/e.kosmolat.eu\/lv\/wp-json\/wp\/v2\/product"}],"about":[{"href":"https:\/\/e.kosmolat.eu\/lv\/wp-json\/wp\/v2\/types\/product"}],"wp:featuredmedia":[{"embeddable":true,"href":"https:\/\/e.kosmolat.eu\/lv\/wp-json\/wp\/v2\/media\/80922"}],"wp:attachment":[{"href":"https:\/\/e.kosmolat.eu\/lv\/wp-json\/wp\/v2\/media?parent=33931"}],"wp:term":[{"taxonomy":"product_cat","embeddable":true,"href":"https:\/\/e.kosmolat.eu\/lv\/wp-json\/wp\/v2\/product_cat?post=33931"},{"taxonomy":"product_tag","embeddable":true,"href":"https:\/\/e.kosmolat.eu\/lv\/wp-json\/wp\/v2\/product_tag?post=33931"}],"curies":[{"name":"wp","href":"https:\/\/api.w.org\/{rel}","templated":true}]}}