{"id":33927,"date":"2023-12-21T19:22:04","date_gmt":"2023-12-21T19:22:04","guid":{"rendered":"https:\/\/e.kosmolat.eu\/product\/dr-s-coconut-hair-balzams-200-ml\/"},"modified":"2026-04-21T07:48:54","modified_gmt":"2026-04-21T07:48:54","slug":"dr-s-coconut-hair-balzams-200-ml","status":"publish","type":"product","link":"https:\/\/e.kosmolat.eu\/lv\/product\/dr-s-coconut-hair-balzams-200-ml\/","title":{"rendered":"&#8220;Dr.S Coconut Hair&#8221; Balzams, 200 ml"},"content":{"rendered":"<p>Bl\u0101vuma nov\u0113r&scaron;ana. M\u012bkstums un gludums. Viegla \u0137emm\u0113&scaron;ana. Balzams mitrina, baro un atjauno boj\u0101tus matus. Pie&scaron;\u0137ir elast\u012bbu, sp\u012bdumu un koptu izskatu, nov\u0113r&scaron; p\u0101rlieku p\u016bkainumu. Nepadara matus smagus un taukainus. Piem\u0113rots pat \u013coti pl\u0101niem matiem.<\/p>\n<p><strong>Lieto&scaron;ana:&nbsp;<\/strong>uzkl\u0101t uz t\u012briem mitriem matiem, izsm\u0113r\u0113t vis\u0101 matu garum\u0101, iz\u0146emot piesak\u0146u zonu. Atst\u0101t uz 2-3 min\u016bt\u0113m, tad r\u016bp\u012bgi nomazg\u0101t. Lietot katr\u0101 mazg\u0101&scaron;anas reiz\u0113.<\/p>\n<p><strong>Piesardz\u012bbas pas\u0101kumi:<\/strong> ja iek\u013c\u016bst ac\u012bs, nomazg\u0101t ar \u016bdeni. Iesp\u0113jama paaugstin\u0101ta individu\u0101l\u0101 jut\u012bba pret atsevi&scaron;\u0137\u0101m sast\u0101vda\u013c\u0101m.<\/p>\n","protected":false},"excerpt":{"rendered":"<p>Bl\u0101vuma nov\u0113r&scaron;ana. M\u012bkstums un gludums. Viegla \u0137emm\u0113&scaron;ana. Balzams mitrina, baro un atjauno boj\u0101tus matus. Pie&scaron;\u0137ir elast\u012bbu, sp\u012bdumu un koptu izskatu, nov\u0113r&scaron; p\u0101rlieku p\u016bkainumu. Nepadara matus smagus un taukainus. Piem\u0113rots pat \u013coti pl\u0101niem matiem. Lieto&scaron;ana:&nbsp;uzkl\u0101t uz t\u012briem mitriem matiem, izsm\u0113r\u0113t vis\u0101 matu garum\u0101, iz\u0146emot piesak\u0146u zonu. Atst\u0101t uz 2-3 min\u016bt\u0113m, tad r\u016bp\u012bgi nomazg\u0101t. Lietot katr\u0101 mazg\u0101&scaron;anas [&#8230;]\n","protected":false},"featured_media":80918,"template":"","meta":[],"product_cat":[1638],"product_tag":[],"class_list":{"0":"post-33927","1":"product","2":"type-product","3":"status-publish","4":"has-post-thumbnail","6":"product_brand-elfa_ua","7":"product_cat-balzami","9":"first","10":"instock","11":"taxable","12":"shipping-taxable","13":"product-type-simple"},"_links":{"self":[{"href":"https:\/\/e.kosmolat.eu\/lv\/wp-json\/wp\/v2\/product\/33927","targetHints":{"allow":["GET"]}}],"collection":[{"href":"https:\/\/e.kosmolat.eu\/lv\/wp-json\/wp\/v2\/product"}],"about":[{"href":"https:\/\/e.kosmolat.eu\/lv\/wp-json\/wp\/v2\/types\/product"}],"wp:featuredmedia":[{"embeddable":true,"href":"https:\/\/e.kosmolat.eu\/lv\/wp-json\/wp\/v2\/media\/80918"}],"wp:attachment":[{"href":"https:\/\/e.kosmolat.eu\/lv\/wp-json\/wp\/v2\/media?parent=33927"}],"wp:term":[{"taxonomy":"product_cat","embeddable":true,"href":"https:\/\/e.kosmolat.eu\/lv\/wp-json\/wp\/v2\/product_cat?post=33927"},{"taxonomy":"product_tag","embeddable":true,"href":"https:\/\/e.kosmolat.eu\/lv\/wp-json\/wp\/v2\/product_tag?post=33927"}],"curies":[{"name":"wp","href":"https:\/\/api.w.org\/{rel}","templated":true}]}}